{"id":216,"date":"2023-06-25T13:38:51","date_gmt":"2023-06-25T13:38:51","guid":{"rendered":"https:\/\/mechmill.com\/?page_id=216"},"modified":"2023-11-23T08:49:22","modified_gmt":"2023-11-23T08:49:22","slug":"engineering-support","status":"publish","type":"page","link":"https:\/\/mechmill.com\/sk\/inzinierska-podpora\/","title":{"rendered":"Technick\u00e1 podpora"},"content":{"rendered":"<div data-elementor-type=\"wp-page\" data-elementor-id=\"216\" class=\"elementor elementor-216\" data-elementor-post-type=\"page\">\n\t\t\t\t\t\t<section class=\"elementor-section elementor-top-section elementor-element elementor-element-45565c5 elementor-section-boxed elementor-section-height-default elementor-section-height-default\" data-id=\"45565c5\" data-element_type=\"section\" data-e-type=\"section\">\n\t\t\t\t\t\t<div class=\"elementor-container elementor-column-gap-default\">\n\t\t\t\t\t<div class=\"elementor-column elementor-col-100 elementor-top-column elementor-element elementor-element-8de9306\" data-id=\"8de9306\" data-element_type=\"column\" data-e-type=\"column\">\n\t\t\t<div class=\"elementor-widget-wrap elementor-element-populated\">\n\t\t\t\t\t\t<div class=\"elementor-element elementor-element-0257999 elementor-widget elementor-widget-wp-widget-bcn_widget\" data-id=\"0257999\" data-element_type=\"widget\" data-e-type=\"widget\" data-widget_type=\"wp-widget-bcn_widget.default\">\n\t\t\t\t<div class=\"elementor-widget-container\">\n\t\t\t\t\t<div class=\"breadcrumbs\" vocab=\"https:\/\/schema.org\/\" typeof=\"BreadcrumbList\"><!-- Breadcrumb NavXT 7.4.1 -->\n<span property=\"itemListElement\" typeof=\"ListItem\"><a property=\"item\" typeof=\"WebPage\" title=\"Prejdite na str\u00e1nku mechmill.com.\" href=\"https:\/\/mechmill.com\/sk\" class=\"home\" aria-current=\"page\"><span property=\"name\">Domov<\/span><\/a><meta property=\"position\" content=\"1\"><\/span><\/div>\t\t\t\t<\/div>\n\t\t\t\t<\/div>\n\t\t\t\t<div class=\"elementor-element elementor-element-f5af3af elementor-widget elementor-widget-heading\" data-id=\"f5af3af\" data-element_type=\"widget\" data-e-type=\"widget\" data-widget_type=\"heading.default\">\n\t\t\t\t<div class=\"elementor-widget-container\">\n\t\t\t\t\t<h1 class=\"elementor-heading-title elementor-size-default\">Technick\u00e1 podpora<\/h1>\t\t\t\t<\/div>\n\t\t\t\t<\/div>\n\t\t\t\t<div class=\"elementor-element elementor-element-90f892c elementor-widget-divider--view-line_icon elementor-widget-divider--element-align-left elementor-view-default elementor-widget elementor-widget-divider\" data-id=\"90f892c\" data-element_type=\"widget\" data-e-type=\"widget\" data-widget_type=\"divider.default\">\n\t\t\t\t<div class=\"elementor-widget-container\">\n\t\t\t\t\t\t\t<div class=\"elementor-divider\">\n\t\t\t<span class=\"elementor-divider-separator\">\n\t\t\t\t\t\t\t<div class=\"elementor-icon elementor-divider__element\">\n\t\t\t\t\t<i aria-hidden=\"true\" class=\"fas fa-ellipsis-h\"><\/i><\/div>\n\t\t\t\t\t\t<\/span>\n\t\t<\/div>\n\t\t\t\t\t\t<\/div>\n\t\t\t\t<\/div>\n\t\t\t\t<section class=\"elementor-section elementor-inner-section elementor-element elementor-element-f10bbb2 elementor-section-boxed elementor-section-height-default elementor-section-height-default\" data-id=\"f10bbb2\" data-element_type=\"section\" data-e-type=\"section\">\n\t\t\t\t\t\t<div class=\"elementor-container elementor-column-gap-wide\">\n\t\t\t\t\t<div class=\"elementor-column elementor-col-100 elementor-inner-column elementor-element elementor-element-d5d80d6\" data-id=\"d5d80d6\" data-element_type=\"column\" data-e-type=\"column\">\n\t\t\t<div class=\"elementor-widget-wrap elementor-element-populated\">\n\t\t\t\t\t\t<div class=\"elementor-element elementor-element-9e1b577 elementor-grid-3 elementor-grid-tablet-2 elementor-grid-mobile-1 elementor-posts--thumbnail-top elementor-widget elementor-widget-posts\" data-id=\"9e1b577\" data-element_type=\"widget\" data-e-type=\"widget\" data-settings=\"{&quot;pagination_type&quot;:&quot;numbers&quot;,&quot;classic_columns&quot;:&quot;3&quot;,&quot;classic_columns_tablet&quot;:&quot;2&quot;,&quot;classic_columns_mobile&quot;:&quot;1&quot;,&quot;classic_row_gap&quot;:{&quot;unit&quot;:&quot;px&quot;,&quot;size&quot;:35,&quot;sizes&quot;:[]},&quot;classic_row_gap_tablet&quot;:{&quot;unit&quot;:&quot;px&quot;,&quot;size&quot;:&quot;&quot;,&quot;sizes&quot;:[]},&quot;classic_row_gap_mobile&quot;:{&quot;unit&quot;:&quot;px&quot;,&quot;size&quot;:&quot;&quot;,&quot;sizes&quot;:[]}}\" data-widget_type=\"posts.classic\">\n\t\t\t\t<div class=\"elementor-widget-container\">\n\t\t\t\t\t\t\t<div class=\"elementor-posts-container elementor-posts elementor-posts--skin-classic elementor-grid\" role=\"list\">\n\t\t\t\t<article class=\"elementor-post elementor-grid-item post-3809 post type-post status-publish format-standard has-post-thumbnail hentry category-blog category-engineering-support\" role=\"listitem\">\n\t\t\t\t<a class=\"elementor-post__thumbnail__link\" href=\"https:\/\/mechmill.com\/sk\/odhalenie-vsestrannosti-dvoch-vysokych-valcovacich-trati-v-priemyselnej-prevadzke-2\/\" tabindex=\"-1\" >\n\t\t\t<div class=\"elementor-post__thumbnail\"><img fetchpriority=\"high\" decoding=\"async\" width=\"300\" height=\"300\" src=\"https:\/\/mechmill.com\/wp-content\/uploads\/2023\/06\/Unveiling-the-Versatility-of-Two-High-Rolling-Mills-in-Industrial-Operations-300x300.jpg\" class=\"attachment-medium size-medium wp-image-2962\" alt=\"Odhalenie v\u0161estrannosti dvoch vysok\u00fdch valcovac\u00edch fr\u00e9z v priemyselnej prev\u00e1dzke\" srcset=\"https:\/\/mechmill.com\/wp-content\/uploads\/2023\/06\/Unveiling-the-Versatility-of-Two-High-Rolling-Mills-in-Industrial-Operations-300x300.jpg 300w, https:\/\/mechmill.com\/wp-content\/uploads\/2023\/06\/Unveiling-the-Versatility-of-Two-High-Rolling-Mills-in-Industrial-Operations-150x150.jpg 150w, https:\/\/mechmill.com\/wp-content\/uploads\/2023\/06\/Unveiling-the-Versatility-of-Two-High-Rolling-Mills-in-Industrial-Operations-768x768.jpg 768w, https:\/\/mechmill.com\/wp-content\/uploads\/2023\/06\/Unveiling-the-Versatility-of-Two-High-Rolling-Mills-in-Industrial-Operations.jpg 1000w\" sizes=\"(max-width: 300px) 100vw, 300px\" \/><\/div>\n\t\t<\/a>\n\t\t\t\t<div class=\"elementor-post__text\">\n\t\t\t\t<h3 class=\"elementor-post__title\">\n\t\t\t<a href=\"https:\/\/mechmill.com\/sk\/odhalenie-vsestrannosti-dvoch-vysokych-valcovacich-trati-v-priemyselnej-prevadzke-2\/\" >\n\t\t\t\tOdhalenie v\u0161estrannosti dvoch vysok\u00fdch valcovac\u00edch fr\u00e9z v priemyselnej prev\u00e1dzke\t\t\t<\/a>\n\t\t<\/h3>\n\t\t\t\t<div class=\"elementor-post__excerpt\">\n\t\t\t<p>Priemyseln\u00e1 krajina na\u0161la svojho neochvejn\u00e9ho spolo\u010dn\u00edka v podobe dvoch vysok\u00fdch valcovac\u00edch trat\u00ed, dynamickej dvojice, ktor\u00e1 bez probl\u00e9mov sp\u00e1ja n\u00e1kladov\u00fa efekt\u00edvnos\u0165 s bezkonkuren\u010dnou v\u0161estrannos\u0165ou. Tento pr\u00edspevok sa zaober\u00e1 zlo\u017eitos\u0165ou dvojv\u00fd\u0161kov\u00fdch valcovac\u00edch trat\u00ed a objas\u0148uje<\/p>\n\t\t<\/div>\n\t\t\n\t\t<a class=\"elementor-post__read-more\" href=\"https:\/\/mechmill.com\/sk\/odhalenie-vsestrannosti-dvoch-vysokych-valcovacich-trati-v-priemyselnej-prevadzke-2\/\" aria-label=\"Read more about Unveiling the Versatility of Two-High Rolling Mills in Industrial Operations\" tabindex=\"-1\" >\n\t\t\tPre\u010d\u00edtajte si viac \"\t\t<\/a>\n\n\t\t\t\t<\/div>\n\t\t\t\t<\/article>\n\t\t\t\t<article class=\"elementor-post elementor-grid-item post-3785 post type-post status-publish format-standard has-post-thumbnail hentry category-blog category-engineering-support\" role=\"listitem\">\n\t\t\t\t<a class=\"elementor-post__thumbnail__link\" href=\"https:\/\/mechmill.com\/sk\/multi-dimensional-silicone-market-outlook-and-silicone-calender-upgrade-direction\/\" tabindex=\"-1\" >\n\t\t\t<div class=\"elementor-post__thumbnail\"><img decoding=\"async\" width=\"300\" height=\"271\" src=\"https:\/\/mechmill.com\/wp-content\/uploads\/2024\/01\/Multi-dimensional-Silicone-Market-Outlook-and-Silicone-Calender-Upgrade-Direction-300x271.jpg\" class=\"attachment-medium size-medium wp-image-3820\" alt=\"Viacrozmern\u00fd v\u00fdh\u013ead na trh so silik\u00f3nom a smer aktualiz\u00e1cie silik\u00f3nov\u00e9ho kalend\u00e1ra\" srcset=\"https:\/\/mechmill.com\/wp-content\/uploads\/2024\/01\/Multi-dimensional-Silicone-Market-Outlook-and-Silicone-Calender-Upgrade-Direction-300x271.jpg 300w, https:\/\/mechmill.com\/wp-content\/uploads\/2024\/01\/Multi-dimensional-Silicone-Market-Outlook-and-Silicone-Calender-Upgrade-Direction-1024x927.jpg 1024w, https:\/\/mechmill.com\/wp-content\/uploads\/2024\/01\/Multi-dimensional-Silicone-Market-Outlook-and-Silicone-Calender-Upgrade-Direction-768x695.jpg 768w, https:\/\/mechmill.com\/wp-content\/uploads\/2024\/01\/Multi-dimensional-Silicone-Market-Outlook-and-Silicone-Calender-Upgrade-Direction-1536x1390.jpg 1536w, https:\/\/mechmill.com\/wp-content\/uploads\/2024\/01\/Multi-dimensional-Silicone-Market-Outlook-and-Silicone-Calender-Upgrade-Direction-2048x1853.jpg 2048w\" sizes=\"(max-width: 300px) 100vw, 300px\" \/><\/div>\n\t\t<\/a>\n\t\t\t\t<div class=\"elementor-post__text\">\n\t\t\t\t<h3 class=\"elementor-post__title\">\n\t\t\t<a href=\"https:\/\/mechmill.com\/sk\/multi-dimensional-silicone-market-outlook-and-silicone-calender-upgrade-direction\/\" >\n\t\t\t\tViacrozmern\u00fd v\u00fdh\u013ead na trh so silik\u00f3nom a smer aktualiz\u00e1cie silik\u00f3nov\u00e9ho kalend\u00e1ra\t\t\t<\/a>\n\t\t<\/h3>\n\t\t\t\t<div class=\"elementor-post__excerpt\">\n\t\t\t<p>\u00davod Silik\u00f3n, univerz\u00e1lny a vysoko v\u00fdkonn\u00fd materi\u00e1l, postupne z\u00edskava na v\u00fdzname v r\u00f4znych priemyseln\u00fdch odvetviach. S technologick\u00fdm pokrokom a rast\u00facim po\u010dtom aplik\u00e1ci\u00ed zost\u00e1vaj\u00fa vyhliadky trhu so silik\u00f3nom s\u013eubn\u00e9. Silik\u00f3nov\u00fd kalander, ako k\u013e\u00fa\u010dov\u00e9 zariadenie v tomto<\/p>\n\t\t<\/div>\n\t\t\n\t\t<a class=\"elementor-post__read-more\" href=\"https:\/\/mechmill.com\/sk\/multi-dimensional-silicone-market-outlook-and-silicone-calender-upgrade-direction\/\" aria-label=\"Read more about Multi-dimensional Silicone Market Outlook and Silicone Calender Upgrade Direction\" tabindex=\"-1\" >\n\t\t\tPre\u010d\u00edtajte si viac \"\t\t<\/a>\n\n\t\t\t\t<\/div>\n\t\t\t\t<\/article>\n\t\t\t\t<article class=\"elementor-post elementor-grid-item post-3660 post type-post status-publish format-standard has-post-thumbnail hentry category-blog category-engineering-support\" role=\"listitem\">\n\t\t\t\t<a class=\"elementor-post__thumbnail__link\" href=\"https:\/\/mechmill.com\/sk\/exploring-the-inner-workings-of-cast-film-machines\/\" tabindex=\"-1\" >\n\t\t\t<div class=\"elementor-post__thumbnail\"><img decoding=\"async\" width=\"300\" height=\"300\" src=\"https:\/\/mechmill.com\/wp-content\/uploads\/2023\/12\/casting-film-machine-detail-300x300.jpg\" class=\"attachment-medium size-medium wp-image-3818\" alt=\"Sk\u00famanie vn\u00fatorn\u00e9ho fungovania strojov na v\u00fdrobu liateho filmu\" srcset=\"https:\/\/mechmill.com\/wp-content\/uploads\/2023\/12\/casting-film-machine-detail-300x300.jpg 300w, https:\/\/mechmill.com\/wp-content\/uploads\/2023\/12\/casting-film-machine-detail-150x150.jpg 150w, https:\/\/mechmill.com\/wp-content\/uploads\/2023\/12\/casting-film-machine-detail-768x768.jpg 768w, https:\/\/mechmill.com\/wp-content\/uploads\/2023\/12\/casting-film-machine-detail.jpg 1000w\" sizes=\"(max-width: 300px) 100vw, 300px\" \/><\/div>\n\t\t<\/a>\n\t\t\t\t<div class=\"elementor-post__text\">\n\t\t\t\t<h3 class=\"elementor-post__title\">\n\t\t\t<a href=\"https:\/\/mechmill.com\/sk\/exploring-the-inner-workings-of-cast-film-machines\/\" >\n\t\t\t\tSk\u00famanie vn\u00fatorn\u00e9ho fungovania strojov na v\u00fdrobu liateho filmu\t\t\t<\/a>\n\t\t<\/h3>\n\t\t\t\t<div class=\"elementor-post__excerpt\">\n\t\t\t<p>1. Z\u00e1kladn\u00e9 kroky oper\u00e1cie Nakladanie materi\u00e1lu Proces vytl\u00e1\u010dania Laminovanie a tvarovanie 2. Komponenty mal\u00e9ho presn\u00e9ho stroja na v\u00fdrobu liatych f\u00f3li\u00ed 2.1 Modul jedno\u0161nekov\u00e9ho vytla\u010dovacieho stroja 2.2 Modul pomocn\u00e9ho vytla\u010dovacieho stroja Laminovac\u00ed valec \u0165ahov\u00fd valec \u0165ahov\u00fd valec<\/p>\n\t\t<\/div>\n\t\t\n\t\t<a class=\"elementor-post__read-more\" href=\"https:\/\/mechmill.com\/sk\/exploring-the-inner-workings-of-cast-film-machines\/\" aria-label=\"Read more about Exploring the Inner Workings of Cast Film Machines\" tabindex=\"-1\" >\n\t\t\tPre\u010d\u00edtajte si viac \"\t\t<\/a>\n\n\t\t\t\t<\/div>\n\t\t\t\t<\/article>\n\t\t\t\t<article class=\"elementor-post elementor-grid-item post-428 post type-post status-publish format-standard has-post-thumbnail hentry category-blog category-engineering-support\" role=\"listitem\">\n\t\t\t\t<a class=\"elementor-post__thumbnail__link\" href=\"https:\/\/mechmill.com\/sk\/unveiling-the-evolution-and-advantages-of-two-roll-mills-in-industrial-manufacturing\/\" tabindex=\"-1\" >\n\t\t\t<div class=\"elementor-post__thumbnail\"><img loading=\"lazy\" decoding=\"async\" width=\"300\" height=\"300\" src=\"https:\/\/mechmill.com\/wp-content\/uploads\/2023\/06\/Unveiling-the-Evolution-and-Advantages-of-Two-Roll-Mills-in-Industrial-Manufacturing-300x300.jpg\" class=\"attachment-medium size-medium wp-image-2959\" alt=\"Odhalenie v\u00fdvoja a v\u00fdhod dvojvalcov\u00fdch fr\u00e9z v priemyselnej v\u00fdrobe\" srcset=\"https:\/\/mechmill.com\/wp-content\/uploads\/2023\/06\/Unveiling-the-Evolution-and-Advantages-of-Two-Roll-Mills-in-Industrial-Manufacturing-300x300.jpg 300w, https:\/\/mechmill.com\/wp-content\/uploads\/2023\/06\/Unveiling-the-Evolution-and-Advantages-of-Two-Roll-Mills-in-Industrial-Manufacturing-150x150.jpg 150w, https:\/\/mechmill.com\/wp-content\/uploads\/2023\/06\/Unveiling-the-Evolution-and-Advantages-of-Two-Roll-Mills-in-Industrial-Manufacturing-768x768.jpg 768w, https:\/\/mechmill.com\/wp-content\/uploads\/2023\/06\/Unveiling-the-Evolution-and-Advantages-of-Two-Roll-Mills-in-Industrial-Manufacturing.jpg 1000w\" sizes=\"(max-width: 300px) 100vw, 300px\" \/><\/div>\n\t\t<\/a>\n\t\t\t\t<div class=\"elementor-post__text\">\n\t\t\t\t<h3 class=\"elementor-post__title\">\n\t\t\t<a href=\"https:\/\/mechmill.com\/sk\/unveiling-the-evolution-and-advantages-of-two-roll-mills-in-industrial-manufacturing\/\" >\n\t\t\t\tOdhalenie v\u00fdvoja a v\u00fdhod dvojvalcov\u00fdch fr\u00e9z v priemyselnej v\u00fdrobe\t\t\t<\/a>\n\t\t<\/h3>\n\t\t\t\t<div class=\"elementor-post__excerpt\">\n\t\t\t<p>V oblasti priemyselnej v\u00fdroby sa dvojvalcov\u00e9 fr\u00e9zy stali nepostr\u00e1date\u013en\u00fdm n\u00e1strojom na spracovanie a tvarovanie r\u00f4znorod\u00fdch materi\u00e1lov. Tento \u010dl\u00e1nok sa zaober\u00e1 historick\u00fdm kontextom, klasifik\u00e1ciou, vlastnos\u0165ami a v\u00fdhodami dvojvalcov\u00fdch fr\u00e9z a objas\u0148uje ich k\u013e\u00fa\u010dov\u00fa \u00falohu v s\u00fa\u010dasn\u00fdch priemyseln\u00fdch procesoch.<\/p>\n\t\t<\/div>\n\t\t\n\t\t<a class=\"elementor-post__read-more\" href=\"https:\/\/mechmill.com\/sk\/unveiling-the-evolution-and-advantages-of-two-roll-mills-in-industrial-manufacturing\/\" aria-label=\"Read more about Unveiling the Evolution and Advantages of Two Roll Mills in Industrial Manufacturing\" tabindex=\"-1\" >\n\t\t\tPre\u010d\u00edtajte si viac \"\t\t<\/a>\n\n\t\t\t\t<\/div>\n\t\t\t\t<\/article>\n\t\t\t\t<\/div>\n\t\t\n\t\t\t\t\t\t<\/div>\n\t\t\t\t<\/div>\n\t\t\t\t\t<\/div>\n\t\t<\/div>\n\t\t\t\t\t<\/div>\n\t\t<\/section>\n\t\t\t\t\t<\/div>\n\t\t<\/div>\n\t\t\t\t\t<\/div>\n\t\t<\/section>\n\t\t\t\t<\/div>","protected":false},"excerpt":{"rendered":"<p>Technick\u00e1 podpora<\/p>","protected":false},"author":1,"featured_media":0,"parent":0,"menu_order":0,"comment_status":"closed","ping_status":"closed","template":"","meta":{"_acf_changed":false,"_seopress_robots_primary_cat":"","_seopress_titles_title":"Mechmill Engineering Support | Precision Solutions for Your Projects","_seopress_titles_desc":"Explore Mechmill&#039;s engineering support services for precision solutions in industrial processes. Our experts are dedicated to enhancing your project&#039;s success.","_seopress_robots_index":"","site-sidebar-layout":"no-sidebar","site-content-layout":"page-builder","ast-site-content-layout":"default","site-content-style":"default","site-sidebar-style":"default","ast-global-header-display":"","ast-banner-title-visibility":"","ast-main-header-display":"","ast-hfb-above-header-display":"","ast-hfb-below-header-display":"","ast-hfb-mobile-header-display":"","site-post-title":"disabled","ast-breadcrumbs-content":"","ast-featured-img":"disabled","footer-sml-layout":"","theme-transparent-header-meta":"","adv-header-id-meta":"","stick-header-meta":"","header-above-stick-meta":"","header-main-stick-meta":"","header-below-stick-meta":"","astra-migrate-meta-layouts":"default","ast-page-background-enabled":"default","ast-page-background-meta":{"desktop":{"background-color":"var(--ast-global-color-4)","background-image":"","background-repeat":"repeat","background-position":"center center","background-size":"auto","background-attachment":"scroll","background-type":"","background-media":"","overlay-type":"","overlay-color":"","overlay-opacity":"","overlay-gradient":""},"tablet":{"background-color":"","background-image":"","background-repeat":"repeat","background-position":"center center","background-size":"auto","background-attachment":"scroll","background-type":"","background-media":"","overlay-type":"","overlay-color":"","overlay-opacity":"","overlay-gradient":""},"mobile":{"background-color":"","background-image":"","background-repeat":"repeat","background-position":"center center","background-size":"auto","background-attachment":"scroll","background-type":"","background-media":"","overlay-type":"","overlay-color":"","overlay-opacity":"","overlay-gradient":""}},"ast-content-background-meta":{"desktop":{"background-color":"var(--ast-global-color-5)","background-image":"","background-repeat":"repeat","background-position":"center center","background-size":"auto","background-attachment":"scroll","background-type":"","background-media":"","overlay-type":"","overlay-color":"","overlay-opacity":"","overlay-gradient":""},"tablet":{"background-color":"var(--ast-global-color-5)","background-image":"","background-repeat":"repeat","background-position":"center center","background-size":"auto","background-attachment":"scroll","background-type":"","background-media":"","overlay-type":"","overlay-color":"","overlay-opacity":"","overlay-gradient":""},"mobile":{"background-color":"var(--ast-global-color-5)","background-image":"","background-repeat":"repeat","background-position":"center center","background-size":"auto","background-attachment":"scroll","background-type":"","background-media":"","overlay-type":"","overlay-color":"","overlay-opacity":"","overlay-gradient":""}},"footnotes":""},"class_list":["post-216","page","type-page","status-publish","hentry"],"acf":[],"_links":{"self":[{"href":"https:\/\/mechmill.com\/sk\/wp-json\/wp\/v2\/pages\/216","targetHints":{"allow":["GET"]}}],"collection":[{"href":"https:\/\/mechmill.com\/sk\/wp-json\/wp\/v2\/pages"}],"about":[{"href":"https:\/\/mechmill.com\/sk\/wp-json\/wp\/v2\/types\/page"}],"author":[{"embeddable":true,"href":"https:\/\/mechmill.com\/sk\/wp-json\/wp\/v2\/users\/1"}],"replies":[{"embeddable":true,"href":"https:\/\/mechmill.com\/sk\/wp-json\/wp\/v2\/comments?post=216"}],"version-history":[{"count":25,"href":"https:\/\/mechmill.com\/sk\/wp-json\/wp\/v2\/pages\/216\/revisions"}],"predecessor-version":[{"id":1385,"href":"https:\/\/mechmill.com\/sk\/wp-json\/wp\/v2\/pages\/216\/revisions\/1385"}],"wp:attachment":[{"href":"https:\/\/mechmill.com\/sk\/wp-json\/wp\/v2\/media?parent=216"}],"curies":[{"name":"wp","href":"https:\/\/api.w.org\/{rel}","templated":true}]}}