{"id":2,"date":"2023-06-25T01:29:45","date_gmt":"2023-06-25T01:29:45","guid":{"rendered":"https:\/\/mechmill.com\/?page_id=2"},"modified":"2023-11-23T08:33:49","modified_gmt":"2023-11-23T08:33:49","slug":"about-us","status":"publish","type":"page","link":"https:\/\/mechmill.com\/ro\/despre-noi\/","title":{"rendered":"Despre noi"},"content":{"rendered":"<div data-elementor-type=\"wp-page\" data-elementor-id=\"2\" class=\"elementor elementor-2\" data-elementor-post-type=\"page\">\n\t\t\t\t\t\t<section class=\"elementor-section elementor-top-section elementor-element elementor-element-29d5d45 elementor-section-boxed elementor-section-height-default elementor-section-height-default\" data-id=\"29d5d45\" data-element_type=\"section\" data-e-type=\"section\">\n\t\t\t\t\t\t<div class=\"elementor-container elementor-column-gap-default\">\n\t\t\t\t\t<div class=\"elementor-column elementor-col-100 elementor-top-column elementor-element elementor-element-8ae9006\" data-id=\"8ae9006\" data-element_type=\"column\" data-e-type=\"column\">\n\t\t\t<div class=\"elementor-widget-wrap elementor-element-populated\">\n\t\t\t\t\t\t<div class=\"elementor-element elementor-element-403541c elementor-widget elementor-widget-wp-widget-bcn_widget\" data-id=\"403541c\" data-element_type=\"widget\" data-e-type=\"widget\" data-widget_type=\"wp-widget-bcn_widget.default\">\n\t\t\t\t<div class=\"elementor-widget-container\">\n\t\t\t\t\t<div class=\"breadcrumbs\" vocab=\"https:\/\/schema.org\/\" typeof=\"BreadcrumbList\"><!-- Breadcrumb NavXT 7.4.1 -->\n<span property=\"itemListElement\" typeof=\"ListItem\"><a property=\"item\" typeof=\"WebPage\" title=\"Accesa\u021bi mechmill.com.\" href=\"https:\/\/mechmill.com\/ro\" class=\"home\" aria-current=\"page\"><span property=\"name\">Acas\u0103<\/span><\/a><meta property=\"position\" content=\"1\"><\/span><\/div>\t\t\t\t<\/div>\n\t\t\t\t<\/div>\n\t\t\t\t<div class=\"elementor-element elementor-element-3c8ab3e elementor-widget elementor-widget-heading\" data-id=\"3c8ab3e\" data-element_type=\"widget\" data-e-type=\"widget\" data-widget_type=\"heading.default\">\n\t\t\t\t<div class=\"elementor-widget-container\">\n\t\t\t\t\t<h1 class=\"elementor-heading-title elementor-size-default\">Despre noi<\/h1>\t\t\t\t<\/div>\n\t\t\t\t<\/div>\n\t\t\t\t<div class=\"elementor-element elementor-element-8cb197e elementor-widget-divider--view-line_icon elementor-widget-divider--element-align-left elementor-view-default elementor-widget elementor-widget-divider\" data-id=\"8cb197e\" data-element_type=\"widget\" data-e-type=\"widget\" data-widget_type=\"divider.default\">\n\t\t\t\t<div class=\"elementor-widget-container\">\n\t\t\t\t\t\t\t<div class=\"elementor-divider\">\n\t\t\t<span class=\"elementor-divider-separator\">\n\t\t\t\t\t\t\t<div class=\"elementor-icon elementor-divider__element\">\n\t\t\t\t\t<i aria-hidden=\"true\" class=\"fas fa-ellipsis-h\"><\/i><\/div>\n\t\t\t\t\t\t<\/span>\n\t\t<\/div>\n\t\t\t\t\t\t<\/div>\n\t\t\t\t<\/div>\n\t\t\t\t<div class=\"elementor-element elementor-element-b9649f8 elementor-widget elementor-widget-image\" data-id=\"b9649f8\" data-element_type=\"widget\" data-e-type=\"widget\" data-widget_type=\"image.default\">\n\t\t\t\t<div class=\"elementor-widget-container\">\n\t\t\t\t\t\t\t\t\t\t\t\t\t\t\t<img fetchpriority=\"high\" decoding=\"async\" width=\"1000\" height=\"413\" src=\"https:\/\/mechmill.com\/wp-content\/uploads\/2023\/08\/Factory.jpg\" class=\"attachment-large size-large wp-image-2532\" alt=\"Fabric\u0103\" srcset=\"https:\/\/mechmill.com\/wp-content\/uploads\/2023\/08\/Factory.jpg 1000w, https:\/\/mechmill.com\/wp-content\/uploads\/2023\/08\/Factory-300x124.jpg 300w, https:\/\/mechmill.com\/wp-content\/uploads\/2023\/08\/Factory-768x317.jpg 768w\" sizes=\"(max-width: 1000px) 100vw, 1000px\" \/>\t\t\t\t\t\t\t\t\t\t\t\t\t\t\t<\/div>\n\t\t\t\t<\/div>\n\t\t\t\t<div class=\"elementor-element elementor-element-c2e78ee elementor-widget elementor-widget-text-editor\" data-id=\"c2e78ee\" data-element_type=\"widget\" data-e-type=\"widget\" data-widget_type=\"text-editor.default\">\n\t\t\t\t<div class=\"elementor-widget-container\">\n\t\t\t\t\t\t\t\t\t<h2>S\u0103 ne prezent\u0103m...<\/h2><p>Excelen\u021b\u0103 stabilit\u0103 din 2010:<\/p><p>Bine a\u021bi venit la MechMill, un produc\u0103tor de top de utilaje industriale de precizie cu sediul \u00een Dongguan, China. Cu o mo\u0219tenire de peste un deceniu, suntem specializa\u021bi \u00een crearea de echipamente inovatoare, inclusiv ma\u0219ini de vulcanizare, extrudere \u0219i multe altele. Angajamentul nostru fa\u021b\u0103 de precizie \u0219i m\u0103iestrie \u00een inginerie este de neclintit. Explora\u021bi viitorul produc\u021biei cu MechMill.<\/p><h3>Ce ne diferen\u021biaz\u0103?<\/h3><p>La MechMill, ne specializ\u0103m \u00een crearea de utilaje excep\u021bionale adaptate nevoilor diferitelor industrii. \u00cen calitate de produc\u0103tor de top, suntem dedica\u021bi furniz\u0103rii de solu\u021bii de nivel superior pentru clien\u021bii care caut\u0103 utilaje de \u00eenalt\u0103 calitate. Gama noastr\u0103 de produse cuprinde o gam\u0103 divers\u0103 de ma\u0219ini de precizie, inclusiv echipamente de vulcanizare, calandre, ma\u0219ini de laborator pentru filme suflate, extrudere de laborator, ma\u0219ini de laborator pentru amestecare, laminoare de mici dimensiuni \u0219i ma\u0219ini de mici dimensiuni pentru turnare prin injec\u021bie. Cu m\u00e2ndrie, proiect\u0103m \u0219i fabric\u0103m toate utilajele noastre in-house, asigur\u00e2ndu-ne c\u0103 fiecare pies\u0103 poart\u0103 marca angajamentului nostru fa\u021b\u0103 de excelen\u021b\u0103.<\/p><h3>Ce v\u0103 putem oferi?<\/h3><p>Cu o mo\u0219tenire de peste 25 de ani \u00een industrie, aducem o bog\u0103\u021bie de cuno\u0219tin\u021be \u0219i experien\u021b\u0103 la fiecare proiect pe care \u00eel \u00eentreprindem. Scopul nostru este de a furniza ma\u0219ini de cea mai \u00eenalt\u0103 calitate, sus\u021binute de expertiz\u0103 tehnic\u0103 \u0219i servicii pentru clien\u021bi de neegalat. La MechMill, men\u021binem pre\u021buri competitive, \u00een timp ce nu facem niciodat\u0103 compromisuri \u00een ceea ce prive\u0219te calitatea \u0219i precizia ofertelor noastre. Cu utilajele noastre, ob\u021bine\u021bi un partener dedicat ridic\u0103rii capacit\u0103\u021bilor dvs. industriale.<\/p><h3>Misiunea noastr\u0103:<\/h3><p>Misiunea MechMill este de a proiecta echipamente industriale care nu numai c\u0103 \u00eendeplinesc, ci \u0219i dep\u0103\u0219esc a\u0219tept\u0103rile dumneavoastr\u0103. Ne angaj\u0103m s\u0103 devenim punctul dumneavoastr\u0103 de referin\u021b\u0103 pentru satisfac\u021bie prin proiectarea \u0219i crearea de utilaje adaptate exact nevoilor dumneavoastr\u0103.<\/p><p>Echipa noastr\u0103 pasionat\u0103 de la MechMill \u00eembr\u0103\u021bi\u0219eaz\u0103 din toat\u0103 inima \u0219i \u00eentruchipeaz\u0103 aceast\u0103 misiune, asigur\u00e2ndu-se c\u0103 aceasta ghideaz\u0103 fiecare aspect al opera\u021biunilor noastre zilnice.<\/p><p>Al\u0103tura\u021bi-v\u0103 nou\u0103 \u00een c\u0103l\u0103toria noastr\u0103 c\u0103tre inova\u021bie \u0219i excelen\u021b\u0103. Experimenta\u021bi diferen\u021ba MechMill - unde ingineria de precizie \u00eent\u00e2lne\u0219te angajamentul fa\u021b\u0103 de client.<\/p>\t\t\t\t\t\t\t\t<\/div>\n\t\t\t\t<\/div>\n\t\t\t\t\t<\/div>\n\t\t<\/div>\n\t\t\t\t\t<\/div>\n\t\t<\/section>\n\t\t\t\t<\/div>","protected":false},"excerpt":{"rendered":"<p>About Us Let Us Introduce Ourselves&#8230; Established Excellence Since 2010: Welcome to MechMill, a leading manufacturer of precision industrial machinery based in Dongguan, China. With over a decade of legacy, we specialize in crafting innovative equipment, including vulcanization machines, extruders, and more. Our commitment to precision and engineering mastery is unwavering. Explore the future of [&hellip;]<\/p>","protected":false},"author":1,"featured_media":0,"parent":0,"menu_order":0,"comment_status":"closed","ping_status":"open","template":"","meta":{"_acf_changed":false,"_seopress_robots_primary_cat":"","_seopress_titles_title":"About Mechmill - Your Reliable Two Roll Mill Supplier","_seopress_titles_desc":"Learn about Mechmill, a factory specializing in two roll mills. We offer technical expertise, quality, and competitive pricing. Discover our story.","_seopress_robots_index":"","site-sidebar-layout":"no-sidebar","site-content-layout":"page-builder","ast-site-content-layout":"default","site-content-style":"default","site-sidebar-style":"default","ast-global-header-display":"","ast-banner-title-visibility":"","ast-main-header-display":"","ast-hfb-above-header-display":"","ast-hfb-below-header-display":"","ast-hfb-mobile-header-display":"","site-post-title":"disabled","ast-breadcrumbs-content":"","ast-featured-img":"disabled","footer-sml-layout":"","theme-transparent-header-meta":"","adv-header-id-meta":"","stick-header-meta":"","header-above-stick-meta":"","header-main-stick-meta":"","header-below-stick-meta":"","astra-migrate-meta-layouts":"default","ast-page-background-enabled":"default","ast-page-background-meta":{"desktop":{"background-color":"var(--ast-global-color-4)","background-image":"","background-repeat":"repeat","background-position":"center center","background-size":"auto","background-attachment":"scroll","background-type":"","background-media":"","overlay-type":"","overlay-color":"","overlay-opacity":"","overlay-gradient":""},"tablet":{"background-color":"","background-image":"","background-repeat":"repeat","background-position":"center center","background-size":"auto","background-attachment":"scroll","background-type":"","background-media":"","overlay-type":"","overlay-color":"","overlay-opacity":"","overlay-gradient":""},"mobile":{"background-color":"","background-image":"","background-repeat":"repeat","background-position":"center center","background-size":"auto","background-attachment":"scroll","background-type":"","background-media":"","overlay-type":"","overlay-color":"","overlay-opacity":"","overlay-gradient":""}},"ast-content-background-meta":{"desktop":{"background-color":"var(--ast-global-color-5)","background-image":"","background-repeat":"repeat","background-position":"center center","background-size":"auto","background-attachment":"scroll","background-type":"","background-media":"","overlay-type":"","overlay-color":"","overlay-opacity":"","overlay-gradient":""},"tablet":{"background-color":"var(--ast-global-color-5)","background-image":"","background-repeat":"repeat","background-position":"center center","background-size":"auto","background-attachment":"scroll","background-type":"","background-media":"","overlay-type":"","overlay-color":"","overlay-opacity":"","overlay-gradient":""},"mobile":{"background-color":"var(--ast-global-color-5)","background-image":"","background-repeat":"repeat","background-position":"center center","background-size":"auto","background-attachment":"scroll","background-type":"","background-media":"","overlay-type":"","overlay-color":"","overlay-opacity":"","overlay-gradient":""}},"footnotes":""},"class_list":["post-2","page","type-page","status-publish","hentry"],"acf":[],"_links":{"self":[{"href":"https:\/\/mechmill.com\/ro\/wp-json\/wp\/v2\/pages\/2","targetHints":{"allow":["GET"]}}],"collection":[{"href":"https:\/\/mechmill.com\/ro\/wp-json\/wp\/v2\/pages"}],"about":[{"href":"https:\/\/mechmill.com\/ro\/wp-json\/wp\/v2\/types\/page"}],"author":[{"embeddable":true,"href":"https:\/\/mechmill.com\/ro\/wp-json\/wp\/v2\/users\/1"}],"replies":[{"embeddable":true,"href":"https:\/\/mechmill.com\/ro\/wp-json\/wp\/v2\/comments?post=2"}],"version-history":[{"count":94,"href":"https:\/\/mechmill.com\/ro\/wp-json\/wp\/v2\/pages\/2\/revisions"}],"predecessor-version":[{"id":2549,"href":"https:\/\/mechmill.com\/ro\/wp-json\/wp\/v2\/pages\/2\/revisions\/2549"}],"wp:attachment":[{"href":"https:\/\/mechmill.com\/ro\/wp-json\/wp\/v2\/media?parent=2"}],"curies":[{"name":"wp","href":"https:\/\/api.w.org\/{rel}","templated":true}]}}