{"id":2,"date":"2023-06-25T01:29:45","date_gmt":"2023-06-25T01:29:45","guid":{"rendered":"https:\/\/mechmill.com\/?page_id=2"},"modified":"2023-11-23T08:33:49","modified_gmt":"2023-11-23T08:33:49","slug":"about-us","status":"publish","type":"page","link":"https:\/\/mechmill.com\/pl\/o-nas\/","title":{"rendered":"O nas"},"content":{"rendered":"<div data-elementor-type=\"wp-page\" data-elementor-id=\"2\" class=\"elementor elementor-2\" data-elementor-post-type=\"page\">\n\t\t\t\t\t\t<section class=\"elementor-section elementor-top-section elementor-element elementor-element-29d5d45 elementor-section-boxed elementor-section-height-default elementor-section-height-default\" data-id=\"29d5d45\" data-element_type=\"section\" data-e-type=\"section\">\n\t\t\t\t\t\t<div class=\"elementor-container elementor-column-gap-default\">\n\t\t\t\t\t<div class=\"elementor-column elementor-col-100 elementor-top-column elementor-element elementor-element-8ae9006\" data-id=\"8ae9006\" data-element_type=\"column\" data-e-type=\"column\">\n\t\t\t<div class=\"elementor-widget-wrap elementor-element-populated\">\n\t\t\t\t\t\t<div class=\"elementor-element elementor-element-403541c elementor-widget elementor-widget-wp-widget-bcn_widget\" data-id=\"403541c\" data-element_type=\"widget\" data-e-type=\"widget\" data-widget_type=\"wp-widget-bcn_widget.default\">\n\t\t\t\t<div class=\"elementor-widget-container\">\n\t\t\t\t\t<div class=\"breadcrumbs\" vocab=\"https:\/\/schema.org\/\" typeof=\"BreadcrumbList\"><!-- Breadcrumb NavXT 7.4.1 -->\n<span property=\"itemListElement\" typeof=\"ListItem\"><a property=\"item\" typeof=\"WebPage\" title=\"Wejd\u017a na mechmill.com.\" href=\"https:\/\/mechmill.com\/pl\" class=\"home\" aria-current=\"page\"><span property=\"name\">Strona g\u0142\u00f3wna<\/span><\/a><meta property=\"position\" content=\"1\"><\/span><\/div>\t\t\t\t<\/div>\n\t\t\t\t<\/div>\n\t\t\t\t<div class=\"elementor-element elementor-element-3c8ab3e elementor-widget elementor-widget-heading\" data-id=\"3c8ab3e\" data-element_type=\"widget\" data-e-type=\"widget\" data-widget_type=\"heading.default\">\n\t\t\t\t<div class=\"elementor-widget-container\">\n\t\t\t\t\t<h1 class=\"elementor-heading-title elementor-size-default\">O nas<\/h1>\t\t\t\t<\/div>\n\t\t\t\t<\/div>\n\t\t\t\t<div class=\"elementor-element elementor-element-8cb197e elementor-widget-divider--view-line_icon elementor-widget-divider--element-align-left elementor-view-default elementor-widget elementor-widget-divider\" data-id=\"8cb197e\" data-element_type=\"widget\" data-e-type=\"widget\" data-widget_type=\"divider.default\">\n\t\t\t\t<div class=\"elementor-widget-container\">\n\t\t\t\t\t\t\t<div class=\"elementor-divider\">\n\t\t\t<span class=\"elementor-divider-separator\">\n\t\t\t\t\t\t\t<div class=\"elementor-icon elementor-divider__element\">\n\t\t\t\t\t<i aria-hidden=\"true\" class=\"fas fa-ellipsis-h\"><\/i><\/div>\n\t\t\t\t\t\t<\/span>\n\t\t<\/div>\n\t\t\t\t\t\t<\/div>\n\t\t\t\t<\/div>\n\t\t\t\t<div class=\"elementor-element elementor-element-b9649f8 elementor-widget elementor-widget-image\" data-id=\"b9649f8\" data-element_type=\"widget\" data-e-type=\"widget\" data-widget_type=\"image.default\">\n\t\t\t\t<div class=\"elementor-widget-container\">\n\t\t\t\t\t\t\t\t\t\t\t\t\t\t\t<img fetchpriority=\"high\" decoding=\"async\" width=\"1000\" height=\"413\" src=\"https:\/\/mechmill.com\/wp-content\/uploads\/2023\/08\/Factory.jpg\" class=\"attachment-large size-large wp-image-2532\" alt=\"Fabryka\" srcset=\"https:\/\/mechmill.com\/wp-content\/uploads\/2023\/08\/Factory.jpg 1000w, https:\/\/mechmill.com\/wp-content\/uploads\/2023\/08\/Factory-300x124.jpg 300w, https:\/\/mechmill.com\/wp-content\/uploads\/2023\/08\/Factory-768x317.jpg 768w\" sizes=\"(max-width: 1000px) 100vw, 1000px\" \/>\t\t\t\t\t\t\t\t\t\t\t\t\t\t\t<\/div>\n\t\t\t\t<\/div>\n\t\t\t\t<div class=\"elementor-element elementor-element-c2e78ee elementor-widget elementor-widget-text-editor\" data-id=\"c2e78ee\" data-element_type=\"widget\" data-e-type=\"widget\" data-widget_type=\"text-editor.default\">\n\t\t\t\t<div class=\"elementor-widget-container\">\n\t\t\t\t\t\t\t\t\t<h2>Przedstawmy si\u0119...<\/h2><p>Ugruntowana doskona\u0142o\u015b\u0107 od 2010 roku:<\/p><p>Witamy w MechMill, wiod\u0105cym producencie precyzyjnych maszyn przemys\u0142owych z siedzib\u0105 w Dongguan w Chinach. Dzi\u0119ki ponad dziesi\u0119cioletniemu do\u015bwiadczeniu specjalizujemy si\u0119 w tworzeniu innowacyjnego sprz\u0119tu, w tym maszyn wulkanizacyjnych, wyt\u0142aczarek i innych. Nasze zaanga\u017cowanie w precyzj\u0119 i mistrzostwo in\u017cynieryjne jest niezachwiane. Poznaj przysz\u0142o\u015b\u0107 produkcji z MechMill.<\/p><h3>Co nas wyr\u00f3\u017cnia?<\/h3><p>W MechMill specjalizujemy si\u0119 w tworzeniu wyj\u0105tkowych maszyn dostosowanych do potrzeb r\u00f3\u017cnych bran\u017c. Jako wiod\u0105cy producent, naszym celem jest dostarczanie najwy\u017cszej jako\u015bci rozwi\u0105za\u0144 klientom poszukuj\u0105cym wysokiej jako\u015bci maszyn. Nasza gama produkt\u00f3w obejmuje zr\u00f3\u017cnicowany wachlarz precyzyjnych maszyn, w tym sprz\u0119t do wulkanizacji, kalandry, laboratoryjne maszyny do rozdmuchiwania folii, wyt\u0142aczarki laboratoryjne, laboratoryjne maszyny mieszaj\u0105ce, ma\u0142e walcarki i ma\u0142e wtryskarki. Z dum\u0105 projektujemy i produkujemy wszystkie nasze maszyny we w\u0142asnym zakresie, zapewniaj\u0105c, \u017ce ka\u017cdy element nosi znak naszego zaanga\u017cowania w doskona\u0142o\u015b\u0107.<\/p><h3>Co mo\u017cemy zaoferowa\u0107?<\/h3><p>Dzi\u0119ki ponad 25-letniemu do\u015bwiadczeniu w bran\u017cy, wnosimy bogactwo wiedzy i do\u015bwiadczenia do ka\u017cdego projektu, kt\u00f3rego si\u0119 podejmujemy. Naszym celem jest dostarczanie maszyn najwy\u017cszej jako\u015bci, popartych wiedz\u0105 techniczn\u0105 i bezkonkurencyjn\u0105 obs\u0142ug\u0105 klienta. W MechMill utrzymujemy konkurencyjne ceny, jednocze\u015bnie nigdy nie rezygnuj\u0105c z jako\u015bci i precyzji naszej oferty. Dzi\u0119ki naszym maszynom zyskujesz partnera zaanga\u017cowanego w zwi\u0119kszanie Twoich mo\u017cliwo\u015bci przemys\u0142owych.<\/p><h3>Nasza misja:<\/h3><p>Misj\u0105 MechMill jest projektowanie urz\u0105dze\u0144 przemys\u0142owych, kt\u00f3re nie tylko spe\u0142niaj\u0105, ale i przekraczaj\u0105 oczekiwania klient\u00f3w. D\u0105\u017cymy do tego, aby sta\u0107 si\u0119 punktem odniesienia dla satysfakcji klienta poprzez projektowanie i tworzenie maszyn dostosowanych dok\u0142adnie do jego potrzeb.<\/p><p>Nasz pe\u0142en pasji zesp\u00f3\u0142 w MechMill z ca\u0142ego serca przyjmuje i uciele\u015bnia t\u0119 misj\u0119, zapewniaj\u0105c, \u017ce kieruje ona ka\u017cdym aspektem naszej codziennej dzia\u0142alno\u015bci.<\/p><p>Do\u0142\u0105cz do nas w naszej podr\u00f3\u017cy ku innowacyjno\u015bci i doskona\u0142o\u015bci. Poznaj r\u00f3\u017cnic\u0119 MechMill - gdzie in\u017cynieria precyzyjna spotyka si\u0119 z zaanga\u017cowaniem klienta.<\/p>\t\t\t\t\t\t\t\t<\/div>\n\t\t\t\t<\/div>\n\t\t\t\t\t<\/div>\n\t\t<\/div>\n\t\t\t\t\t<\/div>\n\t\t<\/section>\n\t\t\t\t<\/div>","protected":false},"excerpt":{"rendered":"<p>About Us Let Us Introduce Ourselves&#8230; Established Excellence Since 2010: Welcome to MechMill, a leading manufacturer of precision industrial machinery based in Dongguan, China. With over a decade of legacy, we specialize in crafting innovative equipment, including vulcanization machines, extruders, and more. Our commitment to precision and engineering mastery is unwavering. Explore the future of [&hellip;]<\/p>","protected":false},"author":1,"featured_media":0,"parent":0,"menu_order":0,"comment_status":"closed","ping_status":"open","template":"","meta":{"_acf_changed":false,"_seopress_robots_primary_cat":"","_seopress_titles_title":"About Mechmill - Your Reliable Two Roll Mill Supplier","_seopress_titles_desc":"Learn about Mechmill, a factory specializing in two roll mills. We offer technical expertise, quality, and competitive pricing. Discover our story.","_seopress_robots_index":"","site-sidebar-layout":"no-sidebar","site-content-layout":"page-builder","ast-site-content-layout":"default","site-content-style":"default","site-sidebar-style":"default","ast-global-header-display":"","ast-banner-title-visibility":"","ast-main-header-display":"","ast-hfb-above-header-display":"","ast-hfb-below-header-display":"","ast-hfb-mobile-header-display":"","site-post-title":"disabled","ast-breadcrumbs-content":"","ast-featured-img":"disabled","footer-sml-layout":"","theme-transparent-header-meta":"","adv-header-id-meta":"","stick-header-meta":"","header-above-stick-meta":"","header-main-stick-meta":"","header-below-stick-meta":"","astra-migrate-meta-layouts":"default","ast-page-background-enabled":"default","ast-page-background-meta":{"desktop":{"background-color":"var(--ast-global-color-4)","background-image":"","background-repeat":"repeat","background-position":"center center","background-size":"auto","background-attachment":"scroll","background-type":"","background-media":"","overlay-type":"","overlay-color":"","overlay-opacity":"","overlay-gradient":""},"tablet":{"background-color":"","background-image":"","background-repeat":"repeat","background-position":"center center","background-size":"auto","background-attachment":"scroll","background-type":"","background-media":"","overlay-type":"","overlay-color":"","overlay-opacity":"","overlay-gradient":""},"mobile":{"background-color":"","background-image":"","background-repeat":"repeat","background-position":"center center","background-size":"auto","background-attachment":"scroll","background-type":"","background-media":"","overlay-type":"","overlay-color":"","overlay-opacity":"","overlay-gradient":""}},"ast-content-background-meta":{"desktop":{"background-color":"var(--ast-global-color-5)","background-image":"","background-repeat":"repeat","background-position":"center center","background-size":"auto","background-attachment":"scroll","background-type":"","background-media":"","overlay-type":"","overlay-color":"","overlay-opacity":"","overlay-gradient":""},"tablet":{"background-color":"var(--ast-global-color-5)","background-image":"","background-repeat":"repeat","background-position":"center center","background-size":"auto","background-attachment":"scroll","background-type":"","background-media":"","overlay-type":"","overlay-color":"","overlay-opacity":"","overlay-gradient":""},"mobile":{"background-color":"var(--ast-global-color-5)","background-image":"","background-repeat":"repeat","background-position":"center center","background-size":"auto","background-attachment":"scroll","background-type":"","background-media":"","overlay-type":"","overlay-color":"","overlay-opacity":"","overlay-gradient":""}},"footnotes":""},"class_list":["post-2","page","type-page","status-publish","hentry"],"acf":[],"_links":{"self":[{"href":"https:\/\/mechmill.com\/pl\/wp-json\/wp\/v2\/pages\/2","targetHints":{"allow":["GET"]}}],"collection":[{"href":"https:\/\/mechmill.com\/pl\/wp-json\/wp\/v2\/pages"}],"about":[{"href":"https:\/\/mechmill.com\/pl\/wp-json\/wp\/v2\/types\/page"}],"author":[{"embeddable":true,"href":"https:\/\/mechmill.com\/pl\/wp-json\/wp\/v2\/users\/1"}],"replies":[{"embeddable":true,"href":"https:\/\/mechmill.com\/pl\/wp-json\/wp\/v2\/comments?post=2"}],"version-history":[{"count":94,"href":"https:\/\/mechmill.com\/pl\/wp-json\/wp\/v2\/pages\/2\/revisions"}],"predecessor-version":[{"id":2549,"href":"https:\/\/mechmill.com\/pl\/wp-json\/wp\/v2\/pages\/2\/revisions\/2549"}],"wp:attachment":[{"href":"https:\/\/mechmill.com\/pl\/wp-json\/wp\/v2\/media?parent=2"}],"curies":[{"name":"wp","href":"https:\/\/api.w.org\/{rel}","templated":true}]}}