{"id":3298,"date":"2023-12-12T02:55:48","date_gmt":"2023-12-12T02:55:48","guid":{"rendered":"https:\/\/mechmill.com\/?post_type=product&#038;p=3298"},"modified":"2023-12-22T07:24:19","modified_gmt":"2023-12-22T07:24:19","slug":"precision-five-roll-calender-sf-1350","status":"publish","type":"product","link":"https:\/\/mechmill.com\/lv\/products\/precizijas-piecu-rullu-kalandrs-sf-1350\/","title":{"rendered":"Piecu ru\u013c\u013cu kalandru ma\u0161\u012bna SF-1350"},"content":{"rendered":"<div data-elementor-type=\"wp-post\" data-elementor-id=\"3298\" class=\"elementor elementor-3298\" data-elementor-post-type=\"product\">\n\t\t\t\t\t\t<section class=\"elementor-section elementor-top-section elementor-element elementor-element-4deec3a elementor-section-boxed elementor-section-height-default elementor-section-height-default\" data-id=\"4deec3a\" data-element_type=\"section\" data-e-type=\"section\">\n\t\t\t\t\t\t<div class=\"elementor-container elementor-column-gap-default\">\n\t\t\t\t\t<div class=\"elementor-column elementor-col-100 elementor-top-column elementor-element elementor-element-1b8edb6\" data-id=\"1b8edb6\" data-element_type=\"column\" data-e-type=\"column\">\n\t\t\t<div class=\"elementor-widget-wrap elementor-element-populated\">\n\t\t\t\t\t\t<div class=\"elementor-element elementor-element-8d0031b elementor-widget elementor-widget-wp-widget-bcn_widget\" data-id=\"8d0031b\" data-element_type=\"widget\" data-e-type=\"widget\" data-widget_type=\"wp-widget-bcn_widget.default\">\n\t\t\t\t<div class=\"elementor-widget-container\">\n\t\t\t\t\t<div class=\"breadcrumbs\" vocab=\"https:\/\/schema.org\/\" typeof=\"BreadcrumbList\"><!-- Breadcrumb NavXT 7.4.1 -->\n<span property=\"itemListElement\" typeof=\"ListItem\"><a property=\"item\" typeof=\"WebPage\" title=\"Dodieties uz mechmill.com.\" href=\"https:\/\/mechmill.com\/lv\" class=\"home\" aria-current=\"page\"><span property=\"name\">S\u0101kums<\/span><\/a><meta property=\"position\" content=\"1\"><\/span><\/div>\t\t\t\t<\/div>\n\t\t\t\t<\/div>\n\t\t\t\t<div class=\"elementor-element elementor-element-5037658 elementor-widget elementor-widget-heading\" data-id=\"5037658\" data-element_type=\"widget\" data-e-type=\"widget\" data-widget_type=\"heading.default\">\n\t\t\t\t<div class=\"elementor-widget-container\">\n\t\t\t\t\t<h1 class=\"elementor-heading-title elementor-size-default\">Piecu ru\u013c\u013cu kalandru ma\u0161\u012bna SF-1350<\/h1>\t\t\t\t<\/div>\n\t\t\t\t<\/div>\n\t\t\t\t<div class=\"elementor-element elementor-element-67333d7 elementor-widget-divider--view-line_icon elementor-widget-divider--element-align-left elementor-view-default elementor-widget elementor-widget-divider\" data-id=\"67333d7\" data-element_type=\"widget\" data-e-type=\"widget\" data-widget_type=\"divider.default\">\n\t\t\t\t<div class=\"elementor-widget-container\">\n\t\t\t\t\t\t\t<div class=\"elementor-divider\">\n\t\t\t<span class=\"elementor-divider-separator\">\n\t\t\t\t\t\t\t<div class=\"elementor-icon elementor-divider__element\">\n\t\t\t\t\t<i aria-hidden=\"true\" class=\"fas fa-ellipsis-h\"><\/i><\/div>\n\t\t\t\t\t\t<\/span>\n\t\t<\/div>\n\t\t\t\t\t\t<\/div>\n\t\t\t\t<\/div>\n\t\t\t\t<section class=\"elementor-section elementor-inner-section elementor-element elementor-element-7e9048e elementor-section-boxed elementor-section-height-default elementor-section-height-default\" data-id=\"7e9048e\" data-element_type=\"section\" data-e-type=\"section\">\n\t\t\t\t\t\t<div class=\"elementor-container elementor-column-gap-default\">\n\t\t\t\t\t<div class=\"elementor-column elementor-col-50 elementor-inner-column elementor-element elementor-element-5b2efd3\" data-id=\"5b2efd3\" data-element_type=\"column\" data-e-type=\"column\">\n\t\t\t<div class=\"elementor-widget-wrap elementor-element-populated\">\n\t\t\t\t\t\t<div class=\"elementor-element elementor-element-8b03a2b elementor-skin-slideshow elementor-arrows-yes elementor-widget elementor-widget-media-carousel\" data-id=\"8b03a2b\" data-element_type=\"widget\" data-e-type=\"widget\" data-settings=\"{&quot;skin&quot;:&quot;slideshow&quot;,&quot;effect&quot;:&quot;slide&quot;,&quot;show_arrows&quot;:&quot;yes&quot;,&quot;speed&quot;:500,&quot;autoplay&quot;:&quot;yes&quot;,&quot;autoplay_speed&quot;:5000,&quot;loop&quot;:&quot;yes&quot;,&quot;pause_on_hover&quot;:&quot;yes&quot;,&quot;pause_on_interaction&quot;:&quot;yes&quot;,&quot;space_between&quot;:{&quot;unit&quot;:&quot;px&quot;,&quot;size&quot;:10,&quot;sizes&quot;:[]},&quot;space_between_tablet&quot;:{&quot;unit&quot;:&quot;px&quot;,&quot;size&quot;:10,&quot;sizes&quot;:[]},&quot;space_between_mobile&quot;:{&quot;unit&quot;:&quot;px&quot;,&quot;size&quot;:10,&quot;sizes&quot;:[]}}\" data-widget_type=\"media-carousel.default\">\n\t\t\t\t<div class=\"elementor-widget-container\">\n\t\t\t\t\t\t\t\t\t<div class=\"elementor-swiper\">\n\t\t\t\t\t<div class=\"elementor-main-swiper swiper\" role=\"region\" aria-roledescription=\"carousel\" aria-label=\"Slides\">\n\t\t\t\t<div class=\"swiper-wrapper\">\n\t\t\t\t\t\t\t\t\t\t\t<div class=\"swiper-slide\" role=\"group\" aria-roledescription=\"slide\">\n\t\t\t\t\t\t\t\t\t<div class=\"elementor-carousel-image\" role=\"img\" aria-label=\"Piecu ru\u013c\u013cu dzirnavas\" style=\"background-image: url(&#039;https:\/\/mechmill.com\/wp-content\/uploads\/2023\/12\/Five-Roll-Mill-SF-1350.png&#039;)\">\n\n\t\t\t\n\t\t\t\t\t<\/div>\n\t\t\t\t\t\t\t\t<\/div>\n\t\t\t\t\t\t\t\t\t<\/div>\n\t\t\t\t\t\t\t<\/div>\n\t\t\t\t<\/div>\n\t\t\t\t\t\t\t\t<\/div>\n\t\t\t\t<\/div>\n\t\t\t\t\t<\/div>\n\t\t<\/div>\n\t\t\t\t<div class=\"elementor-column elementor-col-50 elementor-inner-column elementor-element elementor-element-cc8ab6c\" data-id=\"cc8ab6c\" data-element_type=\"column\" data-e-type=\"column\">\n\t\t\t<div class=\"elementor-widget-wrap elementor-element-populated\">\n\t\t\t\t\t\t<div class=\"elementor-element elementor-element-b8ce87e elementor-widget elementor-widget-text-editor\" data-id=\"b8ce87e\" data-element_type=\"widget\" data-e-type=\"widget\" data-widget_type=\"text-editor.default\">\n\t\t\t\t<div class=\"elementor-widget-container\">\n\t\t\t\t\t\t\t\t\t<p>Iepaz\u012bstin\u0101m ar m\u016bsu SF-1350 prec\u012bzo piecu rull\u012b\u0161u kalandru, kas \u012bpa\u0161i izstr\u0101d\u0101ts prec\u012bzai t\u0101du materi\u0101lu k\u0101 KE951, 931 gaismas aizsargl\u012bdzek\u013cu pl\u0113ves, silikona gaismas aizsargl\u012bdzek\u013cu pl\u0113ves un silikona gumijas loksnes kalandr\u0113\u0161anai. \u0160\u012b modern\u0101 iek\u0101rta ir izstr\u0101d\u0101ta, lai iev\u0113rojami uzlabotu ra\u017eo\u0161anas efektivit\u0101ti, samazin\u0101tu darbasp\u0113ka izmaksas un paaugstin\u0101tu izstr\u0101d\u0101jumu kvalit\u0101ti.<\/p>\t\t\t\t\t\t\t\t<\/div>\n\t\t\t\t<\/div>\n\t\t\t\t<div class=\"elementor-element elementor-element-fedc3bd elementor-widget elementor-widget-button\" data-id=\"fedc3bd\" data-element_type=\"widget\" data-e-type=\"widget\" data-widget_type=\"button.default\">\n\t\t\t\t<div class=\"elementor-widget-container\">\n\t\t\t\t\t\t\t\t\t<div class=\"elementor-button-wrapper\">\n\t\t\t\t\t<a class=\"elementor-button elementor-button-link elementor-size-sm\" href=\"#enquiry-form\">\n\t\t\t\t\t\t<span class=\"elementor-button-content-wrapper\">\n\t\t\t\t\t\t<span class=\"elementor-button-icon\">\n\t\t\t\t<i aria-hidden=\"true\" class=\"far fa-envelope\"><\/i>\t\t\t<\/span>\n\t\t\t\t\t\t\t\t\t<span class=\"elementor-button-text\">Piepras\u012bjums<\/span>\n\t\t\t\t\t<\/span>\n\t\t\t\t\t<\/a>\n\t\t\t\t<\/div>\n\t\t\t\t\t\t\t\t<\/div>\n\t\t\t\t<\/div>\n\t\t\t\t\t<\/div>\n\t\t<\/div>\n\t\t\t\t\t<\/div>\n\t\t<\/section>\n\t\t\t\t\t<\/div>\n\t\t<\/div>\n\t\t\t\t\t<\/div>\n\t\t<\/section>\n\t\t\t\t<section class=\"elementor-section elementor-top-section elementor-element elementor-element-c3fff17 elementor-section-content-middle elementor-section-boxed elementor-section-height-default elementor-section-height-default\" data-id=\"c3fff17\" data-element_type=\"section\" data-e-type=\"section\" data-settings=\"{&quot;background_background&quot;:&quot;classic&quot;}\">\n\t\t\t\t\t\t<div class=\"elementor-container elementor-column-gap-default\">\n\t\t\t\t\t<div class=\"elementor-column elementor-col-50 elementor-top-column elementor-element elementor-element-973dfe1\" data-id=\"973dfe1\" data-element_type=\"column\" data-e-type=\"column\">\n\t\t\t<div class=\"elementor-widget-wrap elementor-element-populated\">\n\t\t\t\t\t\t<div class=\"elementor-element elementor-element-b1ef4fc elementor-widget elementor-widget-heading\" data-id=\"b1ef4fc\" data-element_type=\"widget\" data-e-type=\"widget\" data-widget_type=\"heading.default\">\n\t\t\t\t<div class=\"elementor-widget-container\">\n\t\t\t\t\t<span class=\"elementor-heading-title elementor-size-default\">Atkl\u0101jiet procesu un iek\u0101rtu risin\u0101jumus jau tagad<\/span>\t\t\t\t<\/div>\n\t\t\t\t<\/div>\n\t\t\t\t\t<\/div>\n\t\t<\/div>\n\t\t\t\t<div class=\"elementor-column elementor-col-50 elementor-top-column elementor-element elementor-element-c287812\" data-id=\"c287812\" data-element_type=\"column\" data-e-type=\"column\">\n\t\t\t<div class=\"elementor-widget-wrap elementor-element-populated\">\n\t\t\t\t\t\t<div class=\"elementor-element elementor-element-4bb9933 elementor-align-left elementor-widget elementor-widget-button\" data-id=\"4bb9933\" data-element_type=\"widget\" data-e-type=\"widget\" data-widget_type=\"button.default\">\n\t\t\t\t<div class=\"elementor-widget-container\">\n\t\t\t\t\t\t\t\t\t<div class=\"elementor-button-wrapper\">\n\t\t\t\t\t<a class=\"elementor-button elementor-button-link elementor-size-md\" href=\"https:\/\/mechmill.com\/lv\/jautajiet-ekspertam\/\">\n\t\t\t\t\t\t<span class=\"elementor-button-content-wrapper\">\n\t\t\t\t\t\t\t\t\t<span class=\"elementor-button-text\">Sazinieties ar ekspertu<\/span>\n\t\t\t\t\t<\/span>\n\t\t\t\t\t<\/a>\n\t\t\t\t<\/div>\n\t\t\t\t\t\t\t\t<\/div>\n\t\t\t\t<\/div>\n\t\t\t\t\t<\/div>\n\t\t<\/div>\n\t\t\t\t\t<\/div>\n\t\t<\/section>\n\t\t\t\t<section class=\"elementor-section elementor-top-section elementor-element elementor-element-2bc38df elementor-section-boxed elementor-section-height-default elementor-section-height-default\" data-id=\"2bc38df\" data-element_type=\"section\" data-e-type=\"section\">\n\t\t\t\t\t\t<div class=\"elementor-container elementor-column-gap-default\">\n\t\t\t\t\t<div class=\"elementor-column elementor-col-100 elementor-top-column elementor-element elementor-element-70c4247\" data-id=\"70c4247\" data-element_type=\"column\" data-e-type=\"column\">\n\t\t\t<div class=\"elementor-widget-wrap elementor-element-populated\">\n\t\t\t\t\t\t<div class=\"elementor-element elementor-element-1ff9e5f elementor-widget elementor-widget-heading\" data-id=\"1ff9e5f\" data-element_type=\"widget\" data-e-type=\"widget\" data-widget_type=\"heading.default\">\n\t\t\t\t<div class=\"elementor-widget-container\">\n\t\t\t\t\t<h3 class=\"elementor-heading-title elementor-size-default\">Funkcija<\/h3>\t\t\t\t<\/div>\n\t\t\t\t<\/div>\n\t\t\t\t<div class=\"elementor-element elementor-element-7bdb374 elementor-widget elementor-widget-text-editor\" data-id=\"7bdb374\" data-element_type=\"widget\" data-e-type=\"widget\" data-widget_type=\"text-editor.default\">\n\t\t\t\t<div class=\"elementor-widget-container\">\n\t\t\t\t\t\t\t\t\t<ul><li><p><strong>Augstas kvalit\u0101tes le\u0123\u0113t\u0101 t\u0113rauda ru\u013c\u013ci:<\/strong> M\u016bsu kalandri izmanto le\u0123\u0113t\u0101 t\u0113rauda ru\u013c\u013cus, kas nodro\u0161ina kalandr\u0113\u0161anas procesa iztur\u012bbu un precizit\u0101ti.<\/p><\/li><li><p><strong>Temperat\u016bras kontrole ar pel\u0113juma sild\u012b\u0161anu:<\/strong> Apr\u012bkojums nodro\u0161ina presformas temperat\u016bras ma\u0161\u012bnu e\u013c\u013cas sild\u012b\u0161anu, nodro\u0161inot prec\u012bzu kalandr\u0113\u0161anas apst\u0101k\u013cu kontroli, lai sasniegtu optim\u0101lus rezult\u0101tus.<\/p><\/li><li><p><strong>Kompakts izm\u0113rs:<\/strong> SF-1350 ir izstr\u0101d\u0101ts, dom\u0101jot par efektivit\u0101ti, un tam ir kompakts izm\u0113rs, kas \u013cauj optimiz\u0113t vietu j\u016bsu ra\u017eotn\u0113.<\/p><\/li><li><p><strong>Lietot\u0101jam draudz\u012bga darb\u012bba:<\/strong> \u0160is kalend\u0101rs ar vienk\u0101r\u0161u darb\u012bbas saskarni ir viegli lietojams, l\u012bdz minimumam samazinot operatoru m\u0101c\u012b\u0161an\u0101s procesu.<\/p><\/li><li><p><strong>Augstas precizit\u0101tes kalandr\u0113\u0161ana:<\/strong> Sasniedziet izcilu precizit\u0101ti kalandr\u0113\u0161anas proces\u0101, nodro\u0161inot nemain\u012bgu galaproduktu kvalit\u0101ti.<\/p><\/li><li><p><strong>Integr\u0113ta garuma m\u0113r\u012b\u0161anas ier\u012bce:<\/strong> Kalandrs ir apr\u012bkots ar garuma m\u0113r\u012b\u0161anas ier\u012bci, kas atvieglo prec\u012bzu ra\u017eo\u0161anas kontroli.<\/p><\/li><\/ul>\t\t\t\t\t\t\t\t<\/div>\n\t\t\t\t<\/div>\n\t\t\t\t<div class=\"elementor-element elementor-element-d1f723f elementor-widget elementor-widget-heading\" data-id=\"d1f723f\" data-element_type=\"widget\" data-e-type=\"widget\" data-widget_type=\"heading.default\">\n\t\t\t\t<div class=\"elementor-widget-container\">\n\t\t\t\t\t<h3 class=\"elementor-heading-title elementor-size-default\">Specifik\u0101cija<\/h3>\t\t\t\t<\/div>\n\t\t\t\t<\/div>\n\t\t\t\t<div class=\"elementor-element elementor-element-2eb90da elementor-widget elementor-widget-shortcode\" data-id=\"2eb90da\" data-element_type=\"widget\" data-e-type=\"widget\" data-widget_type=\"shortcode.default\">\n\t\t\t\t<div class=\"elementor-widget-container\">\n\t\t\t\t\t\t\t<div class=\"elementor-shortcode\">\n<table id=\"tablepress-44\" class=\"tablepress tablepress-id-44\">\n<thead>\n<tr class=\"row-1\">\n\t<th class=\"column-1\">Modelis<\/th><th class=\"column-2\">SF-1350<\/th>\n<\/tr>\n<\/thead>\n<tbody class=\"row-striping row-hover\">\n<tr class=\"row-2\">\n\t<td class=\"column-1\">Rites \u0101trums<\/td><td class=\"column-2\">0 - 8 metri min\u016bt\u0113<\/td>\n<\/tr>\n<tr class=\"row-3\">\n\t<td class=\"column-1\">Velm\u0113\u0161anas biezums<\/td><td class=\"column-2\">0,2 - 6 mm<\/td>\n<\/tr>\n<tr class=\"row-4\">\n\t<td class=\"column-1\">Biezuma pielaide<\/td><td class=\"column-2\">\u00b1 0,01 mm<\/td>\n<\/tr>\n<tr class=\"row-5\">\n\t<td class=\"column-1\">Baro\u0161anas \u0101trums<\/td><td class=\"column-2\">0 - 6 metri min\u016bt\u0113<\/td>\n<\/tr>\n<tr class=\"row-6\">\n\t<td class=\"column-1\">Rull\u012b\u0161a platums<\/td><td class=\"column-2\">1350 mm<\/td>\n<\/tr>\n<tr class=\"row-7\">\n\t<td class=\"column-1\">Power<\/td><td class=\"column-2\">32KW<\/td>\n<\/tr>\n<tr class=\"row-8\">\n\t<td class=\"column-1\">Spriegums<\/td><td class=\"column-2\">380V<\/td>\n<\/tr>\n<tr class=\"row-9\">\n\t<td class=\"column-1\">Parasts nospiedums<\/td><td class=\"column-2\">Garums 2600 mm, platums 2500 mm, augstums 1720 mm<\/td>\n<\/tr>\n<\/tbody>\n<\/table>\n<\/div>\n\t\t\t\t\t\t<\/div>\n\t\t\t\t<\/div>\n\t\t\t\t<div class=\"elementor-element elementor-element-eee6f81 elementor-widget elementor-widget-heading\" data-id=\"eee6f81\" data-element_type=\"widget\" data-e-type=\"widget\" id=\"enquiry-form\" data-widget_type=\"heading.default\">\n\t\t\t\t<div class=\"elementor-widget-container\">\n\t\t\t\t\t<h3 class=\"elementor-heading-title elementor-size-default\">Piepras\u012bjums<\/h3>\t\t\t\t<\/div>\n\t\t\t\t<\/div>\n\t\t\t\t<div class=\"elementor-element elementor-element-a72ff16 elementor-widget elementor-widget-shortcode\" data-id=\"a72ff16\" data-element_type=\"widget\" data-e-type=\"widget\" data-widget_type=\"shortcode.default\">\n\t\t\t\t<div class=\"elementor-widget-container\">\n\t\t\t\t\t\t\t<div class=\"elementor-shortcode\">\n<div class=\"wpcf7 no-js\" id=\"wpcf7-f483-o1\" lang=\"en-US\" dir=\"ltr\" data-wpcf7-id=\"483\">\n<div class=\"screen-reader-response\"><p role=\"status\" aria-live=\"polite\" aria-atomic=\"true\"><\/p> <ul><\/ul><\/div>\n<form action=\"\/lv\/wp-json\/wp\/v2\/product\/3298#wpcf7-f483-o1\" method=\"post\" class=\"wpcf7-form init\" aria-label=\"Contact form\" novalidate=\"novalidate\" data-status=\"init\" data-trp-original-action=\"\/lv\/wp-json\/wp\/v2\/product\/3298#wpcf7-f483-o1\">\n<fieldset class=\"hidden-fields-container\"><input type=\"hidden\" name=\"_wpcf7\" value=\"483\" \/><input type=\"hidden\" name=\"_wpcf7_version\" value=\"6.1.5\" \/><input type=\"hidden\" name=\"_wpcf7_locale\" value=\"en_US\" \/><input type=\"hidden\" name=\"_wpcf7_unit_tag\" value=\"wpcf7-f483-o1\" \/><input type=\"hidden\" name=\"_wpcf7_container_post\" value=\"0\" \/><input type=\"hidden\" name=\"_wpcf7_posted_data_hash\" value=\"\" \/>\n<\/fieldset>\n<div class=\"one-half form-content\">\n\t<p><label><span class=\"wpcf7-form-control-wrap\" data-name=\"your-name\"><input size=\"40\" maxlength=\"400\" class=\"wpcf7-form-control wpcf7-text\" autocomplete=\"name\" aria-invalid=\"false\" placeholder=\"J\u016bsu v\u0101rds\" value=\"\" type=\"text\" name=\"your-name\" \/><\/span><\/label>\n\t<\/p>\n<\/div>\n<div class=\"one-half form-content\">\n\t<p><label><span class=\"wpcf7-form-control-wrap\" data-name=\"your-email\"><input size=\"40\" maxlength=\"400\" class=\"wpcf7-form-control wpcf7-email wpcf7-validates-as-required wpcf7-text wpcf7-validates-as-email\" autocomplete=\"email\" aria-required=\"true\" aria-invalid=\"false\" placeholder=\"J\u016bsu e-pasta adrese*\" value=\"\" type=\"email\" name=\"your-email\" \/><\/span><\/label>\n\t<\/p>\n<\/div>\n<div class=\"one form-content\">\n\t<p><label><span class=\"wpcf7-form-control-wrap\" data-name=\"your-subject\"><input size=\"40\" maxlength=\"400\" class=\"wpcf7-form-control wpcf7-text\" aria-invalid=\"false\" placeholder=\"Temats\" value=\"\" type=\"text\" name=\"your-subject\" \/><\/span><\/label>\n\t<\/p>\n<\/div>\n<div class=\"one form-content\">\n\t<p><label><span class=\"wpcf7-form-control-wrap\" data-name=\"your-message\"><textarea cols=\"40\" rows=\"2\" maxlength=\"2000\" class=\"wpcf7-form-control wpcf7-textarea wpcf7-validates-as-required\" aria-required=\"true\" aria-invalid=\"false\" placeholder=\"Zi\u0146a*\" name=\"your-message\"><\/textarea><\/span><\/label>\n\t<\/p>\n<\/div>\n<p><input class=\"wpcf7-form-control wpcf7-submit has-spinner\" type=\"submit\" value=\"Iesniegt\" \/><br \/>\n<script>\ndocument.addEventListener( 'wpcf7mailsent', function( event ) {\n location = 'https:\/\/mechmill.com\/thank-you\/';\n}, false );\n<\/script>\n<\/p><div class=\"wpcf7-response-output\" aria-hidden=\"true\"><\/div>\n<input type=\"hidden\" name=\"trp-form-language\" value=\"lv\"\/><\/form>\n<\/div>\n<\/div>\n\t\t\t\t\t\t<\/div>\n\t\t\t\t<\/div>\n\t\t\t\t\t<\/div>\n\t\t<\/div>\n\t\t\t\t\t<\/div>\n\t\t<\/section>\n\t\t\t\t<section class=\"elementor-section elementor-top-section elementor-element elementor-element-1df9cf4 elementor-section-boxed elementor-section-height-default elementor-section-height-default\" data-id=\"1df9cf4\" data-element_type=\"section\" data-e-type=\"section\">\n\t\t\t\t\t\t<div class=\"elementor-container elementor-column-gap-default\">\n\t\t\t\t\t<div class=\"elementor-column elementor-col-100 elementor-top-column elementor-element elementor-element-8b91868\" data-id=\"8b91868\" data-element_type=\"column\" data-e-type=\"column\">\n\t\t\t<div class=\"elementor-widget-wrap elementor-element-populated\">\n\t\t\t\t\t\t<section class=\"elementor-section elementor-inner-section elementor-element elementor-element-69843cf elementor-section-boxed elementor-section-height-default elementor-section-height-default\" data-id=\"69843cf\" data-element_type=\"section\" data-e-type=\"section\">\n\t\t\t\t\t\t<div class=\"elementor-container elementor-column-gap-default\">\n\t\t\t\t\t<div class=\"elementor-column elementor-col-50 elementor-inner-column elementor-element elementor-element-054145e\" data-id=\"054145e\" data-element_type=\"column\" data-e-type=\"column\">\n\t\t\t<div class=\"elementor-widget-wrap\">\n\t\t\t\t\t\t\t<\/div>\n\t\t<\/div>\n\t\t\t\t<div class=\"elementor-column elementor-col-50 elementor-inner-column elementor-element elementor-element-3f41aaa\" data-id=\"3f41aaa\" data-element_type=\"column\" data-e-type=\"column\">\n\t\t\t<div class=\"elementor-widget-wrap\">\n\t\t\t\t\t\t\t<\/div>\n\t\t<\/div>\n\t\t\t\t\t<\/div>\n\t\t<\/section>\n\t\t\t\t\t<\/div>\n\t\t<\/div>\n\t\t\t\t\t<\/div>\n\t\t<\/section>\n\t\t\t\t<\/div>","protected":false},"excerpt":{"rendered":"<p>Introducing our SF-1350 Precision Five-Roll Calender, designed specifically for the precision calendering of materials such as KE951, 931 light-shielding films, silicone light-shielding films, and silicone rubber sheets. This state-of-the-art equipment is engineered to significantly enhance production efficiency, reduce labor costs, and elevate product quality. Enquiry Discover Process and Equipment Solutions Now Talk to Expert Feature [&hellip;]<\/p>","protected":false},"author":1,"featured_media":3452,"menu_order":0,"comment_status":"closed","ping_status":"closed","template":"","meta":{"_acf_changed":false,"_seopress_robots_primary_cat":"","_seopress_titles_title":"Five Roll Calender Machine | Mechmill","_seopress_titles_desc":"Elevate production with Five Roll Calender Machine. Ideal for KE951, 931 films, silicone shielding, rubber sheets. Quality rolls, precise control. Contact us!","_seopress_robots_index":"","site-sidebar-layout":"no-sidebar","site-content-layout":"page-builder","ast-site-content-layout":"default","site-content-style":"default","site-sidebar-style":"default","ast-global-header-display":"","ast-banner-title-visibility":"","ast-main-header-display":"","ast-hfb-above-header-display":"","ast-hfb-below-header-display":"","ast-hfb-mobile-header-display":"","site-post-title":"disabled","ast-breadcrumbs-content":"","ast-featured-img":"disabled","footer-sml-layout":"","theme-transparent-header-meta":"","adv-header-id-meta":"","stick-header-meta":"","header-above-stick-meta":"","header-main-stick-meta":"","header-below-stick-meta":"","astra-migrate-meta-layouts":"default","ast-page-background-enabled":"default","ast-page-background-meta":{"desktop":{"background-color":"var(--ast-global-color-4)","background-image":"","background-repeat":"repeat","background-position":"center center","background-size":"auto","background-attachment":"scroll","background-type":"","background-media":"","overlay-type":"","overlay-color":"","overlay-opacity":"","overlay-gradient":""},"tablet":{"background-color":"","background-image":"","background-repeat":"repeat","background-position":"center center","background-size":"auto","background-attachment":"scroll","background-type":"","background-media":"","overlay-type":"","overlay-color":"","overlay-opacity":"","overlay-gradient":""},"mobile":{"background-color":"","background-image":"","background-repeat":"repeat","background-position":"center center","background-size":"auto","background-attachment":"scroll","background-type":"","background-media":"","overlay-type":"","overlay-color":"","overlay-opacity":"","overlay-gradient":""}},"ast-content-background-meta":{"desktop":{"background-color":"var(--ast-global-color-5)","background-image":"","background-repeat":"repeat","background-position":"center center","background-size":"auto","background-attachment":"scroll","background-type":"","background-media":"","overlay-type":"","overlay-color":"","overlay-opacity":"","overlay-gradient":""},"tablet":{"background-color":"var(--ast-global-color-5)","background-image":"","background-repeat":"repeat","background-position":"center center","background-size":"auto","background-attachment":"scroll","background-type":"","background-media":"","overlay-type":"","overlay-color":"","overlay-opacity":"","overlay-gradient":""},"mobile":{"background-color":"var(--ast-global-color-5)","background-image":"","background-repeat":"repeat","background-position":"center center","background-size":"auto","background-attachment":"scroll","background-type":"","background-media":"","overlay-type":"","overlay-color":"","overlay-opacity":"","overlay-gradient":""}}},"product_category":[22],"product_tag":[69,71],"class_list":["post-3298","product","type-product","status-publish","has-post-thumbnail","hentry","product_category-two-roll-mill","product_tag-plastic-raw-materials","product_tag-rubber"],"acf":[],"_links":{"self":[{"href":"https:\/\/mechmill.com\/lv\/wp-json\/wp\/v2\/product\/3298","targetHints":{"allow":["GET"]}}],"collection":[{"href":"https:\/\/mechmill.com\/lv\/wp-json\/wp\/v2\/product"}],"about":[{"href":"https:\/\/mechmill.com\/lv\/wp-json\/wp\/v2\/types\/product"}],"author":[{"embeddable":true,"href":"https:\/\/mechmill.com\/lv\/wp-json\/wp\/v2\/users\/1"}],"replies":[{"embeddable":true,"href":"https:\/\/mechmill.com\/lv\/wp-json\/wp\/v2\/comments?post=3298"}],"version-history":[{"count":14,"href":"https:\/\/mechmill.com\/lv\/wp-json\/wp\/v2\/product\/3298\/revisions"}],"predecessor-version":[{"id":3564,"href":"https:\/\/mechmill.com\/lv\/wp-json\/wp\/v2\/product\/3298\/revisions\/3564"}],"wp:featuredmedia":[{"embeddable":true,"href":"https:\/\/mechmill.com\/lv\/wp-json\/wp\/v2\/media\/3452"}],"wp:attachment":[{"href":"https:\/\/mechmill.com\/lv\/wp-json\/wp\/v2\/media?parent=3298"}],"wp:term":[{"taxonomy":"product_category","embeddable":true,"href":"https:\/\/mechmill.com\/lv\/wp-json\/wp\/v2\/product_category?post=3298"},{"taxonomy":"product_tag","embeddable":true,"href":"https:\/\/mechmill.com\/lv\/wp-json\/wp\/v2\/product_tag?post=3298"}],"curies":[{"name":"wp","href":"https:\/\/api.w.org\/{rel}","templated":true}]}}