{"id":216,"date":"2023-06-25T13:38:51","date_gmt":"2023-06-25T13:38:51","guid":{"rendered":"https:\/\/mechmill.com\/?page_id=216"},"modified":"2023-11-23T08:49:22","modified_gmt":"2023-11-23T08:49:22","slug":"engineering-support","status":"publish","type":"page","link":"https:\/\/mechmill.com\/lv\/inzeniertehniskais-atbalsts\/","title":{"rendered":"In\u017eeniertehniskais atbalsts"},"content":{"rendered":"<div data-elementor-type=\"wp-page\" data-elementor-id=\"216\" class=\"elementor elementor-216\" data-elementor-post-type=\"page\">\n\t\t\t\t\t\t<section class=\"elementor-section elementor-top-section elementor-element elementor-element-45565c5 elementor-section-boxed elementor-section-height-default elementor-section-height-default\" data-id=\"45565c5\" data-element_type=\"section\" data-e-type=\"section\">\n\t\t\t\t\t\t<div class=\"elementor-container elementor-column-gap-default\">\n\t\t\t\t\t<div class=\"elementor-column elementor-col-100 elementor-top-column elementor-element elementor-element-8de9306\" data-id=\"8de9306\" data-element_type=\"column\" data-e-type=\"column\">\n\t\t\t<div class=\"elementor-widget-wrap elementor-element-populated\">\n\t\t\t\t\t\t<div class=\"elementor-element elementor-element-0257999 elementor-widget elementor-widget-wp-widget-bcn_widget\" data-id=\"0257999\" data-element_type=\"widget\" data-e-type=\"widget\" data-widget_type=\"wp-widget-bcn_widget.default\">\n\t\t\t\t<div class=\"elementor-widget-container\">\n\t\t\t\t\t<div class=\"breadcrumbs\" vocab=\"https:\/\/schema.org\/\" typeof=\"BreadcrumbList\"><!-- Breadcrumb NavXT 7.4.1 -->\n<span property=\"itemListElement\" typeof=\"ListItem\"><a property=\"item\" typeof=\"WebPage\" title=\"Dodieties uz mechmill.com.\" href=\"https:\/\/mechmill.com\/lv\" class=\"home\" aria-current=\"page\"><span property=\"name\">S\u0101kums<\/span><\/a><meta property=\"position\" content=\"1\"><\/span><\/div>\t\t\t\t<\/div>\n\t\t\t\t<\/div>\n\t\t\t\t<div class=\"elementor-element elementor-element-f5af3af elementor-widget elementor-widget-heading\" data-id=\"f5af3af\" data-element_type=\"widget\" data-e-type=\"widget\" data-widget_type=\"heading.default\">\n\t\t\t\t<div class=\"elementor-widget-container\">\n\t\t\t\t\t<h1 class=\"elementor-heading-title elementor-size-default\">In\u017eeniertehniskais atbalsts<\/h1>\t\t\t\t<\/div>\n\t\t\t\t<\/div>\n\t\t\t\t<div class=\"elementor-element elementor-element-90f892c elementor-widget-divider--view-line_icon elementor-widget-divider--element-align-left elementor-view-default elementor-widget elementor-widget-divider\" data-id=\"90f892c\" data-element_type=\"widget\" data-e-type=\"widget\" data-widget_type=\"divider.default\">\n\t\t\t\t<div class=\"elementor-widget-container\">\n\t\t\t\t\t\t\t<div class=\"elementor-divider\">\n\t\t\t<span class=\"elementor-divider-separator\">\n\t\t\t\t\t\t\t<div class=\"elementor-icon elementor-divider__element\">\n\t\t\t\t\t<i aria-hidden=\"true\" class=\"fas fa-ellipsis-h\"><\/i><\/div>\n\t\t\t\t\t\t<\/span>\n\t\t<\/div>\n\t\t\t\t\t\t<\/div>\n\t\t\t\t<\/div>\n\t\t\t\t<section class=\"elementor-section elementor-inner-section elementor-element elementor-element-f10bbb2 elementor-section-boxed elementor-section-height-default elementor-section-height-default\" data-id=\"f10bbb2\" data-element_type=\"section\" data-e-type=\"section\">\n\t\t\t\t\t\t<div class=\"elementor-container elementor-column-gap-wide\">\n\t\t\t\t\t<div class=\"elementor-column elementor-col-100 elementor-inner-column elementor-element elementor-element-d5d80d6\" data-id=\"d5d80d6\" data-element_type=\"column\" data-e-type=\"column\">\n\t\t\t<div class=\"elementor-widget-wrap elementor-element-populated\">\n\t\t\t\t\t\t<div class=\"elementor-element elementor-element-9e1b577 elementor-grid-3 elementor-grid-tablet-2 elementor-grid-mobile-1 elementor-posts--thumbnail-top elementor-widget elementor-widget-posts\" data-id=\"9e1b577\" data-element_type=\"widget\" data-e-type=\"widget\" data-settings=\"{&quot;pagination_type&quot;:&quot;numbers&quot;,&quot;classic_columns&quot;:&quot;3&quot;,&quot;classic_columns_tablet&quot;:&quot;2&quot;,&quot;classic_columns_mobile&quot;:&quot;1&quot;,&quot;classic_row_gap&quot;:{&quot;unit&quot;:&quot;px&quot;,&quot;size&quot;:35,&quot;sizes&quot;:[]},&quot;classic_row_gap_tablet&quot;:{&quot;unit&quot;:&quot;px&quot;,&quot;size&quot;:&quot;&quot;,&quot;sizes&quot;:[]},&quot;classic_row_gap_mobile&quot;:{&quot;unit&quot;:&quot;px&quot;,&quot;size&quot;:&quot;&quot;,&quot;sizes&quot;:[]}}\" data-widget_type=\"posts.classic\">\n\t\t\t\t<div class=\"elementor-widget-container\">\n\t\t\t\t\t\t\t<div class=\"elementor-posts-container elementor-posts elementor-posts--skin-classic elementor-grid\" role=\"list\">\n\t\t\t\t<article class=\"elementor-post elementor-grid-item post-3809 post type-post status-publish format-standard has-post-thumbnail hentry category-blog category-engineering-support\" role=\"listitem\">\n\t\t\t\t<a class=\"elementor-post__thumbnail__link\" href=\"https:\/\/mechmill.com\/lv\/divu-augstu-velmju-daudzpusibas-atklasana-rupnieciskaja-darbiba-2\/\" tabindex=\"-1\" >\n\t\t\t<div class=\"elementor-post__thumbnail\"><img fetchpriority=\"high\" decoding=\"async\" width=\"300\" height=\"300\" src=\"https:\/\/mechmill.com\/wp-content\/uploads\/2023\/06\/Unveiling-the-Versatility-of-Two-High-Rolling-Mills-in-Industrial-Operations-300x300.jpg\" class=\"attachment-medium size-medium wp-image-2962\" alt=\"Divu augstu velmju daudzpus\u012bbas atkl\u0101\u0161ana r\u016bpnieciskaj\u0101s oper\u0101cij\u0101s\" srcset=\"https:\/\/mechmill.com\/wp-content\/uploads\/2023\/06\/Unveiling-the-Versatility-of-Two-High-Rolling-Mills-in-Industrial-Operations-300x300.jpg 300w, https:\/\/mechmill.com\/wp-content\/uploads\/2023\/06\/Unveiling-the-Versatility-of-Two-High-Rolling-Mills-in-Industrial-Operations-150x150.jpg 150w, https:\/\/mechmill.com\/wp-content\/uploads\/2023\/06\/Unveiling-the-Versatility-of-Two-High-Rolling-Mills-in-Industrial-Operations-768x768.jpg 768w, https:\/\/mechmill.com\/wp-content\/uploads\/2023\/06\/Unveiling-the-Versatility-of-Two-High-Rolling-Mills-in-Industrial-Operations.jpg 1000w\" sizes=\"(max-width: 300px) 100vw, 300px\" \/><\/div>\n\t\t<\/a>\n\t\t\t\t<div class=\"elementor-post__text\">\n\t\t\t\t<h3 class=\"elementor-post__title\">\n\t\t\t<a href=\"https:\/\/mechmill.com\/lv\/divu-augstu-velmju-daudzpusibas-atklasana-rupnieciskaja-darbiba-2\/\" >\n\t\t\t\tDivu augstu velmju daudzpus\u012bbas atkl\u0101\u0161ana r\u016bpnieciskaj\u0101s oper\u0101cij\u0101s\t\t\t<\/a>\n\t\t<\/h3>\n\t\t\t\t<div class=\"elementor-post__excerpt\">\n\t\t\t<p>Industri\u0101l\u0101 ainava atrod savu stabilu sabiedroto divu augstumu velm\u0113tavu form\u0101, kas ir dinamisks p\u0101ris, kur\u0101 rentabilit\u0101te ir nevainojami apvienota ar nep\u0101rsp\u0113jamu daudzpus\u012bbu. \u0160aj\u0101 rakst\u0101 tiek apl\u016bkotas divu augstumu velm\u0113tavu nianses, izgaismojot.<\/p>\n\t\t<\/div>\n\t\t\n\t\t<a class=\"elementor-post__read-more\" href=\"https:\/\/mechmill.com\/lv\/divu-augstu-velmju-daudzpusibas-atklasana-rupnieciskaja-darbiba-2\/\" aria-label=\"Read more about Unveiling the Versatility of Two-High Rolling Mills in Industrial Operations\" tabindex=\"-1\" >\n\t\t\tLas\u012bt vair\u0101k \"\t\t<\/a>\n\n\t\t\t\t<\/div>\n\t\t\t\t<\/article>\n\t\t\t\t<article class=\"elementor-post elementor-grid-item post-3785 post type-post status-publish format-standard has-post-thumbnail hentry category-blog category-engineering-support\" role=\"listitem\">\n\t\t\t\t<a class=\"elementor-post__thumbnail__link\" href=\"https:\/\/mechmill.com\/lv\/daudzdimensiju-silikona-tirgus-perspektivas-un-silikona-kalandru-modernizacijas-virziens\/\" tabindex=\"-1\" >\n\t\t\t<div class=\"elementor-post__thumbnail\"><img decoding=\"async\" width=\"300\" height=\"271\" src=\"https:\/\/mechmill.com\/wp-content\/uploads\/2024\/01\/Multi-dimensional-Silicone-Market-Outlook-and-Silicone-Calender-Upgrade-Direction-300x271.jpg\" class=\"attachment-medium size-medium wp-image-3820\" alt=\"Daudzdimensiju silikona tirgus perspekt\u012bvas un silikona kalend\u0101ra moderniz\u0101cijas virziens\" srcset=\"https:\/\/mechmill.com\/wp-content\/uploads\/2024\/01\/Multi-dimensional-Silicone-Market-Outlook-and-Silicone-Calender-Upgrade-Direction-300x271.jpg 300w, https:\/\/mechmill.com\/wp-content\/uploads\/2024\/01\/Multi-dimensional-Silicone-Market-Outlook-and-Silicone-Calender-Upgrade-Direction-1024x927.jpg 1024w, https:\/\/mechmill.com\/wp-content\/uploads\/2024\/01\/Multi-dimensional-Silicone-Market-Outlook-and-Silicone-Calender-Upgrade-Direction-768x695.jpg 768w, https:\/\/mechmill.com\/wp-content\/uploads\/2024\/01\/Multi-dimensional-Silicone-Market-Outlook-and-Silicone-Calender-Upgrade-Direction-1536x1390.jpg 1536w, https:\/\/mechmill.com\/wp-content\/uploads\/2024\/01\/Multi-dimensional-Silicone-Market-Outlook-and-Silicone-Calender-Upgrade-Direction-2048x1853.jpg 2048w\" sizes=\"(max-width: 300px) 100vw, 300px\" \/><\/div>\n\t\t<\/a>\n\t\t\t\t<div class=\"elementor-post__text\">\n\t\t\t\t<h3 class=\"elementor-post__title\">\n\t\t\t<a href=\"https:\/\/mechmill.com\/lv\/daudzdimensiju-silikona-tirgus-perspektivas-un-silikona-kalandru-modernizacijas-virziens\/\" >\n\t\t\t\tDaudzdimensiju silikona tirgus perspekt\u012bvas un silikona kalend\u0101ra moderniz\u0101cijas virziens\t\t\t<\/a>\n\t\t<\/h3>\n\t\t\t\t<div class=\"elementor-post__excerpt\">\n\t\t\t<p>Ievads Silikons, univers\u0101ls un augstas veiktsp\u0113jas materi\u0101ls, pak\u0101peniski ieg\u016bst arvien liel\u0101ku noz\u012bmi da\u017e\u0101d\u0101s r\u016bpniec\u012bbas nozar\u0113s. T\u0101 k\u0101 tehnolo\u0123ijas att\u012bst\u0101s un lietojumi pieaug, silikona tirgus perspekt\u012bvas joproj\u0101m ir daudzsolo\u0161as. Silikona kalandrs k\u0101 galven\u0101 iek\u0101rta \u0161aj\u0101 nozar\u0113 ir viens no svar\u012bg\u0101kajiem.<\/p>\n\t\t<\/div>\n\t\t\n\t\t<a class=\"elementor-post__read-more\" href=\"https:\/\/mechmill.com\/lv\/daudzdimensiju-silikona-tirgus-perspektivas-un-silikona-kalandru-modernizacijas-virziens\/\" aria-label=\"Read more about Multi-dimensional Silicone Market Outlook and Silicone Calender Upgrade Direction\" tabindex=\"-1\" >\n\t\t\tLas\u012bt vair\u0101k \"\t\t<\/a>\n\n\t\t\t\t<\/div>\n\t\t\t\t<\/article>\n\t\t\t\t<article class=\"elementor-post elementor-grid-item post-3660 post type-post status-publish format-standard has-post-thumbnail hentry category-blog category-engineering-support\" role=\"listitem\">\n\t\t\t\t<a class=\"elementor-post__thumbnail__link\" href=\"https:\/\/mechmill.com\/lv\/exploring-the-inner-workings-of-cast-film-machines\/\" tabindex=\"-1\" >\n\t\t\t<div class=\"elementor-post__thumbnail\"><img decoding=\"async\" width=\"300\" height=\"300\" src=\"https:\/\/mechmill.com\/wp-content\/uploads\/2023\/12\/casting-film-machine-detail-300x300.jpg\" class=\"attachment-medium size-medium wp-image-3818\" alt=\"Liet\u0101s pl\u0113ves ma\u0161\u012bnu iek\u0161\u0113j\u0101s darb\u012bbas izp\u0113te\" srcset=\"https:\/\/mechmill.com\/wp-content\/uploads\/2023\/12\/casting-film-machine-detail-300x300.jpg 300w, https:\/\/mechmill.com\/wp-content\/uploads\/2023\/12\/casting-film-machine-detail-150x150.jpg 150w, https:\/\/mechmill.com\/wp-content\/uploads\/2023\/12\/casting-film-machine-detail-768x768.jpg 768w, https:\/\/mechmill.com\/wp-content\/uploads\/2023\/12\/casting-film-machine-detail.jpg 1000w\" sizes=\"(max-width: 300px) 100vw, 300px\" \/><\/div>\n\t\t<\/a>\n\t\t\t\t<div class=\"elementor-post__text\">\n\t\t\t\t<h3 class=\"elementor-post__title\">\n\t\t\t<a href=\"https:\/\/mechmill.com\/lv\/exploring-the-inner-workings-of-cast-film-machines\/\" >\n\t\t\t\tLiet\u0101s pl\u0113ves ma\u0161\u012bnu iek\u0161\u0113j\u0101s darb\u012bbas izp\u0113te\t\t\t<\/a>\n\t\t<\/h3>\n\t\t\t\t<div class=\"elementor-post__excerpt\">\n\t\t\t<p>1. Pamatdarb\u012bbas so\u013ci Materi\u0101la iel\u0101de Ekstr\u016bzijas process Lamin\u0113\u0161ana un form\u0113\u0161ana 2. Nelielas precizit\u0101tes l\u0113juma pl\u0113ves ma\u0161\u012bnas sast\u0101vda\u013cas 2.1. Vienskr\u016bves ekstr\u016bdera modulis 2.2. Ekstr\u016bzijas pal\u012bgma\u0161\u012bnas modulis Lamin\u0113\u0161anas velt\u0146a vilces velt\u0146a vilce<\/p>\n\t\t<\/div>\n\t\t\n\t\t<a class=\"elementor-post__read-more\" href=\"https:\/\/mechmill.com\/lv\/exploring-the-inner-workings-of-cast-film-machines\/\" aria-label=\"Read more about Exploring the Inner Workings of Cast Film Machines\" tabindex=\"-1\" >\n\t\t\tLas\u012bt vair\u0101k \"\t\t<\/a>\n\n\t\t\t\t<\/div>\n\t\t\t\t<\/article>\n\t\t\t\t<article class=\"elementor-post elementor-grid-item post-428 post type-post status-publish format-standard has-post-thumbnail hentry category-blog category-engineering-support\" role=\"listitem\">\n\t\t\t\t<a class=\"elementor-post__thumbnail__link\" href=\"https:\/\/mechmill.com\/lv\/atklajot-divu-velmju-dzirnavu-attistibu-un-prieksrocibas-rupnieciskaja-razosana\/\" tabindex=\"-1\" >\n\t\t\t<div class=\"elementor-post__thumbnail\"><img loading=\"lazy\" decoding=\"async\" width=\"300\" height=\"300\" src=\"https:\/\/mechmill.com\/wp-content\/uploads\/2023\/06\/Unveiling-the-Evolution-and-Advantages-of-Two-Roll-Mills-in-Industrial-Manufacturing-300x300.jpg\" class=\"attachment-medium size-medium wp-image-2959\" alt=\"Divu velmju fr\u0113\u017eu evol\u016bcija un priek\u0161roc\u012bbas r\u016bpnieciskaj\u0101 ra\u017eo\u0161an\u0101\" srcset=\"https:\/\/mechmill.com\/wp-content\/uploads\/2023\/06\/Unveiling-the-Evolution-and-Advantages-of-Two-Roll-Mills-in-Industrial-Manufacturing-300x300.jpg 300w, https:\/\/mechmill.com\/wp-content\/uploads\/2023\/06\/Unveiling-the-Evolution-and-Advantages-of-Two-Roll-Mills-in-Industrial-Manufacturing-150x150.jpg 150w, https:\/\/mechmill.com\/wp-content\/uploads\/2023\/06\/Unveiling-the-Evolution-and-Advantages-of-Two-Roll-Mills-in-Industrial-Manufacturing-768x768.jpg 768w, https:\/\/mechmill.com\/wp-content\/uploads\/2023\/06\/Unveiling-the-Evolution-and-Advantages-of-Two-Roll-Mills-in-Industrial-Manufacturing.jpg 1000w\" sizes=\"(max-width: 300px) 100vw, 300px\" \/><\/div>\n\t\t<\/a>\n\t\t\t\t<div class=\"elementor-post__text\">\n\t\t\t\t<h3 class=\"elementor-post__title\">\n\t\t\t<a href=\"https:\/\/mechmill.com\/lv\/atklajot-divu-velmju-dzirnavu-attistibu-un-prieksrocibas-rupnieciskaja-razosana\/\" >\n\t\t\t\tDivu velmju fr\u0113\u017eu evol\u016bcija un priek\u0161roc\u012bbas r\u016bpnieciskaj\u0101 ra\u017eo\u0161an\u0101\t\t\t<\/a>\n\t\t<\/h3>\n\t\t\t\t<div class=\"elementor-post__excerpt\">\n\t\t\t<p>R\u016bpniecisk\u0101s ra\u017eo\u0161anas jom\u0101 divu rull\u012b\u0161u fr\u0113zes ir k\u013cuvu\u0161as par neaizst\u0101jamu instrumentu da\u017e\u0101du materi\u0101lu apstr\u0101dei un form\u0113\u0161anai. \u0160aj\u0101 rakst\u0101 ir apl\u016bkots divu velmju dzirnavu v\u0113sturiskais konteksts, klasifik\u0101cija, \u012bpa\u0161\u012bbas un priek\u0161roc\u012bbas, izgaismojot to iz\u0161\u0137iro\u0161o lomu m\u016bsdienu r\u016bpniec\u012bbas procesos.<\/p>\n\t\t<\/div>\n\t\t\n\t\t<a class=\"elementor-post__read-more\" href=\"https:\/\/mechmill.com\/lv\/atklajot-divu-velmju-dzirnavu-attistibu-un-prieksrocibas-rupnieciskaja-razosana\/\" aria-label=\"Read more about Unveiling the Evolution and Advantages of Two Roll Mills in Industrial Manufacturing\" tabindex=\"-1\" >\n\t\t\tLas\u012bt vair\u0101k \"\t\t<\/a>\n\n\t\t\t\t<\/div>\n\t\t\t\t<\/article>\n\t\t\t\t<\/div>\n\t\t\n\t\t\t\t\t\t<\/div>\n\t\t\t\t<\/div>\n\t\t\t\t\t<\/div>\n\t\t<\/div>\n\t\t\t\t\t<\/div>\n\t\t<\/section>\n\t\t\t\t\t<\/div>\n\t\t<\/div>\n\t\t\t\t\t<\/div>\n\t\t<\/section>\n\t\t\t\t<\/div>","protected":false},"excerpt":{"rendered":"<p>In\u017eeniertehniskais atbalsts<\/p>","protected":false},"author":1,"featured_media":0,"parent":0,"menu_order":0,"comment_status":"closed","ping_status":"closed","template":"","meta":{"_acf_changed":false,"_seopress_robots_primary_cat":"","_seopress_titles_title":"Mechmill Engineering Support | Precision Solutions for Your Projects","_seopress_titles_desc":"Explore Mechmill&#039;s engineering support services for precision solutions in industrial processes. Our experts are dedicated to enhancing your project&#039;s success.","_seopress_robots_index":"","site-sidebar-layout":"no-sidebar","site-content-layout":"page-builder","ast-site-content-layout":"default","site-content-style":"default","site-sidebar-style":"default","ast-global-header-display":"","ast-banner-title-visibility":"","ast-main-header-display":"","ast-hfb-above-header-display":"","ast-hfb-below-header-display":"","ast-hfb-mobile-header-display":"","site-post-title":"disabled","ast-breadcrumbs-content":"","ast-featured-img":"disabled","footer-sml-layout":"","theme-transparent-header-meta":"","adv-header-id-meta":"","stick-header-meta":"","header-above-stick-meta":"","header-main-stick-meta":"","header-below-stick-meta":"","astra-migrate-meta-layouts":"default","ast-page-background-enabled":"default","ast-page-background-meta":{"desktop":{"background-color":"var(--ast-global-color-4)","background-image":"","background-repeat":"repeat","background-position":"center center","background-size":"auto","background-attachment":"scroll","background-type":"","background-media":"","overlay-type":"","overlay-color":"","overlay-opacity":"","overlay-gradient":""},"tablet":{"background-color":"","background-image":"","background-repeat":"repeat","background-position":"center center","background-size":"auto","background-attachment":"scroll","background-type":"","background-media":"","overlay-type":"","overlay-color":"","overlay-opacity":"","overlay-gradient":""},"mobile":{"background-color":"","background-image":"","background-repeat":"repeat","background-position":"center center","background-size":"auto","background-attachment":"scroll","background-type":"","background-media":"","overlay-type":"","overlay-color":"","overlay-opacity":"","overlay-gradient":""}},"ast-content-background-meta":{"desktop":{"background-color":"var(--ast-global-color-5)","background-image":"","background-repeat":"repeat","background-position":"center center","background-size":"auto","background-attachment":"scroll","background-type":"","background-media":"","overlay-type":"","overlay-color":"","overlay-opacity":"","overlay-gradient":""},"tablet":{"background-color":"var(--ast-global-color-5)","background-image":"","background-repeat":"repeat","background-position":"center center","background-size":"auto","background-attachment":"scroll","background-type":"","background-media":"","overlay-type":"","overlay-color":"","overlay-opacity":"","overlay-gradient":""},"mobile":{"background-color":"var(--ast-global-color-5)","background-image":"","background-repeat":"repeat","background-position":"center center","background-size":"auto","background-attachment":"scroll","background-type":"","background-media":"","overlay-type":"","overlay-color":"","overlay-opacity":"","overlay-gradient":""}},"footnotes":""},"class_list":["post-216","page","type-page","status-publish","hentry"],"acf":[],"_links":{"self":[{"href":"https:\/\/mechmill.com\/lv\/wp-json\/wp\/v2\/pages\/216","targetHints":{"allow":["GET"]}}],"collection":[{"href":"https:\/\/mechmill.com\/lv\/wp-json\/wp\/v2\/pages"}],"about":[{"href":"https:\/\/mechmill.com\/lv\/wp-json\/wp\/v2\/types\/page"}],"author":[{"embeddable":true,"href":"https:\/\/mechmill.com\/lv\/wp-json\/wp\/v2\/users\/1"}],"replies":[{"embeddable":true,"href":"https:\/\/mechmill.com\/lv\/wp-json\/wp\/v2\/comments?post=216"}],"version-history":[{"count":25,"href":"https:\/\/mechmill.com\/lv\/wp-json\/wp\/v2\/pages\/216\/revisions"}],"predecessor-version":[{"id":1385,"href":"https:\/\/mechmill.com\/lv\/wp-json\/wp\/v2\/pages\/216\/revisions\/1385"}],"wp:attachment":[{"href":"https:\/\/mechmill.com\/lv\/wp-json\/wp\/v2\/media?parent=216"}],"curies":[{"name":"wp","href":"https:\/\/api.w.org\/{rel}","templated":true}]}}