{"id":2,"date":"2023-06-25T01:29:45","date_gmt":"2023-06-25T01:29:45","guid":{"rendered":"https:\/\/mechmill.com\/?page_id=2"},"modified":"2023-11-23T08:33:49","modified_gmt":"2023-11-23T08:33:49","slug":"about-us","status":"publish","type":"page","link":"https:\/\/mechmill.com\/lv\/par-mums\/","title":{"rendered":"Par mums"},"content":{"rendered":"<div data-elementor-type=\"wp-page\" data-elementor-id=\"2\" class=\"elementor elementor-2\" data-elementor-post-type=\"page\">\n\t\t\t\t\t\t<section class=\"elementor-section elementor-top-section elementor-element elementor-element-29d5d45 elementor-section-boxed elementor-section-height-default elementor-section-height-default\" data-id=\"29d5d45\" data-element_type=\"section\" data-e-type=\"section\">\n\t\t\t\t\t\t<div class=\"elementor-container elementor-column-gap-default\">\n\t\t\t\t\t<div class=\"elementor-column elementor-col-100 elementor-top-column elementor-element elementor-element-8ae9006\" data-id=\"8ae9006\" data-element_type=\"column\" data-e-type=\"column\">\n\t\t\t<div class=\"elementor-widget-wrap elementor-element-populated\">\n\t\t\t\t\t\t<div class=\"elementor-element elementor-element-403541c elementor-widget elementor-widget-wp-widget-bcn_widget\" data-id=\"403541c\" data-element_type=\"widget\" data-e-type=\"widget\" data-widget_type=\"wp-widget-bcn_widget.default\">\n\t\t\t\t<div class=\"elementor-widget-container\">\n\t\t\t\t\t<div class=\"breadcrumbs\" vocab=\"https:\/\/schema.org\/\" typeof=\"BreadcrumbList\"><!-- Breadcrumb NavXT 7.4.1 -->\n<span property=\"itemListElement\" typeof=\"ListItem\"><a property=\"item\" typeof=\"WebPage\" title=\"Dodieties uz mechmill.com.\" href=\"https:\/\/mechmill.com\/lv\" class=\"home\" aria-current=\"page\"><span property=\"name\">S\u0101kums<\/span><\/a><meta property=\"position\" content=\"1\"><\/span><\/div>\t\t\t\t<\/div>\n\t\t\t\t<\/div>\n\t\t\t\t<div class=\"elementor-element elementor-element-3c8ab3e elementor-widget elementor-widget-heading\" data-id=\"3c8ab3e\" data-element_type=\"widget\" data-e-type=\"widget\" data-widget_type=\"heading.default\">\n\t\t\t\t<div class=\"elementor-widget-container\">\n\t\t\t\t\t<h1 class=\"elementor-heading-title elementor-size-default\">Par mums<\/h1>\t\t\t\t<\/div>\n\t\t\t\t<\/div>\n\t\t\t\t<div class=\"elementor-element elementor-element-8cb197e elementor-widget-divider--view-line_icon elementor-widget-divider--element-align-left elementor-view-default elementor-widget elementor-widget-divider\" data-id=\"8cb197e\" data-element_type=\"widget\" data-e-type=\"widget\" data-widget_type=\"divider.default\">\n\t\t\t\t<div class=\"elementor-widget-container\">\n\t\t\t\t\t\t\t<div class=\"elementor-divider\">\n\t\t\t<span class=\"elementor-divider-separator\">\n\t\t\t\t\t\t\t<div class=\"elementor-icon elementor-divider__element\">\n\t\t\t\t\t<i aria-hidden=\"true\" class=\"fas fa-ellipsis-h\"><\/i><\/div>\n\t\t\t\t\t\t<\/span>\n\t\t<\/div>\n\t\t\t\t\t\t<\/div>\n\t\t\t\t<\/div>\n\t\t\t\t<div class=\"elementor-element elementor-element-b9649f8 elementor-widget elementor-widget-image\" data-id=\"b9649f8\" data-element_type=\"widget\" data-e-type=\"widget\" data-widget_type=\"image.default\">\n\t\t\t\t<div class=\"elementor-widget-container\">\n\t\t\t\t\t\t\t\t\t\t\t\t\t\t\t<img fetchpriority=\"high\" decoding=\"async\" width=\"1000\" height=\"413\" src=\"https:\/\/mechmill.com\/wp-content\/uploads\/2023\/08\/Factory.jpg\" class=\"attachment-large size-large wp-image-2532\" alt=\"R\u016bpn\u012bca\" srcset=\"https:\/\/mechmill.com\/wp-content\/uploads\/2023\/08\/Factory.jpg 1000w, https:\/\/mechmill.com\/wp-content\/uploads\/2023\/08\/Factory-300x124.jpg 300w, https:\/\/mechmill.com\/wp-content\/uploads\/2023\/08\/Factory-768x317.jpg 768w\" sizes=\"(max-width: 1000px) 100vw, 1000px\" \/>\t\t\t\t\t\t\t\t\t\t\t\t\t\t\t<\/div>\n\t\t\t\t<\/div>\n\t\t\t\t<div class=\"elementor-element elementor-element-c2e78ee elementor-widget elementor-widget-text-editor\" data-id=\"c2e78ee\" data-element_type=\"widget\" data-e-type=\"widget\" data-widget_type=\"text-editor.default\">\n\t\t\t\t<div class=\"elementor-widget-container\">\n\t\t\t\t\t\t\t\t\t<h2>\u013baujiet mums sevi iepaz\u012bstin\u0101t...<\/h2><p>Izcil\u012bba kop\u0161 2010. gada:<\/p><p>Laipni l\u016bdzam uz\u0146\u0113mum\u0101 MechMill, kas ir vado\u0161ais prec\u012bzijas r\u016bpniecisko iek\u0101rtu ra\u017eot\u0101js Dongguan\u0101, \u0136\u012bn\u0101. Ar vair\u0101k nek\u0101 desmit gadu pieredzi m\u0113s specializ\u0113jamies inovat\u012bvu iek\u0101rtu, tostarp vulkaniz\u0101cijas ma\u0161\u012bnu, ekstr\u016bderu un citu iek\u0101rtu, izgatavo\u0161an\u0101. M\u016bsu ap\u0146em\u0161an\u0101s iev\u0113rot precizit\u0101ti un in\u017eeniertehnisko meistar\u012bbu ir nelok\u0101ma. Izp\u0113tiet ra\u017eo\u0161anas n\u0101kotni ar MechMill.<\/p><h3>Kas m\u016bs at\u0161\u0137ir?<\/h3><p>MechMill specializ\u0113jas izcilu iek\u0101rtu izgatavo\u0161an\u0101, kas piel\u0101gotas da\u017e\u0101du nozaru vajadz\u012bb\u0101m. K\u0101 vado\u0161ais ra\u017eot\u0101js m\u0113s esam ap\u0146\u0113mu\u0161ies nodro\u0161in\u0101t augst\u0101k\u0101s klases risin\u0101jumus klientiem, kas mekl\u0113 augstas kvalit\u0101tes iek\u0101rtas. M\u016bsu produktu kl\u0101sts ietver daudzveid\u012bgu prec\u012bzu ma\u0161\u012bnu kl\u0101stu, tostarp vulkaniz\u0101cijas iek\u0101rtas, kalandrus, laboratorijas izp\u016bstas pl\u0113ves ma\u0161\u012bnas, laboratorijas ekstr\u016bderus, laboratorijas sajauk\u0161anas ma\u0161\u012bnas, neliela m\u0113roga velm\u0113tavas un neliela m\u0113roga iesmidzin\u0101\u0161anas ma\u0161\u012bnas. M\u0113s ar lepnumu projekt\u0113jam un ra\u017eojam visas savas iek\u0101rtas pa\u0161u sp\u0113kiem, nodro\u0161inot, ka katrs izstr\u0101d\u0101jums ir ar m\u016bsu ap\u0146em\u0161an\u0101s sasniegt izcil\u012bbu z\u012bmi.<\/p><h3>Ko m\u0113s varam jums pied\u0101v\u0101t?<\/h3><p>M\u016bsu vair\u0101k nek\u0101 25 gadus ilg\u0101 darba pieredze \u0161aj\u0101 nozar\u0113 \u013cauj mums katr\u0101 projekt\u0101 izmantot bag\u0101t\u012bgas zin\u0101\u0161anas un pieredzi. M\u016bsu m\u0113r\u0137is ir pieg\u0101d\u0101t visaugst\u0101k\u0101s kvalit\u0101tes iek\u0101rtas, ko papildina tehnisk\u0101 kompetence un nep\u0101rsp\u0113jama klientu apkalpo\u0161ana. MechMill nodro\u0161ina konkur\u0113tsp\u0113j\u012bgas cenas, vienlaikus nekad neapdraudot savu pied\u0101v\u0101jumu kvalit\u0101ti un precizit\u0101ti. Ieg\u0101d\u0101joties m\u016bsu iek\u0101rtas, j\u016bs ieg\u016bstat partneri, kura m\u0113r\u0137is ir uzlabot j\u016bsu r\u016bpniecisk\u0101s iesp\u0113jas.<\/p><h3>M\u016bsu misija:<\/h3><p>MechMill misija ir konstru\u0113t r\u016bpniecisk\u0101s iek\u0101rtas, kas ne tikai apmierina, bet ar\u012b p\u0101rsniedz j\u016bsu cer\u012bbas. M\u0113s esam ap\u0146\u0113mu\u0161ies k\u013c\u016bt par j\u016bsu apmierin\u0101t\u012bbas etalonu, projekt\u0113jot un radot tie\u0161i j\u016bsu vajadz\u012bb\u0101m piel\u0101gotas iek\u0101rtas.<\/p><p>M\u016bsu aizraut\u012bg\u0101 MechMill komanda no visas sirds atbalsta un iemieso \u0161o misiju, nodro\u0161inot, ka t\u0101 ir m\u016bsu ikdienas darb\u012bbas pamat\u0101.<\/p><p>Pievienojieties mums m\u016bsu ce\u013c\u0101 uz inov\u0101ciju un izcil\u012bbu. Izbaudiet MechMill at\u0161\u0137ir\u012bbu - kur prec\u012bza in\u017eeniertehnika satiekas ar klientu uztic\u012bbu.<\/p>\t\t\t\t\t\t\t\t<\/div>\n\t\t\t\t<\/div>\n\t\t\t\t\t<\/div>\n\t\t<\/div>\n\t\t\t\t\t<\/div>\n\t\t<\/section>\n\t\t\t\t<\/div>","protected":false},"excerpt":{"rendered":"<p>About Us Let Us Introduce Ourselves&#8230; Established Excellence Since 2010: Welcome to MechMill, a leading manufacturer of precision industrial machinery based in Dongguan, China. With over a decade of legacy, we specialize in crafting innovative equipment, including vulcanization machines, extruders, and more. Our commitment to precision and engineering mastery is unwavering. Explore the future of [&hellip;]<\/p>","protected":false},"author":1,"featured_media":0,"parent":0,"menu_order":0,"comment_status":"closed","ping_status":"open","template":"","meta":{"_acf_changed":false,"_seopress_robots_primary_cat":"","_seopress_titles_title":"About Mechmill - Your Reliable Two Roll Mill Supplier","_seopress_titles_desc":"Learn about Mechmill, a factory specializing in two roll mills. We offer technical expertise, quality, and competitive pricing. Discover our story.","_seopress_robots_index":"","site-sidebar-layout":"no-sidebar","site-content-layout":"page-builder","ast-site-content-layout":"default","site-content-style":"default","site-sidebar-style":"default","ast-global-header-display":"","ast-banner-title-visibility":"","ast-main-header-display":"","ast-hfb-above-header-display":"","ast-hfb-below-header-display":"","ast-hfb-mobile-header-display":"","site-post-title":"disabled","ast-breadcrumbs-content":"","ast-featured-img":"disabled","footer-sml-layout":"","theme-transparent-header-meta":"","adv-header-id-meta":"","stick-header-meta":"","header-above-stick-meta":"","header-main-stick-meta":"","header-below-stick-meta":"","astra-migrate-meta-layouts":"default","ast-page-background-enabled":"default","ast-page-background-meta":{"desktop":{"background-color":"var(--ast-global-color-4)","background-image":"","background-repeat":"repeat","background-position":"center center","background-size":"auto","background-attachment":"scroll","background-type":"","background-media":"","overlay-type":"","overlay-color":"","overlay-opacity":"","overlay-gradient":""},"tablet":{"background-color":"","background-image":"","background-repeat":"repeat","background-position":"center center","background-size":"auto","background-attachment":"scroll","background-type":"","background-media":"","overlay-type":"","overlay-color":"","overlay-opacity":"","overlay-gradient":""},"mobile":{"background-color":"","background-image":"","background-repeat":"repeat","background-position":"center center","background-size":"auto","background-attachment":"scroll","background-type":"","background-media":"","overlay-type":"","overlay-color":"","overlay-opacity":"","overlay-gradient":""}},"ast-content-background-meta":{"desktop":{"background-color":"var(--ast-global-color-5)","background-image":"","background-repeat":"repeat","background-position":"center center","background-size":"auto","background-attachment":"scroll","background-type":"","background-media":"","overlay-type":"","overlay-color":"","overlay-opacity":"","overlay-gradient":""},"tablet":{"background-color":"var(--ast-global-color-5)","background-image":"","background-repeat":"repeat","background-position":"center center","background-size":"auto","background-attachment":"scroll","background-type":"","background-media":"","overlay-type":"","overlay-color":"","overlay-opacity":"","overlay-gradient":""},"mobile":{"background-color":"var(--ast-global-color-5)","background-image":"","background-repeat":"repeat","background-position":"center center","background-size":"auto","background-attachment":"scroll","background-type":"","background-media":"","overlay-type":"","overlay-color":"","overlay-opacity":"","overlay-gradient":""}},"footnotes":""},"class_list":["post-2","page","type-page","status-publish","hentry"],"acf":[],"_links":{"self":[{"href":"https:\/\/mechmill.com\/lv\/wp-json\/wp\/v2\/pages\/2","targetHints":{"allow":["GET"]}}],"collection":[{"href":"https:\/\/mechmill.com\/lv\/wp-json\/wp\/v2\/pages"}],"about":[{"href":"https:\/\/mechmill.com\/lv\/wp-json\/wp\/v2\/types\/page"}],"author":[{"embeddable":true,"href":"https:\/\/mechmill.com\/lv\/wp-json\/wp\/v2\/users\/1"}],"replies":[{"embeddable":true,"href":"https:\/\/mechmill.com\/lv\/wp-json\/wp\/v2\/comments?post=2"}],"version-history":[{"count":94,"href":"https:\/\/mechmill.com\/lv\/wp-json\/wp\/v2\/pages\/2\/revisions"}],"predecessor-version":[{"id":2549,"href":"https:\/\/mechmill.com\/lv\/wp-json\/wp\/v2\/pages\/2\/revisions\/2549"}],"wp:attachment":[{"href":"https:\/\/mechmill.com\/lv\/wp-json\/wp\/v2\/media?parent=2"}],"curies":[{"name":"wp","href":"https:\/\/api.w.org\/{rel}","templated":true}]}}