{"id":3,"date":"2023-06-25T01:29:45","date_gmt":"2023-06-25T01:29:45","guid":{"rendered":"https:\/\/mechmill.com\/?page_id=3"},"modified":"2023-12-26T08:23:20","modified_gmt":"2023-12-26T08:23:20","slug":"privacy-policy","status":"publish","type":"page","link":"https:\/\/mechmill.com\/lt\/privatumo-politika\/","title":{"rendered":"Privatumo politika"},"content":{"rendered":"<h2 class=\"wp-block-heading\">\u012evadas<\/h2>\n\n\n\n<p>Sveiki atvyk\u0119 \u012f \"Mechmill\". Esame pirmaujanti dviej\u0173 ritini\u0173 mal\u016bn\u0173 gamintoja, daugiausia d\u0117mesio skirianti individualiems sprendimams u\u017e priimtin\u0105 kain\u0105. Esame \u012fsipareigoj\u0119 gerbti savo lankytoj\u0173 ir klient\u0173 privatum\u0105. \u0160ioje privatumo politikoje nurodyta, koki\u0105 informacij\u0105 renkame ir kaip j\u0105 naudojame, dalijam\u0117s ir saugome.<\/p>\n\n\n\n<h2 class=\"wp-block-heading\">Koki\u0105 informacij\u0105 renkame<\/h2>\n\n\n\n<p>Galime rinkti \u0161i\u0173 tip\u0173 informacij\u0105:<\/p>\n\n\n\n<ol class=\"wp-block-list\">\n<li><strong>Asmenin\u0117 informacija<\/strong>: \u012fskaitant, bet neapsiribojant, j\u016bs\u0173 vard\u0105, el. pa\u0161to adres\u0105 ir kontaktin\u0119 informacij\u0105.<\/li>\n\n\n\n<li><strong>Techniniai duomenys<\/strong>: Pavyzd\u017eiui, IP adresas, nar\u0161ykl\u0117s tipas ir kita su sistema susijusi informacija.<\/li>\n\n\n\n<li><strong>Su verslu susijusi informacija<\/strong>: su j\u016bs\u0173 pirkiniais susijusi informacija, pavyzd\u017eiui, sandorio duomenys ir mok\u0117jimo informacija.<\/li>\n<\/ol>\n\n\n\n<h2 class=\"wp-block-heading\">Kaip naudojame informacij\u0105<\/h2>\n\n\n\n<ol class=\"wp-block-list\">\n<li><strong>Vykdyti u\u017esakymus<\/strong>: J\u016bs\u0173 informacija padeda mums efektyviau reaguoti \u012f j\u016bs\u0173 klient\u0173 aptarnavimo u\u017eklausas ir tenkinti j\u016bs\u0173 individualius poreikius, susijusius su m\u016bs\u0173 dviej\u0173 ritini\u0173 mal\u016bnais.<\/li>\n\n\n\n<li><strong>Naudotojo patirties personalizavimas<\/strong>: Galime naudoti apibendrint\u0105 informacij\u0105, kad suprastume naudotoj\u0173 elgsen\u0105 ir pageidavimus, ypa\u010d m\u016bs\u0173 B2B klient\u0173, pvz., vie\u0161\u0173j\u0173 pirkim\u0173 specialist\u0173, atveju.<\/li>\n\n\n\n<li><strong>Tobulinti m\u016bs\u0173 produktus ir paslaugas<\/strong>: Surinkti duomenys gali b\u016bti naudojami moksliniams tyrimams ir pl\u0117trai, siekiant nuolat tobulinti m\u016bs\u0173 pasi\u016blymus.<\/li>\n<\/ol>\n\n\n\n<h2 class=\"wp-block-heading\">Dalijimasis ir atskleidimas<\/h2>\n\n\n\n<p>Mes neparduodame, neparduodame ir nenuomojame j\u016bs\u0173 asmenin\u0117s identifikavimo informacijos tre\u010diosioms \u0161alims. Apibendrinta demografine informacija galime dalytis su savo verslo partneriais, patikimais filialais ir reklamuotojais pirmiau nurodytais tikslais.<\/p>\n\n\n\n<h2 class=\"wp-block-heading\">Apsauga<\/h2>\n\n\n\n<p>\u012egyvendinome \u012fvairias saugumo priemones, kad u\u017etikrintume j\u016bs\u0173 asmenin\u0117s informacijos saugum\u0105 pagal nacionalinius ir tarptautinius standartus.<\/p>\n\n\n\n<h2 class=\"wp-block-heading\">Slapukai<\/h2>\n\n\n\n<p>Naudojame slapukus, kad pagerintume j\u016bs\u0173 patirt\u012f m\u016bs\u0173 svetain\u0117je. Toliau lankydamiesi \u0161ioje svetain\u0117je sutinkate, kad mes naudojame slapukus.<\/p>\n\n\n\n<h2 class=\"wp-block-heading\">Tre\u010di\u0173j\u0173 \u0161ali\u0173 svetain\u0117s<\/h2>\n\n\n\n<p>M\u016bs\u0173 svetain\u0117je galite rasti nuorod\u0173 \u012f tre\u010di\u0173j\u0173 \u0161ali\u0173 svetaines, kuriose rasite daugiau informacijos ar paslaug\u0173. \"Mechmill\" neatsako u\u017e \u0161i\u0173 tre\u010di\u0173j\u0173 \u0161ali\u0173 svetaini\u0173 privatumo praktik\u0105 ar turin\u012f.<\/p>\n\n\n\n<h2 class=\"wp-block-heading\">Susisiekite su mumis<\/h2>\n\n\n\n<p>Jei turite klausim\u0173 ar abejoni\u0173 d\u0117l \u0161ios privatumo politikos, susisiekite su mumis \u0161iuo adresu:<\/p>\n\n\n\n<ul class=\"wp-block-list\">\n<li><strong>El. pa\u0161tas<\/strong>: <a href=\"mailto:contact@mechmill.com\">contact@mechmill.com<\/a><\/li>\n\n\n\n<li><strong>Telefonas<\/strong>: 8618062477612<\/li>\n\n\n\n<li><strong>Adresas<\/strong>: Xitou pramon\u0117s parkas, Houjie miestas, Dongguan miestas, Guangdongas, Kinija<\/li>\n<\/ul>\n\n\n\n<p><em>Paskutin\u012f kart\u0105 atnaujinta: <\/em>2023\/10\/7<\/p>","protected":false},"excerpt":{"rendered":"<p>Introduction Welcome to Mechmill. We are a leading manufacturer specializing in two-roll mills with a focus on providing customizable solutions at reasonable prices. We are committed to respecting the privacy of our visitors and customers. This Privacy Policy outlines what information we collect and how we use, share, and secure it. What Information We Collect [&hellip;]<\/p>","protected":false},"author":1,"featured_media":0,"parent":0,"menu_order":0,"comment_status":"closed","ping_status":"closed","template":"","meta":{"_acf_changed":false,"_seopress_robots_primary_cat":"","_seopress_titles_title":"Mechmill Privacy Policy | Safeguarding Your Personal Information","_seopress_titles_desc":"Mechmill is dedicated to protecting your personal information. Learn more about our privacy policy to ensure the security and confidentiality of your data.","_seopress_robots_index":"","site-sidebar-layout":"default","site-content-layout":"","ast-site-content-layout":"default","site-content-style":"default","site-sidebar-style":"default","ast-global-header-display":"","ast-banner-title-visibility":"","ast-main-header-display":"","ast-hfb-above-header-display":"","ast-hfb-below-header-display":"","ast-hfb-mobile-header-display":"","site-post-title":"","ast-breadcrumbs-content":"","ast-featured-img":"","footer-sml-layout":"","theme-transparent-header-meta":"","adv-header-id-meta":"","stick-header-meta":"","header-above-stick-meta":"","header-main-stick-meta":"","header-below-stick-meta":"","astra-migrate-meta-layouts":"default","ast-page-background-enabled":"default","ast-page-background-meta":{"desktop":{"background-color":"var(--ast-global-color-4)","background-image":"","background-repeat":"repeat","background-position":"center center","background-size":"auto","background-attachment":"scroll","background-type":"","background-media":"","overlay-type":"","overlay-color":"","overlay-opacity":"","overlay-gradient":""},"tablet":{"background-color":"","background-image":"","background-repeat":"repeat","background-position":"center center","background-size":"auto","background-attachment":"scroll","background-type":"","background-media":"","overlay-type":"","overlay-color":"","overlay-opacity":"","overlay-gradient":""},"mobile":{"background-color":"","background-image":"","background-repeat":"repeat","background-position":"center center","background-size":"auto","background-attachment":"scroll","background-type":"","background-media":"","overlay-type":"","overlay-color":"","overlay-opacity":"","overlay-gradient":""}},"ast-content-background-meta":{"desktop":{"background-color":"var(--ast-global-color-5)","background-image":"","background-repeat":"repeat","background-position":"center center","background-size":"auto","background-attachment":"scroll","background-type":"","background-media":"","overlay-type":"","overlay-color":"","overlay-opacity":"","overlay-gradient":""},"tablet":{"background-color":"var(--ast-global-color-5)","background-image":"","background-repeat":"repeat","background-position":"center center","background-size":"auto","background-attachment":"scroll","background-type":"","background-media":"","overlay-type":"","overlay-color":"","overlay-opacity":"","overlay-gradient":""},"mobile":{"background-color":"var(--ast-global-color-5)","background-image":"","background-repeat":"repeat","background-position":"center center","background-size":"auto","background-attachment":"scroll","background-type":"","background-media":"","overlay-type":"","overlay-color":"","overlay-opacity":"","overlay-gradient":""}},"footnotes":""},"class_list":["post-3","page","type-page","status-publish","hentry"],"acf":[],"_links":{"self":[{"href":"https:\/\/mechmill.com\/lt\/wp-json\/wp\/v2\/pages\/3","targetHints":{"allow":["GET"]}}],"collection":[{"href":"https:\/\/mechmill.com\/lt\/wp-json\/wp\/v2\/pages"}],"about":[{"href":"https:\/\/mechmill.com\/lt\/wp-json\/wp\/v2\/types\/page"}],"author":[{"embeddable":true,"href":"https:\/\/mechmill.com\/lt\/wp-json\/wp\/v2\/users\/1"}],"replies":[{"embeddable":true,"href":"https:\/\/mechmill.com\/lt\/wp-json\/wp\/v2\/comments?post=3"}],"version-history":[{"count":6,"href":"https:\/\/mechmill.com\/lt\/wp-json\/wp\/v2\/pages\/3\/revisions"}],"predecessor-version":[{"id":3641,"href":"https:\/\/mechmill.com\/lt\/wp-json\/wp\/v2\/pages\/3\/revisions\/3641"}],"wp:attachment":[{"href":"https:\/\/mechmill.com\/lt\/wp-json\/wp\/v2\/media?parent=3"}],"curies":[{"name":"wp","href":"https:\/\/api.w.org\/{rel}","templated":true}]}}