{"id":284,"date":"2023-06-25T14:51:21","date_gmt":"2023-06-25T14:51:21","guid":{"rendered":"https:\/\/mechmill.com\/?page_id=284"},"modified":"2023-11-23T08:50:19","modified_gmt":"2023-11-23T08:50:19","slug":"ask-an-expert","status":"publish","type":"page","link":"https:\/\/mechmill.com\/lt\/klauskite-eksperto\/","title":{"rendered":"Klauskite eksperto"},"content":{"rendered":"<div data-elementor-type=\"wp-page\" data-elementor-id=\"284\" class=\"elementor elementor-284\" data-elementor-post-type=\"page\">\n\t\t\t\t\t\t<section class=\"elementor-section elementor-top-section elementor-element elementor-element-73e9095 elementor-section-boxed elementor-section-height-default elementor-section-height-default\" data-id=\"73e9095\" data-element_type=\"section\" data-e-type=\"section\">\n\t\t\t\t\t\t<div class=\"elementor-container elementor-column-gap-default\">\n\t\t\t\t\t<div class=\"elementor-column elementor-col-100 elementor-top-column elementor-element elementor-element-6f023ae\" data-id=\"6f023ae\" data-element_type=\"column\" data-e-type=\"column\">\n\t\t\t<div class=\"elementor-widget-wrap elementor-element-populated\">\n\t\t\t\t\t\t<div class=\"elementor-element elementor-element-b013eb5 elementor-widget elementor-widget-wp-widget-bcn_widget\" data-id=\"b013eb5\" data-element_type=\"widget\" data-e-type=\"widget\" data-widget_type=\"wp-widget-bcn_widget.default\">\n\t\t\t\t<div class=\"elementor-widget-container\">\n\t\t\t\t\t<div class=\"breadcrumbs\" vocab=\"https:\/\/schema.org\/\" typeof=\"BreadcrumbList\"><!-- Breadcrumb NavXT 7.4.1 -->\n<span property=\"itemListElement\" typeof=\"ListItem\"><a property=\"item\" typeof=\"WebPage\" title=\"Eikite \u012f mechmill.com.\" href=\"https:\/\/mechmill.com\/lt\" class=\"home\" aria-current=\"page\"><span property=\"name\">Pagrindinis<\/span><\/a><meta property=\"position\" content=\"1\"><\/span><\/div>\t\t\t\t<\/div>\n\t\t\t\t<\/div>\n\t\t\t\t<div class=\"elementor-element elementor-element-14964f9 elementor-widget elementor-widget-heading\" data-id=\"14964f9\" data-element_type=\"widget\" data-e-type=\"widget\" data-widget_type=\"heading.default\">\n\t\t\t\t<div class=\"elementor-widget-container\">\n\t\t\t\t\t<h1 class=\"elementor-heading-title elementor-size-default\">Klauskite eksperto<\/h1>\t\t\t\t<\/div>\n\t\t\t\t<\/div>\n\t\t\t\t<div class=\"elementor-element elementor-element-bc02fa3 elementor-widget-divider--view-line_icon elementor-widget-divider--element-align-left elementor-view-default elementor-widget elementor-widget-divider\" data-id=\"bc02fa3\" data-element_type=\"widget\" data-e-type=\"widget\" data-widget_type=\"divider.default\">\n\t\t\t\t<div class=\"elementor-widget-container\">\n\t\t\t\t\t\t\t<div class=\"elementor-divider\">\n\t\t\t<span class=\"elementor-divider-separator\">\n\t\t\t\t\t\t\t<div class=\"elementor-icon elementor-divider__element\">\n\t\t\t\t\t<i aria-hidden=\"true\" class=\"fas fa-ellipsis-h\"><\/i><\/div>\n\t\t\t\t\t\t<\/span>\n\t\t<\/div>\n\t\t\t\t\t\t<\/div>\n\t\t\t\t<\/div>\n\t\t\t\t<div class=\"elementor-element elementor-element-18e1736 elementor-widget elementor-widget-text-editor\" data-id=\"18e1736\" data-element_type=\"widget\" data-e-type=\"widget\" data-widget_type=\"text-editor.default\">\n\t\t\t\t<div class=\"elementor-widget-container\">\n\t\t\t\t\t\t\t\t\t<p>\"MechMill\" si\u016blome neprilygstam\u0105 kompetencij\u0105 ma\u0161in\u0173 srityje, apiman\u010di\u0105 plat\u0173 spektr\u0105 nuo mi\u0161ini\u0173 gamybos ir ekstruzijos iki kalendori\u0173, liejimo ir kt. M\u016bs\u0173 patyr\u0119 in\u017einieriai yra pasireng\u0119 pad\u0117ti ir atsakyti \u012f j\u016bs\u0173 klausimus apie procesus ir \u012frang\u0105. Naudokit\u0117s m\u016bs\u0173 funkcija \"Klauskite eksperto\" ir gaukite tiesiogini\u0173 m\u016bs\u0173 specialist\u0173 \u012f\u017evalg\u0173. Per\u017ei\u016br\u0117kite m\u016bs\u0173 DUK, kad gautum\u0117te i\u0161samius atsakymus.<\/p><p>\"MechMill\", pasi\u017eyminti gamybos meistri\u0161kumu, ne tik tiekia auk\u0161\u010diausio lygio \u012frang\u0105, bet ir suteikia jums \u017eini\u0173, kad gal\u0117tum\u0117te priimti pagr\u012fstus sprendimus. Pasinerkite \u012f m\u016bs\u0173 i\u0161teklius, kad u\u017etikrintum\u0117te optimal\u0173 tikslum\u0105 ir auk\u0161\u010diausi\u0105 na\u0161um\u0105 savo gamybos reikm\u0117ms.<\/p>\t\t\t\t\t\t\t\t<\/div>\n\t\t\t\t<\/div>\n\t\t\t\t<div class=\"elementor-element elementor-element-4768a2a elementor-widget elementor-widget-shortcode\" data-id=\"4768a2a\" data-element_type=\"widget\" data-e-type=\"widget\" data-widget_type=\"shortcode.default\">\n\t\t\t\t<div class=\"elementor-widget-container\">\n\t\t\t\t\t\t\t<div class=\"elementor-shortcode\">\n<div class=\"wpcf7 no-js\" id=\"wpcf7-f300-o1\" lang=\"en-US\" dir=\"ltr\" data-wpcf7-id=\"300\">\n<div class=\"screen-reader-response\"><p role=\"status\" aria-live=\"polite\" aria-atomic=\"true\"><\/p> <ul><\/ul><\/div>\n<form action=\"\/lt\/wp-json\/wp\/v2\/pages\/284#wpcf7-f300-o1\" method=\"post\" class=\"wpcf7-form init\" aria-label=\"Contact form\" novalidate=\"novalidate\" data-status=\"init\" data-trp-original-action=\"\/lt\/wp-json\/wp\/v2\/pages\/284#wpcf7-f300-o1\">\n<fieldset class=\"hidden-fields-container\"><input type=\"hidden\" name=\"_wpcf7\" value=\"300\" \/><input type=\"hidden\" name=\"_wpcf7_version\" value=\"6.1.5\" \/><input type=\"hidden\" name=\"_wpcf7_locale\" value=\"en_US\" \/><input type=\"hidden\" name=\"_wpcf7_unit_tag\" value=\"wpcf7-f300-o1\" \/><input type=\"hidden\" name=\"_wpcf7_container_post\" value=\"0\" \/><input type=\"hidden\" name=\"_wpcf7_posted_data_hash\" value=\"\" \/>\n<\/fieldset>\n<div class=\"one-half form-content\">\n\t<lable>\n\t\t<p><span class=\"wpcf7-form-control-wrap\" data-name=\"your-company\"><input size=\"40\" maxlength=\"400\" class=\"wpcf7-form-control wpcf7-text\" autocomplete=\"name\" aria-invalid=\"false\" placeholder=\"J\u016bs\u0173 \u012fmon\u0117\" value=\"\" type=\"text\" name=\"your-company\" \/><\/span>\n\t\t<\/p>\n\t<\/lable>\n<\/div>\n<div class=\"one-half form-content\">\n\t<lable>\n\t\t<p><span class=\"wpcf7-form-control-wrap\" data-name=\"your-name\"><input size=\"40\" maxlength=\"400\" class=\"wpcf7-form-control wpcf7-text\" autocomplete=\"contact\" aria-invalid=\"false\" placeholder=\"J\u016bs\u0173 vardas ir pavard\u0117\" value=\"\" type=\"text\" name=\"your-name\" \/><\/span>\n\t\t<\/p>\n\t<\/lable>\n<\/div>\n<div class=\"one-half form-content\">\n\t<lable>\n\t\t<p><span class=\"wpcf7-form-control-wrap\" data-name=\"your-email\"><input size=\"40\" maxlength=\"400\" class=\"wpcf7-form-control wpcf7-email wpcf7-validates-as-required wpcf7-text wpcf7-validates-as-email\" autocomplete=\"email\" aria-required=\"true\" aria-invalid=\"false\" placeholder=\"J\u016bs\u0173 el. pa\u0161tas*\" value=\"\" type=\"email\" name=\"your-email\" \/><\/span>\n\t\t<\/p>\n\t<\/lable>\n<\/div>\n<div class=\"one-half form-content\">\n\t<lable>\n\t\t<p><span class=\"wpcf7-form-control-wrap\" data-name=\"your-tel\"><input size=\"40\" maxlength=\"400\" class=\"wpcf7-form-control wpcf7-tel wpcf7-text wpcf7-validates-as-tel\" autocomplete=\"tel\" aria-invalid=\"false\" placeholder=\"Telefono numeris\" value=\"\" type=\"tel\" name=\"your-tel\" \/><\/span>\n\t\t<\/p>\n\t<\/lable>\n<\/div>\n<div class=\"one form-content\">\n\t<lable>\n\t\t<p><span class=\"wpcf7-form-control-wrap\" data-name=\"your-message\"><textarea cols=\"40\" rows=\"4\" maxlength=\"2000\" class=\"wpcf7-form-control wpcf7-textarea wpcf7-validates-as-required\" aria-required=\"true\" aria-invalid=\"false\" placeholder=\"\u012eveskite savo klausim\u0105 \u017eemiau*\" name=\"your-message\"><\/textarea><\/span>\n\t\t<\/p>\n\t<\/lable>\n<\/div>\n<p><input class=\"wpcf7-form-control wpcf7-submit has-spinner\" type=\"submit\" value=\"Pateikti\" \/><br \/>\n<script>\ndocument.addEventListener( 'wpcf7mailsent', function( event ) {\n location = 'https:\/\/mechmill.com\/thank-you\/';\n}, false );\n<\/script>\n<\/p><div class=\"wpcf7-response-output\" aria-hidden=\"true\"><\/div>\n<input type=\"hidden\" name=\"trp-form-language\" value=\"lt\"\/><\/form>\n<\/div>\n<\/div>\n\t\t\t\t\t\t<\/div>\n\t\t\t\t<\/div>\n\t\t\t\t<div class=\"elementor-element elementor-element-8921a2a elementor-widget elementor-widget-text-editor\" data-id=\"8921a2a\" data-element_type=\"widget\" data-e-type=\"widget\" data-widget_type=\"text-editor.default\">\n\t\t\t\t<div class=\"elementor-widget-container\">\n\t\t\t\t\t\t\t\t\t<p>\u0160i svetain\u0117 yra apsaugota reCAPTCHA ir \"Google <a href=\"https:\/\/policies.google.com\/privacy\">Privatumo politika<\/a> ir <a href=\"https:\/\/policies.google.com\/terms\">Paslaug\u0173 teikimo s\u0105lygos<\/a> taikyti.<\/p>\t\t\t\t\t\t\t\t<\/div>\n\t\t\t\t<\/div>\n\t\t\t\t\t<\/div>\n\t\t<\/div>\n\t\t\t\t\t<\/div>\n\t\t<\/section>\n\t\t\t\t<section class=\"elementor-section elementor-top-section elementor-element elementor-element-b4c916f elementor-section-boxed elementor-section-height-default elementor-section-height-default\" data-id=\"b4c916f\" data-element_type=\"section\" data-e-type=\"section\" data-settings=\"{&quot;background_background&quot;:&quot;classic&quot;}\">\n\t\t\t\t\t\t<div class=\"elementor-container elementor-column-gap-default\">\n\t\t\t\t\t<div class=\"elementor-column elementor-col-100 elementor-top-column elementor-element elementor-element-2e68ed1\" data-id=\"2e68ed1\" data-element_type=\"column\" data-e-type=\"column\">\n\t\t\t<div class=\"elementor-widget-wrap elementor-element-populated\">\n\t\t\t\t\t\t<div class=\"elementor-element elementor-element-376758d elementor-widget elementor-widget-heading\" data-id=\"376758d\" data-element_type=\"widget\" data-e-type=\"widget\" data-widget_type=\"heading.default\">\n\t\t\t\t<div class=\"elementor-widget-container\">\n\t\t\t\t\t<h2 class=\"elementor-heading-title elementor-size-default\">Per\u017ei\u016br\u0117ti populiarius klausimus ir atsakymus<\/h2>\t\t\t\t<\/div>\n\t\t\t\t<\/div>\n\t\t\t\t<div class=\"elementor-element elementor-element-ca97951 elementor-widget-divider--view-line_icon elementor-widget-divider--element-align-left elementor-view-default elementor-widget elementor-widget-divider\" data-id=\"ca97951\" data-element_type=\"widget\" data-e-type=\"widget\" data-widget_type=\"divider.default\">\n\t\t\t\t<div class=\"elementor-widget-container\">\n\t\t\t\t\t\t\t<div class=\"elementor-divider\">\n\t\t\t<span class=\"elementor-divider-separator\">\n\t\t\t\t\t\t\t<div class=\"elementor-icon elementor-divider__element\">\n\t\t\t\t\t<i aria-hidden=\"true\" class=\"fas fa-ellipsis-h\"><\/i><\/div>\n\t\t\t\t\t\t<\/span>\n\t\t<\/div>\n\t\t\t\t\t\t<\/div>\n\t\t\t\t<\/div>\n\t\t\t\t<section class=\"elementor-section elementor-inner-section elementor-element elementor-element-e6c8594 elementor-section-boxed elementor-section-height-default elementor-section-height-default\" data-id=\"e6c8594\" data-element_type=\"section\" data-e-type=\"section\" data-settings=\"{&quot;background_background&quot;:&quot;classic&quot;}\">\n\t\t\t\t\t\t<div class=\"elementor-container elementor-column-gap-default\">\n\t\t\t\t\t<div class=\"elementor-column elementor-col-100 elementor-inner-column elementor-element elementor-element-2aae03a\" data-id=\"2aae03a\" data-element_type=\"column\" data-e-type=\"column\">\n\t\t\t<div class=\"elementor-widget-wrap elementor-element-populated\">\n\t\t\t\t\t\t<div class=\"elementor-element elementor-element-f61d70a elementor-widget elementor-widget-heading\" data-id=\"f61d70a\" data-element_type=\"widget\" data-e-type=\"widget\" data-widget_type=\"heading.default\">\n\t\t\t\t<div class=\"elementor-widget-container\">\n\t\t\t\t\t<h3 class=\"elementor-heading-title elementor-size-default\">Ar vienpakopiai rotoriniai\/statoriniai mai\u0161ytuvai gali gaminti smulkias dispersijas ir emulsijas su submikronin\u0117mis dalel\u0117mis ar la\u0161eliais?\n<\/h3>\t\t\t\t<\/div>\n\t\t\t\t<\/div>\n\t\t\t\t<div class=\"elementor-element elementor-element-003775f elementor-widget elementor-widget-text-editor\" data-id=\"003775f\" data-element_type=\"widget\" data-e-type=\"widget\" data-widget_type=\"text-editor.default\">\n\t\t\t\t<div class=\"elementor-widget-container\">\n\t\t\t\t\t\t\t\t\tTaip, standartiniai didelio \u0161lyties grei\u010dio mai\u0161ytuvai gali gaminti submikroninius la\u0161elius ar daleles. Ta\u010diau tai labai priklauso ir nuo pa\u010dios sud\u0117ties. Be mai\u0161ymo intensyvumo, daleli\u0173 ar la\u0161eli\u0173 dyd\u017eio ma\u017e\u0117jimui \u012ftakos turi keletas kit\u0173 veiksni\u0173, \u012fskaitant \u017ealiav\u0173 savybes, j\u0173 s\u0105veik\u0105 ar chemin\u0119 sud\u0117t\u012f, pavir\u0161inio aktyvumo med\u017eiagos buvim\u0105 ir r\u016b\u0161\u012f, darbo temperat\u016br\u0105, jautrum\u0105 \u0161lyties jud\u0117jimui ir kt. D\u0117l \u0161ios prie\u017easties daleli\u0173 dyd\u017eio pasiskirstym\u0105 galima tiksliai nustatyti tik atliekant mai\u0161ytuvo bandymus, kai naudojamos tikrosios \u017ealiavos ir kuo tiksliau imituojamos realios technologin\u0117s linijos s\u0105lygos. Tam tikrais atvejais net ir tos pa\u010dios \u017ealiavos, gautos i\u0161 skirting\u0173 tiek\u0117j\u0173, rezultatai gali labai skirtis.\n\n\t\t\t\t\t\t\t\t<\/div>\n\t\t\t\t<\/div>\n\t\t\t\t\t<\/div>\n\t\t<\/div>\n\t\t\t\t\t<\/div>\n\t\t<\/section>\n\t\t\t\t<section class=\"elementor-section elementor-inner-section elementor-element elementor-element-4a5b659 elementor-section-boxed elementor-section-height-default elementor-section-height-default\" data-id=\"4a5b659\" data-element_type=\"section\" data-e-type=\"section\" data-settings=\"{&quot;background_background&quot;:&quot;classic&quot;}\">\n\t\t\t\t\t\t<div class=\"elementor-container elementor-column-gap-default\">\n\t\t\t\t\t<div class=\"elementor-column elementor-col-100 elementor-inner-column elementor-element elementor-element-06c7677\" data-id=\"06c7677\" data-element_type=\"column\" data-e-type=\"column\">\n\t\t\t<div class=\"elementor-widget-wrap elementor-element-populated\">\n\t\t\t\t\t\t<div class=\"elementor-element elementor-element-82b0d19 elementor-widget elementor-widget-heading\" data-id=\"82b0d19\" data-element_type=\"widget\" data-e-type=\"widget\" data-widget_type=\"heading.default\">\n\t\t\t\t<div class=\"elementor-widget-container\">\n\t\t\t\t\t<h3 class=\"elementor-heading-title elementor-size-default\">Ar vienpakopiai rotoriniai\/statoriniai mai\u0161ytuvai gali gaminti smulkias dispersijas ir emulsijas su submikronin\u0117mis dalel\u0117mis ar la\u0161eliais?\n<\/h3>\t\t\t\t<\/div>\n\t\t\t\t<\/div>\n\t\t\t\t<div class=\"elementor-element elementor-element-5abe79b elementor-widget elementor-widget-text-editor\" data-id=\"5abe79b\" data-element_type=\"widget\" data-e-type=\"widget\" data-widget_type=\"text-editor.default\">\n\t\t\t\t<div class=\"elementor-widget-container\">\n\t\t\t\t\t\t\t\t\tTaip, standartiniai didelio \u0161lyties grei\u010dio mai\u0161ytuvai gali gaminti submikroninius la\u0161elius ar daleles. Ta\u010diau tai labai priklauso ir nuo pa\u010dios sud\u0117ties. Be mai\u0161ymo intensyvumo, daleli\u0173 ar la\u0161eli\u0173 dyd\u017eio ma\u017e\u0117jimui \u012ftakos turi keletas kit\u0173 veiksni\u0173, \u012fskaitant \u017ealiav\u0173 savybes, j\u0173 s\u0105veik\u0105 ar chemin\u0119 sud\u0117t\u012f, pavir\u0161inio aktyvumo med\u017eiagos buvim\u0105 ir r\u016b\u0161\u012f, darbo temperat\u016br\u0105, jautrum\u0105 \u0161lyties jud\u0117jimui ir kt. D\u0117l \u0161ios prie\u017easties daleli\u0173 dyd\u017eio pasiskirstym\u0105 galima tiksliai nustatyti tik atliekant mai\u0161ytuvo bandymus, kai naudojamos tikrosios \u017ealiavos ir kuo tiksliau imituojamos realios technologin\u0117s linijos s\u0105lygos. Tam tikrais atvejais net ir tos pa\u010dios \u017ealiavos, gautos i\u0161 skirting\u0173 tiek\u0117j\u0173, rezultatai gali labai skirtis.\n\n\t\t\t\t\t\t\t\t<\/div>\n\t\t\t\t<\/div>\n\t\t\t\t\t<\/div>\n\t\t<\/div>\n\t\t\t\t\t<\/div>\n\t\t<\/section>\n\t\t\t\t<section class=\"elementor-section elementor-inner-section elementor-element elementor-element-e7127fb elementor-section-boxed elementor-section-height-default elementor-section-height-default\" data-id=\"e7127fb\" data-element_type=\"section\" data-e-type=\"section\" data-settings=\"{&quot;background_background&quot;:&quot;classic&quot;}\">\n\t\t\t\t\t\t<div class=\"elementor-container elementor-column-gap-default\">\n\t\t\t\t\t<div class=\"elementor-column elementor-col-100 elementor-inner-column elementor-element elementor-element-8dbbb21\" data-id=\"8dbbb21\" data-element_type=\"column\" data-e-type=\"column\">\n\t\t\t<div class=\"elementor-widget-wrap elementor-element-populated\">\n\t\t\t\t\t\t<div class=\"elementor-element elementor-element-bc696da elementor-widget elementor-widget-heading\" data-id=\"bc696da\" data-element_type=\"widget\" data-e-type=\"widget\" data-widget_type=\"heading.default\">\n\t\t\t\t<div class=\"elementor-widget-container\">\n\t\t\t\t\t<h3 class=\"elementor-heading-title elementor-size-default\">Ar vienpakopiai rotoriniai\/statoriniai mai\u0161ytuvai gali gaminti smulkias dispersijas ir emulsijas su submikronin\u0117mis dalel\u0117mis ar la\u0161eliais?\n<\/h3>\t\t\t\t<\/div>\n\t\t\t\t<\/div>\n\t\t\t\t<div class=\"elementor-element elementor-element-8c4fd17 elementor-widget elementor-widget-text-editor\" data-id=\"8c4fd17\" data-element_type=\"widget\" data-e-type=\"widget\" data-widget_type=\"text-editor.default\">\n\t\t\t\t<div class=\"elementor-widget-container\">\n\t\t\t\t\t\t\t\t\tTaip, standartiniai didelio \u0161lyties grei\u010dio mai\u0161ytuvai gali gaminti submikroninius la\u0161elius ar daleles. Ta\u010diau tai labai priklauso ir nuo pa\u010dios sud\u0117ties. Be mai\u0161ymo intensyvumo, daleli\u0173 ar la\u0161eli\u0173 dyd\u017eio ma\u017e\u0117jimui \u012ftakos turi keletas kit\u0173 veiksni\u0173, \u012fskaitant \u017ealiav\u0173 savybes, j\u0173 s\u0105veik\u0105 ar chemin\u0119 sud\u0117t\u012f, pavir\u0161inio aktyvumo med\u017eiagos buvim\u0105 ir r\u016b\u0161\u012f, darbo temperat\u016br\u0105, jautrum\u0105 \u0161lyties jud\u0117jimui ir kt. D\u0117l \u0161ios prie\u017easties daleli\u0173 dyd\u017eio pasiskirstym\u0105 galima tiksliai nustatyti tik atliekant mai\u0161ytuvo bandymus, kai naudojamos tikrosios \u017ealiavos ir kuo tiksliau imituojamos realios technologin\u0117s linijos s\u0105lygos. Tam tikrais atvejais net ir tos pa\u010dios \u017ealiavos, gautos i\u0161 skirting\u0173 tiek\u0117j\u0173, rezultatai gali labai skirtis.\n\n\t\t\t\t\t\t\t\t<\/div>\n\t\t\t\t<\/div>\n\t\t\t\t\t<\/div>\n\t\t<\/div>\n\t\t\t\t\t<\/div>\n\t\t<\/section>\n\t\t\t\t<section class=\"elementor-section elementor-inner-section elementor-element elementor-element-5ea46dc elementor-section-boxed elementor-section-height-default elementor-section-height-default\" data-id=\"5ea46dc\" data-element_type=\"section\" data-e-type=\"section\" data-settings=\"{&quot;background_background&quot;:&quot;classic&quot;}\">\n\t\t\t\t\t\t<div class=\"elementor-container elementor-column-gap-default\">\n\t\t\t\t\t<div class=\"elementor-column elementor-col-100 elementor-inner-column elementor-element elementor-element-82a045d\" data-id=\"82a045d\" data-element_type=\"column\" data-e-type=\"column\">\n\t\t\t<div class=\"elementor-widget-wrap elementor-element-populated\">\n\t\t\t\t\t\t<div class=\"elementor-element elementor-element-968c7c9 elementor-widget elementor-widget-heading\" data-id=\"968c7c9\" data-element_type=\"widget\" data-e-type=\"widget\" data-widget_type=\"heading.default\">\n\t\t\t\t<div class=\"elementor-widget-container\">\n\t\t\t\t\t<h3 class=\"elementor-heading-title elementor-size-default\">Ar vienpakopiai rotoriniai\/statoriniai mai\u0161ytuvai gali gaminti smulkias dispersijas ir emulsijas su submikronin\u0117mis dalel\u0117mis ar la\u0161eliais?\n<\/h3>\t\t\t\t<\/div>\n\t\t\t\t<\/div>\n\t\t\t\t<div class=\"elementor-element elementor-element-4f58a2b elementor-widget elementor-widget-text-editor\" data-id=\"4f58a2b\" data-element_type=\"widget\" data-e-type=\"widget\" data-widget_type=\"text-editor.default\">\n\t\t\t\t<div class=\"elementor-widget-container\">\n\t\t\t\t\t\t\t\t\tTaip, standartiniai didelio \u0161lyties grei\u010dio mai\u0161ytuvai gali gaminti submikroninius la\u0161elius ar daleles. Ta\u010diau tai labai priklauso ir nuo pa\u010dios sud\u0117ties. Be mai\u0161ymo intensyvumo, daleli\u0173 ar la\u0161eli\u0173 dyd\u017eio ma\u017e\u0117jimui \u012ftakos turi keletas kit\u0173 veiksni\u0173, \u012fskaitant \u017ealiav\u0173 savybes, j\u0173 s\u0105veik\u0105 ar chemin\u0119 sud\u0117t\u012f, pavir\u0161inio aktyvumo med\u017eiagos buvim\u0105 ir r\u016b\u0161\u012f, darbo temperat\u016br\u0105, jautrum\u0105 \u0161lyties jud\u0117jimui ir kt. D\u0117l \u0161ios prie\u017easties daleli\u0173 dyd\u017eio pasiskirstym\u0105 galima tiksliai nustatyti tik atliekant mai\u0161ytuvo bandymus, kai naudojamos tikrosios \u017ealiavos ir kuo tiksliau imituojamos realios technologin\u0117s linijos s\u0105lygos. Tam tikrais atvejais net ir tos pa\u010dios \u017ealiavos, gautos i\u0161 skirting\u0173 tiek\u0117j\u0173, rezultatai gali labai skirtis.\n\n\t\t\t\t\t\t\t\t<\/div>\n\t\t\t\t<\/div>\n\t\t\t\t\t<\/div>\n\t\t<\/div>\n\t\t\t\t\t<\/div>\n\t\t<\/section>\n\t\t\t\t\t<\/div>\n\t\t<\/div>\n\t\t\t\t\t<\/div>\n\t\t<\/section>\n\t\t\t\t<\/div>","protected":false},"excerpt":{"rendered":"<p>Ask an Expert At MechMill, we offer unmatched machinery expertise, spanning a wide range from compounding and extrusion to calendaring, molding, and more. Our seasoned engineers are ready to assist, addressing your inquiries about processes and equipment. Utilize our &#8220;Ask an Expert&#8221; feature for direct insights from our specialists. Explore our FAQs for comprehensive answers. [&hellip;]<\/p>","protected":false},"author":1,"featured_media":0,"parent":0,"menu_order":0,"comment_status":"closed","ping_status":"closed","template":"","meta":{"_acf_changed":false,"_seopress_robots_primary_cat":"","_seopress_titles_title":"Ask an Expert | Mechmill Industrial Solutions Guidance","_seopress_titles_desc":"Get expert guidance for your industrial solutions with Mechmill&#039;s &#039;Ask an Expert&#039; service. Our team is ready to assist you in optimizing your processes.","_seopress_robots_index":"","site-sidebar-layout":"no-sidebar","site-content-layout":"page-builder","ast-site-content-layout":"default","site-content-style":"default","site-sidebar-style":"default","ast-global-header-display":"","ast-banner-title-visibility":"","ast-main-header-display":"","ast-hfb-above-header-display":"","ast-hfb-below-header-display":"","ast-hfb-mobile-header-display":"","site-post-title":"disabled","ast-breadcrumbs-content":"","ast-featured-img":"disabled","footer-sml-layout":"","theme-transparent-header-meta":"","adv-header-id-meta":"","stick-header-meta":"","header-above-stick-meta":"","header-main-stick-meta":"","header-below-stick-meta":"","astra-migrate-meta-layouts":"default","ast-page-background-enabled":"default","ast-page-background-meta":{"desktop":{"background-color":"var(--ast-global-color-4)","background-image":"","background-repeat":"repeat","background-position":"center center","background-size":"auto","background-attachment":"scroll","background-type":"","background-media":"","overlay-type":"","overlay-color":"","overlay-opacity":"","overlay-gradient":""},"tablet":{"background-color":"","background-image":"","background-repeat":"repeat","background-position":"center center","background-size":"auto","background-attachment":"scroll","background-type":"","background-media":"","overlay-type":"","overlay-color":"","overlay-opacity":"","overlay-gradient":""},"mobile":{"background-color":"","background-image":"","background-repeat":"repeat","background-position":"center center","background-size":"auto","background-attachment":"scroll","background-type":"","background-media":"","overlay-type":"","overlay-color":"","overlay-opacity":"","overlay-gradient":""}},"ast-content-background-meta":{"desktop":{"background-color":"var(--ast-global-color-5)","background-image":"","background-repeat":"repeat","background-position":"center center","background-size":"auto","background-attachment":"scroll","background-type":"","background-media":"","overlay-type":"","overlay-color":"","overlay-opacity":"","overlay-gradient":""},"tablet":{"background-color":"var(--ast-global-color-5)","background-image":"","background-repeat":"repeat","background-position":"center center","background-size":"auto","background-attachment":"scroll","background-type":"","background-media":"","overlay-type":"","overlay-color":"","overlay-opacity":"","overlay-gradient":""},"mobile":{"background-color":"var(--ast-global-color-5)","background-image":"","background-repeat":"repeat","background-position":"center center","background-size":"auto","background-attachment":"scroll","background-type":"","background-media":"","overlay-type":"","overlay-color":"","overlay-opacity":"","overlay-gradient":""}},"footnotes":""},"class_list":["post-284","page","type-page","status-publish","hentry"],"acf":[],"_links":{"self":[{"href":"https:\/\/mechmill.com\/lt\/wp-json\/wp\/v2\/pages\/284","targetHints":{"allow":["GET"]}}],"collection":[{"href":"https:\/\/mechmill.com\/lt\/wp-json\/wp\/v2\/pages"}],"about":[{"href":"https:\/\/mechmill.com\/lt\/wp-json\/wp\/v2\/types\/page"}],"author":[{"embeddable":true,"href":"https:\/\/mechmill.com\/lt\/wp-json\/wp\/v2\/users\/1"}],"replies":[{"embeddable":true,"href":"https:\/\/mechmill.com\/lt\/wp-json\/wp\/v2\/comments?post=284"}],"version-history":[{"count":76,"href":"https:\/\/mechmill.com\/lt\/wp-json\/wp\/v2\/pages\/284\/revisions"}],"predecessor-version":[{"id":2434,"href":"https:\/\/mechmill.com\/lt\/wp-json\/wp\/v2\/pages\/284\/revisions\/2434"}],"wp:attachment":[{"href":"https:\/\/mechmill.com\/lt\/wp-json\/wp\/v2\/media?parent=284"}],"curies":[{"name":"wp","href":"https:\/\/api.w.org\/{rel}","templated":true}]}}