{"id":2,"date":"2023-06-25T01:29:45","date_gmt":"2023-06-25T01:29:45","guid":{"rendered":"https:\/\/mechmill.com\/?page_id=2"},"modified":"2023-11-23T08:33:49","modified_gmt":"2023-11-23T08:33:49","slug":"about-us","status":"publish","type":"page","link":"https:\/\/mechmill.com\/lt\/apie-mus\/","title":{"rendered":"Apie mus"},"content":{"rendered":"<div data-elementor-type=\"wp-page\" data-elementor-id=\"2\" class=\"elementor elementor-2\" data-elementor-post-type=\"page\">\n\t\t\t\t\t\t<section class=\"elementor-section elementor-top-section elementor-element elementor-element-29d5d45 elementor-section-boxed elementor-section-height-default elementor-section-height-default\" data-id=\"29d5d45\" data-element_type=\"section\" data-e-type=\"section\">\n\t\t\t\t\t\t<div class=\"elementor-container elementor-column-gap-default\">\n\t\t\t\t\t<div class=\"elementor-column elementor-col-100 elementor-top-column elementor-element elementor-element-8ae9006\" data-id=\"8ae9006\" data-element_type=\"column\" data-e-type=\"column\">\n\t\t\t<div class=\"elementor-widget-wrap elementor-element-populated\">\n\t\t\t\t\t\t<div class=\"elementor-element elementor-element-403541c elementor-widget elementor-widget-wp-widget-bcn_widget\" data-id=\"403541c\" data-element_type=\"widget\" data-e-type=\"widget\" data-widget_type=\"wp-widget-bcn_widget.default\">\n\t\t\t\t<div class=\"elementor-widget-container\">\n\t\t\t\t\t<div class=\"breadcrumbs\" vocab=\"https:\/\/schema.org\/\" typeof=\"BreadcrumbList\"><!-- Breadcrumb NavXT 7.4.1 -->\n<span property=\"itemListElement\" typeof=\"ListItem\"><a property=\"item\" typeof=\"WebPage\" title=\"Eikite \u012f mechmill.com.\" href=\"https:\/\/mechmill.com\/lt\" class=\"home\" aria-current=\"page\"><span property=\"name\">Pagrindinis<\/span><\/a><meta property=\"position\" content=\"1\"><\/span><\/div>\t\t\t\t<\/div>\n\t\t\t\t<\/div>\n\t\t\t\t<div class=\"elementor-element elementor-element-3c8ab3e elementor-widget elementor-widget-heading\" data-id=\"3c8ab3e\" data-element_type=\"widget\" data-e-type=\"widget\" data-widget_type=\"heading.default\">\n\t\t\t\t<div class=\"elementor-widget-container\">\n\t\t\t\t\t<h1 class=\"elementor-heading-title elementor-size-default\">Apie mus<\/h1>\t\t\t\t<\/div>\n\t\t\t\t<\/div>\n\t\t\t\t<div class=\"elementor-element elementor-element-8cb197e elementor-widget-divider--view-line_icon elementor-widget-divider--element-align-left elementor-view-default elementor-widget elementor-widget-divider\" data-id=\"8cb197e\" data-element_type=\"widget\" data-e-type=\"widget\" data-widget_type=\"divider.default\">\n\t\t\t\t<div class=\"elementor-widget-container\">\n\t\t\t\t\t\t\t<div class=\"elementor-divider\">\n\t\t\t<span class=\"elementor-divider-separator\">\n\t\t\t\t\t\t\t<div class=\"elementor-icon elementor-divider__element\">\n\t\t\t\t\t<i aria-hidden=\"true\" class=\"fas fa-ellipsis-h\"><\/i><\/div>\n\t\t\t\t\t\t<\/span>\n\t\t<\/div>\n\t\t\t\t\t\t<\/div>\n\t\t\t\t<\/div>\n\t\t\t\t<div class=\"elementor-element elementor-element-b9649f8 elementor-widget elementor-widget-image\" data-id=\"b9649f8\" data-element_type=\"widget\" data-e-type=\"widget\" data-widget_type=\"image.default\">\n\t\t\t\t<div class=\"elementor-widget-container\">\n\t\t\t\t\t\t\t\t\t\t\t\t\t\t\t<img fetchpriority=\"high\" decoding=\"async\" width=\"1000\" height=\"413\" src=\"https:\/\/mechmill.com\/wp-content\/uploads\/2023\/08\/Factory.jpg\" class=\"attachment-large size-large wp-image-2532\" alt=\"Gamykla\" srcset=\"https:\/\/mechmill.com\/wp-content\/uploads\/2023\/08\/Factory.jpg 1000w, https:\/\/mechmill.com\/wp-content\/uploads\/2023\/08\/Factory-300x124.jpg 300w, https:\/\/mechmill.com\/wp-content\/uploads\/2023\/08\/Factory-768x317.jpg 768w\" sizes=\"(max-width: 1000px) 100vw, 1000px\" \/>\t\t\t\t\t\t\t\t\t\t\t\t\t\t\t<\/div>\n\t\t\t\t<\/div>\n\t\t\t\t<div class=\"elementor-element elementor-element-c2e78ee elementor-widget elementor-widget-text-editor\" data-id=\"c2e78ee\" data-element_type=\"widget\" data-e-type=\"widget\" data-widget_type=\"text-editor.default\">\n\t\t\t\t<div class=\"elementor-widget-container\">\n\t\t\t\t\t\t\t\t\t<h2>Leiskite mums prisistatyti...<\/h2><p>\u012etvirtinta kompetencija nuo 2010 m:<\/p><p>Sveiki atvyk\u0119 \u012f \"MechMill\", pirmaujan\u010di\u0105 tiksli\u0173j\u0173 pramonini\u0173 ma\u0161in\u0173 gamintoj\u0105, \u012fsik\u016brusi\u0105 Dongguane, Kinijoje. Daugiau nei de\u0161imtmet\u012f skai\u010diuojanti \u012fmon\u0117 specializuojasi inovatyvios \u012frangos, \u012fskaitant vulkanizavimo ma\u0161inas, ekstruderius ir kt., gamyboje. M\u016bs\u0173 \u012fsipareigojimas siekti tikslumo ir in\u017einerinio meistri\u0161kumo yra nepajudinamas. Atraskite gamybos ateit\u012f su \"MechMill\".<\/p><h3>Kuo mes i\u0161siskiriame?<\/h3><p>\"MechMill\" specializuojam\u0117s kurdami i\u0161skirtines ma\u0161inas, pritaikytas \u012fvairi\u0173 pramon\u0117s \u0161ak\u0173 poreikiams. Esame pirmaujanti gamintoja, tod\u0117l siekiame teikti auk\u0161\u010diausio lygio sprendimus klientams, ie\u0161kantiems auk\u0161tos kokyb\u0117s ma\u0161in\u0173. M\u016bs\u0173 gamini\u0173 asortimentas apima \u012fvairias tikslias ma\u0161inas, \u012fskaitant vulkanizavimo \u012frang\u0105, kalandrus, laboratorines p\u016bstos pl\u0117vel\u0117s ma\u0161inas, laboratorinius ekstruderius, laboratorines mai\u0161ymo ma\u0161inas, nedideles valcavimo stakles ir nedideles \u012fpur\u0161kimo ma\u0161inas. Did\u017eiuodamiesi projektuojame ir gaminame visas savo ma\u0161inas patys, u\u017etikrindami, kad kiekvienas gaminys b\u016bt\u0173 pa\u017eym\u0117tas m\u016bs\u0173 \u012fsipareigojimo siekti meistri\u0161kumo \u017eenklu.<\/p><h3>K\u0105 galime jums pasi\u016blyti?<\/h3><p>Daugiau nei 25 metus dirbame \u0161ioje srityje, tod\u0117l \u012f kiekvien\u0105 savo projekt\u0105 \u012fne\u0161ame daug \u017eini\u0173 ir patirties. M\u016bs\u0173 tikslas - tiekti auk\u0161\u010diausios kokyb\u0117s ma\u0161inas, paremtas technin\u0117mis \u017einiomis ir neprilygstamu klient\u0173 aptarnavimu. \"MechMill\" i\u0161laiko konkurencingas kainas, ta\u010diau niekada nenusileid\u017eia savo si\u016blom\u0173 produkt\u0173 kokybei ir tikslumui. Su m\u016bs\u0173 ma\u0161inomis \u012fgyjate partner\u012f, pasiry\u017eus\u012f padidinti j\u016bs\u0173 pramoninius paj\u0117gumus.<\/p><h3>M\u016bs\u0173 misija:<\/h3><p>\"MechMill\" misija - kurti pramonin\u0119 \u012frang\u0105, kuri ne tik atitinka, bet ir pranoksta j\u016bs\u0173 l\u016bkes\u010dius. Esame pasiry\u017e\u0119 tapti j\u016bs\u0173 pasitenkinimo etalonu, projektuodami ir kurdami ma\u0161inas, pritaikytas b\u016btent j\u016bs\u0173 poreikiams.<\/p><p>M\u016bs\u0173 aistringa \"MechMill\" komanda nuo\u0161ird\u017eiai laikosi \u0161ios misijos ir j\u0105 \u012fk\u016bnija, u\u017etikrindama, kad ja b\u016bt\u0173 vadovaujamasi visais m\u016bs\u0173 kasdien\u0117s veiklos aspektais.<\/p><p>Prisijunkite prie m\u016bs\u0173 kelion\u0117s naujovi\u0173 ir kompetencijos link. Patirkite \"MechMill\" skirtum\u0105 - kai tikslioji in\u017einerija atitinka klient\u0173 \u012fsipareigojimus.<\/p>\t\t\t\t\t\t\t\t<\/div>\n\t\t\t\t<\/div>\n\t\t\t\t\t<\/div>\n\t\t<\/div>\n\t\t\t\t\t<\/div>\n\t\t<\/section>\n\t\t\t\t<\/div>","protected":false},"excerpt":{"rendered":"<p>About Us Let Us Introduce Ourselves&#8230; Established Excellence Since 2010: Welcome to MechMill, a leading manufacturer of precision industrial machinery based in Dongguan, China. With over a decade of legacy, we specialize in crafting innovative equipment, including vulcanization machines, extruders, and more. Our commitment to precision and engineering mastery is unwavering. Explore the future of [&hellip;]<\/p>","protected":false},"author":1,"featured_media":0,"parent":0,"menu_order":0,"comment_status":"closed","ping_status":"open","template":"","meta":{"_acf_changed":false,"_seopress_robots_primary_cat":"","_seopress_titles_title":"About Mechmill - Your Reliable Two Roll Mill Supplier","_seopress_titles_desc":"Learn about Mechmill, a factory specializing in two roll mills. We offer technical expertise, quality, and competitive pricing. Discover our story.","_seopress_robots_index":"","site-sidebar-layout":"no-sidebar","site-content-layout":"page-builder","ast-site-content-layout":"default","site-content-style":"default","site-sidebar-style":"default","ast-global-header-display":"","ast-banner-title-visibility":"","ast-main-header-display":"","ast-hfb-above-header-display":"","ast-hfb-below-header-display":"","ast-hfb-mobile-header-display":"","site-post-title":"disabled","ast-breadcrumbs-content":"","ast-featured-img":"disabled","footer-sml-layout":"","theme-transparent-header-meta":"","adv-header-id-meta":"","stick-header-meta":"","header-above-stick-meta":"","header-main-stick-meta":"","header-below-stick-meta":"","astra-migrate-meta-layouts":"default","ast-page-background-enabled":"default","ast-page-background-meta":{"desktop":{"background-color":"var(--ast-global-color-4)","background-image":"","background-repeat":"repeat","background-position":"center center","background-size":"auto","background-attachment":"scroll","background-type":"","background-media":"","overlay-type":"","overlay-color":"","overlay-opacity":"","overlay-gradient":""},"tablet":{"background-color":"","background-image":"","background-repeat":"repeat","background-position":"center center","background-size":"auto","background-attachment":"scroll","background-type":"","background-media":"","overlay-type":"","overlay-color":"","overlay-opacity":"","overlay-gradient":""},"mobile":{"background-color":"","background-image":"","background-repeat":"repeat","background-position":"center center","background-size":"auto","background-attachment":"scroll","background-type":"","background-media":"","overlay-type":"","overlay-color":"","overlay-opacity":"","overlay-gradient":""}},"ast-content-background-meta":{"desktop":{"background-color":"var(--ast-global-color-5)","background-image":"","background-repeat":"repeat","background-position":"center center","background-size":"auto","background-attachment":"scroll","background-type":"","background-media":"","overlay-type":"","overlay-color":"","overlay-opacity":"","overlay-gradient":""},"tablet":{"background-color":"var(--ast-global-color-5)","background-image":"","background-repeat":"repeat","background-position":"center center","background-size":"auto","background-attachment":"scroll","background-type":"","background-media":"","overlay-type":"","overlay-color":"","overlay-opacity":"","overlay-gradient":""},"mobile":{"background-color":"var(--ast-global-color-5)","background-image":"","background-repeat":"repeat","background-position":"center center","background-size":"auto","background-attachment":"scroll","background-type":"","background-media":"","overlay-type":"","overlay-color":"","overlay-opacity":"","overlay-gradient":""}},"footnotes":""},"class_list":["post-2","page","type-page","status-publish","hentry"],"acf":[],"_links":{"self":[{"href":"https:\/\/mechmill.com\/lt\/wp-json\/wp\/v2\/pages\/2","targetHints":{"allow":["GET"]}}],"collection":[{"href":"https:\/\/mechmill.com\/lt\/wp-json\/wp\/v2\/pages"}],"about":[{"href":"https:\/\/mechmill.com\/lt\/wp-json\/wp\/v2\/types\/page"}],"author":[{"embeddable":true,"href":"https:\/\/mechmill.com\/lt\/wp-json\/wp\/v2\/users\/1"}],"replies":[{"embeddable":true,"href":"https:\/\/mechmill.com\/lt\/wp-json\/wp\/v2\/comments?post=2"}],"version-history":[{"count":94,"href":"https:\/\/mechmill.com\/lt\/wp-json\/wp\/v2\/pages\/2\/revisions"}],"predecessor-version":[{"id":2549,"href":"https:\/\/mechmill.com\/lt\/wp-json\/wp\/v2\/pages\/2\/revisions\/2549"}],"wp:attachment":[{"href":"https:\/\/mechmill.com\/lt\/wp-json\/wp\/v2\/media?parent=2"}],"curies":[{"name":"wp","href":"https:\/\/api.w.org\/{rel}","templated":true}]}}