{"id":284,"date":"2023-06-25T14:51:21","date_gmt":"2023-06-25T14:51:21","guid":{"rendered":"https:\/\/mechmill.com\/?page_id=284"},"modified":"2023-11-23T08:50:19","modified_gmt":"2023-11-23T08:50:19","slug":"ask-an-expert","status":"publish","type":"page","link":"https:\/\/mechmill.com\/it\/chiedi-a-un-esperto\/","title":{"rendered":"Chiedi a un esperto"},"content":{"rendered":"<div data-elementor-type=\"wp-page\" data-elementor-id=\"284\" class=\"elementor elementor-284\" data-elementor-post-type=\"page\">\n\t\t\t\t\t\t<section class=\"elementor-section elementor-top-section elementor-element elementor-element-73e9095 elementor-section-boxed elementor-section-height-default elementor-section-height-default\" data-id=\"73e9095\" data-element_type=\"section\" data-e-type=\"section\">\n\t\t\t\t\t\t<div class=\"elementor-container elementor-column-gap-default\">\n\t\t\t\t\t<div class=\"elementor-column elementor-col-100 elementor-top-column elementor-element elementor-element-6f023ae\" data-id=\"6f023ae\" data-element_type=\"column\" data-e-type=\"column\">\n\t\t\t<div class=\"elementor-widget-wrap elementor-element-populated\">\n\t\t\t\t\t\t<div class=\"elementor-element elementor-element-b013eb5 elementor-widget elementor-widget-wp-widget-bcn_widget\" data-id=\"b013eb5\" data-element_type=\"widget\" data-e-type=\"widget\" data-widget_type=\"wp-widget-bcn_widget.default\">\n\t\t\t\t<div class=\"elementor-widget-container\">\n\t\t\t\t\t<div class=\"breadcrumbs\" vocab=\"https:\/\/schema.org\/\" typeof=\"BreadcrumbList\"><!-- Breadcrumb NavXT 7.4.1 -->\n<span property=\"itemListElement\" typeof=\"ListItem\"><a property=\"item\" typeof=\"WebPage\" title=\"Andate su mechmill.com.\" href=\"https:\/\/mechmill.com\/it\" class=\"home\" aria-current=\"page\"><span property=\"name\">Casa<\/span><\/a><meta property=\"position\" content=\"1\"><\/span><\/div>\t\t\t\t<\/div>\n\t\t\t\t<\/div>\n\t\t\t\t<div class=\"elementor-element elementor-element-14964f9 elementor-widget elementor-widget-heading\" data-id=\"14964f9\" data-element_type=\"widget\" data-e-type=\"widget\" data-widget_type=\"heading.default\">\n\t\t\t\t<div class=\"elementor-widget-container\">\n\t\t\t\t\t<h1 class=\"elementor-heading-title elementor-size-default\">Chiedi a un esperto<\/h1>\t\t\t\t<\/div>\n\t\t\t\t<\/div>\n\t\t\t\t<div class=\"elementor-element elementor-element-bc02fa3 elementor-widget-divider--view-line_icon elementor-widget-divider--element-align-left elementor-view-default elementor-widget elementor-widget-divider\" data-id=\"bc02fa3\" data-element_type=\"widget\" data-e-type=\"widget\" data-widget_type=\"divider.default\">\n\t\t\t\t<div class=\"elementor-widget-container\">\n\t\t\t\t\t\t\t<div class=\"elementor-divider\">\n\t\t\t<span class=\"elementor-divider-separator\">\n\t\t\t\t\t\t\t<div class=\"elementor-icon elementor-divider__element\">\n\t\t\t\t\t<i aria-hidden=\"true\" class=\"fas fa-ellipsis-h\"><\/i><\/div>\n\t\t\t\t\t\t<\/span>\n\t\t<\/div>\n\t\t\t\t\t\t<\/div>\n\t\t\t\t<\/div>\n\t\t\t\t<div class=\"elementor-element elementor-element-18e1736 elementor-widget elementor-widget-text-editor\" data-id=\"18e1736\" data-element_type=\"widget\" data-e-type=\"widget\" data-widget_type=\"text-editor.default\">\n\t\t\t\t<div class=\"elementor-widget-container\">\n\t\t\t\t\t\t\t\t\t<p>Noi di MechMill offriamo un'esperienza ineguagliata nel settore dei macchinari, che spazia dalla compoundazione ed estrusione alla calandratura, allo stampaggio e altro ancora. I nostri ingegneri esperti sono pronti ad assistervi, rispondendo alle vostre domande sui processi e sulle attrezzature. Utilizzate la funzione \"Chiedi a un esperto\" per ottenere informazioni dirette dai nostri specialisti. Esplorate le nostre FAQ per ottenere risposte esaurienti.<\/p><p>Con una tradizione di eccellenza produttiva, MechMill non solo fornisce attrezzature di alto livello, ma vi fornisce anche le conoscenze necessarie per prendere decisioni informate. Approfittate delle nostre risorse per ottimizzare la precisione e ottenere prestazioni superiori per le vostre esigenze di produzione.<\/p>\t\t\t\t\t\t\t\t<\/div>\n\t\t\t\t<\/div>\n\t\t\t\t<div class=\"elementor-element elementor-element-4768a2a elementor-widget elementor-widget-shortcode\" data-id=\"4768a2a\" data-element_type=\"widget\" data-e-type=\"widget\" data-widget_type=\"shortcode.default\">\n\t\t\t\t<div class=\"elementor-widget-container\">\n\t\t\t\t\t\t\t<div class=\"elementor-shortcode\">\n<div class=\"wpcf7 no-js\" id=\"wpcf7-f300-o1\" lang=\"en-US\" dir=\"ltr\" data-wpcf7-id=\"300\">\n<div class=\"screen-reader-response\"><p role=\"status\" aria-live=\"polite\" aria-atomic=\"true\"><\/p> <ul><\/ul><\/div>\n<form action=\"\/it\/wp-json\/wp\/v2\/pages\/284#wpcf7-f300-o1\" method=\"post\" class=\"wpcf7-form init\" aria-label=\"Contact form\" novalidate=\"novalidate\" data-status=\"init\" data-trp-original-action=\"\/it\/wp-json\/wp\/v2\/pages\/284#wpcf7-f300-o1\">\n<fieldset class=\"hidden-fields-container\"><input type=\"hidden\" name=\"_wpcf7\" value=\"300\" \/><input type=\"hidden\" name=\"_wpcf7_version\" value=\"6.1.5\" \/><input type=\"hidden\" name=\"_wpcf7_locale\" value=\"en_US\" \/><input type=\"hidden\" name=\"_wpcf7_unit_tag\" value=\"wpcf7-f300-o1\" \/><input type=\"hidden\" name=\"_wpcf7_container_post\" value=\"0\" \/><input type=\"hidden\" name=\"_wpcf7_posted_data_hash\" value=\"\" \/>\n<\/fieldset>\n<div class=\"one-half form-content\">\n\t<lable>\n\t\t<p><span class=\"wpcf7-form-control-wrap\" data-name=\"your-company\"><input size=\"40\" maxlength=\"400\" class=\"wpcf7-form-control wpcf7-text\" autocomplete=\"name\" aria-invalid=\"false\" placeholder=\"La vostra azienda\" value=\"\" type=\"text\" name=\"your-company\" \/><\/span>\n\t\t<\/p>\n\t<\/lable>\n<\/div>\n<div class=\"one-half form-content\">\n\t<lable>\n\t\t<p><span class=\"wpcf7-form-control-wrap\" data-name=\"your-name\"><input size=\"40\" maxlength=\"400\" class=\"wpcf7-form-control wpcf7-text\" autocomplete=\"contact\" aria-invalid=\"false\" placeholder=\"Il tuo nome\" value=\"\" type=\"text\" name=\"your-name\" \/><\/span>\n\t\t<\/p>\n\t<\/lable>\n<\/div>\n<div class=\"one-half form-content\">\n\t<lable>\n\t\t<p><span class=\"wpcf7-form-control-wrap\" data-name=\"your-email\"><input size=\"40\" maxlength=\"400\" class=\"wpcf7-form-control wpcf7-email wpcf7-validates-as-required wpcf7-text wpcf7-validates-as-email\" autocomplete=\"email\" aria-required=\"true\" aria-invalid=\"false\" placeholder=\"Il tuo indirizzo e-mail*\" value=\"\" type=\"email\" name=\"your-email\" \/><\/span>\n\t\t<\/p>\n\t<\/lable>\n<\/div>\n<div class=\"one-half form-content\">\n\t<lable>\n\t\t<p><span class=\"wpcf7-form-control-wrap\" data-name=\"your-tel\"><input size=\"40\" maxlength=\"400\" class=\"wpcf7-form-control wpcf7-tel wpcf7-text wpcf7-validates-as-tel\" autocomplete=\"tel\" aria-invalid=\"false\" placeholder=\"Numero di telefono\" value=\"\" type=\"tel\" name=\"your-tel\" \/><\/span>\n\t\t<\/p>\n\t<\/lable>\n<\/div>\n<div class=\"one form-content\">\n\t<lable>\n\t\t<p><span class=\"wpcf7-form-control-wrap\" data-name=\"your-message\"><textarea cols=\"40\" rows=\"4\" maxlength=\"2000\" class=\"wpcf7-form-control wpcf7-textarea wpcf7-validates-as-required\" aria-required=\"true\" aria-invalid=\"false\" placeholder=\"Inserisci la tua domanda qui sotto*\" name=\"your-message\"><\/textarea><\/span>\n\t\t<\/p>\n\t<\/lable>\n<\/div>\n<p><input class=\"wpcf7-form-control wpcf7-submit has-spinner\" type=\"submit\" value=\"Invia\" \/><br \/>\n<script>\ndocument.addEventListener( 'wpcf7mailsent', function( event ) {\n location = 'https:\/\/mechmill.com\/thank-you\/';\n}, false );\n<\/script>\n<\/p><div class=\"wpcf7-response-output\" aria-hidden=\"true\"><\/div>\n<input type=\"hidden\" name=\"trp-form-language\" value=\"it\"\/><\/form>\n<\/div>\n<\/div>\n\t\t\t\t\t\t<\/div>\n\t\t\t\t<\/div>\n\t\t\t\t<div class=\"elementor-element elementor-element-8921a2a elementor-widget elementor-widget-text-editor\" data-id=\"8921a2a\" data-element_type=\"widget\" data-e-type=\"widget\" data-widget_type=\"text-editor.default\">\n\t\t\t\t<div class=\"elementor-widget-container\">\n\t\t\t\t\t\t\t\t\t<p>Questo sito \u00e8 protetto da reCAPTCHA e da Google <a href=\"https:\/\/policies.google.com\/privacy\">Informativa sulla privacy<\/a> e <a href=\"https:\/\/policies.google.com\/terms\">Termini di servizio<\/a> applicare.<\/p>\t\t\t\t\t\t\t\t<\/div>\n\t\t\t\t<\/div>\n\t\t\t\t\t<\/div>\n\t\t<\/div>\n\t\t\t\t\t<\/div>\n\t\t<\/section>\n\t\t\t\t<section class=\"elementor-section elementor-top-section elementor-element elementor-element-b4c916f elementor-section-boxed elementor-section-height-default elementor-section-height-default\" data-id=\"b4c916f\" data-element_type=\"section\" data-e-type=\"section\" data-settings=\"{&quot;background_background&quot;:&quot;classic&quot;}\">\n\t\t\t\t\t\t<div class=\"elementor-container elementor-column-gap-default\">\n\t\t\t\t\t<div class=\"elementor-column elementor-col-100 elementor-top-column elementor-element elementor-element-2e68ed1\" data-id=\"2e68ed1\" data-element_type=\"column\" data-e-type=\"column\">\n\t\t\t<div class=\"elementor-widget-wrap elementor-element-populated\">\n\t\t\t\t\t\t<div class=\"elementor-element elementor-element-376758d elementor-widget elementor-widget-heading\" data-id=\"376758d\" data-element_type=\"widget\" data-e-type=\"widget\" data-widget_type=\"heading.default\">\n\t\t\t\t<div class=\"elementor-widget-container\">\n\t\t\t\t\t<h2 class=\"elementor-heading-title elementor-size-default\">Visualizza le domande e le risposte pi\u00f9 frequenti<\/h2>\t\t\t\t<\/div>\n\t\t\t\t<\/div>\n\t\t\t\t<div class=\"elementor-element elementor-element-ca97951 elementor-widget-divider--view-line_icon elementor-widget-divider--element-align-left elementor-view-default elementor-widget elementor-widget-divider\" data-id=\"ca97951\" data-element_type=\"widget\" data-e-type=\"widget\" data-widget_type=\"divider.default\">\n\t\t\t\t<div class=\"elementor-widget-container\">\n\t\t\t\t\t\t\t<div class=\"elementor-divider\">\n\t\t\t<span class=\"elementor-divider-separator\">\n\t\t\t\t\t\t\t<div class=\"elementor-icon elementor-divider__element\">\n\t\t\t\t\t<i aria-hidden=\"true\" class=\"fas fa-ellipsis-h\"><\/i><\/div>\n\t\t\t\t\t\t<\/span>\n\t\t<\/div>\n\t\t\t\t\t\t<\/div>\n\t\t\t\t<\/div>\n\t\t\t\t<section class=\"elementor-section elementor-inner-section elementor-element elementor-element-e6c8594 elementor-section-boxed elementor-section-height-default elementor-section-height-default\" data-id=\"e6c8594\" data-element_type=\"section\" data-e-type=\"section\" data-settings=\"{&quot;background_background&quot;:&quot;classic&quot;}\">\n\t\t\t\t\t\t<div class=\"elementor-container elementor-column-gap-default\">\n\t\t\t\t\t<div class=\"elementor-column elementor-col-100 elementor-inner-column elementor-element elementor-element-2aae03a\" data-id=\"2aae03a\" data-element_type=\"column\" data-e-type=\"column\">\n\t\t\t<div class=\"elementor-widget-wrap elementor-element-populated\">\n\t\t\t\t\t\t<div class=\"elementor-element elementor-element-f61d70a elementor-widget elementor-widget-heading\" data-id=\"f61d70a\" data-element_type=\"widget\" data-e-type=\"widget\" data-widget_type=\"heading.default\">\n\t\t\t\t<div class=\"elementor-widget-container\">\n\t\t\t\t\t<h3 class=\"elementor-heading-title elementor-size-default\">I miscelatori a rotore\/statore a singolo stadio possono produrre dispersioni fini ed emulsioni con particelle o goccioline submicroniche?\n<\/h3>\t\t\t\t<\/div>\n\t\t\t\t<\/div>\n\t\t\t\t<div class=\"elementor-element elementor-element-003775f elementor-widget elementor-widget-text-editor\" data-id=\"003775f\" data-element_type=\"widget\" data-e-type=\"widget\" data-widget_type=\"text-editor.default\">\n\t\t\t\t<div class=\"elementor-widget-container\">\n\t\t\t\t\t\t\t\t\tS\u00ec, i miscelatori standard ad alto taglio sono in grado di produrre gocce o particelle submicroniche. Ma in gran parte ci\u00f2 dipende anche dalla formulazione stessa. Oltre all'intensit\u00e0 di miscelazione, molti altri fattori influiscono sulla riduzione delle dimensioni delle particelle o delle gocce, tra cui le propriet\u00e0 intrinseche delle materie prime, la loro interazione o chimica, la presenza e il tipo di tensioattivo, la temperatura di esercizio, la sensibilit\u00e0 al taglio, ecc. Per questo motivo, la distribuzione granulometrica pu\u00f2 essere determinata con precisione solo attraverso prove di miscelazione in cui vengono utilizzate le materie prime reali e vengono simulate il pi\u00f9 possibile le condizioni reali della linea di processo. In alcuni casi, anche la stessa materia prima proveniente da un fornitore diverso pu\u00f2 dare risultati significativamente diversi.\n\n\t\t\t\t\t\t\t\t<\/div>\n\t\t\t\t<\/div>\n\t\t\t\t\t<\/div>\n\t\t<\/div>\n\t\t\t\t\t<\/div>\n\t\t<\/section>\n\t\t\t\t<section class=\"elementor-section elementor-inner-section elementor-element elementor-element-4a5b659 elementor-section-boxed elementor-section-height-default elementor-section-height-default\" data-id=\"4a5b659\" data-element_type=\"section\" data-e-type=\"section\" data-settings=\"{&quot;background_background&quot;:&quot;classic&quot;}\">\n\t\t\t\t\t\t<div class=\"elementor-container elementor-column-gap-default\">\n\t\t\t\t\t<div class=\"elementor-column elementor-col-100 elementor-inner-column elementor-element elementor-element-06c7677\" data-id=\"06c7677\" data-element_type=\"column\" data-e-type=\"column\">\n\t\t\t<div class=\"elementor-widget-wrap elementor-element-populated\">\n\t\t\t\t\t\t<div class=\"elementor-element elementor-element-82b0d19 elementor-widget elementor-widget-heading\" data-id=\"82b0d19\" data-element_type=\"widget\" data-e-type=\"widget\" data-widget_type=\"heading.default\">\n\t\t\t\t<div class=\"elementor-widget-container\">\n\t\t\t\t\t<h3 class=\"elementor-heading-title elementor-size-default\">I miscelatori a rotore\/statore a singolo stadio possono produrre dispersioni fini ed emulsioni con particelle o goccioline submicroniche?\n<\/h3>\t\t\t\t<\/div>\n\t\t\t\t<\/div>\n\t\t\t\t<div class=\"elementor-element elementor-element-5abe79b elementor-widget elementor-widget-text-editor\" data-id=\"5abe79b\" data-element_type=\"widget\" data-e-type=\"widget\" data-widget_type=\"text-editor.default\">\n\t\t\t\t<div class=\"elementor-widget-container\">\n\t\t\t\t\t\t\t\t\tS\u00ec, i miscelatori standard ad alto taglio sono in grado di produrre gocce o particelle submicroniche. Ma in gran parte ci\u00f2 dipende anche dalla formulazione stessa. Oltre all'intensit\u00e0 di miscelazione, molti altri fattori influiscono sulla riduzione delle dimensioni delle particelle o delle gocce, tra cui le propriet\u00e0 intrinseche delle materie prime, la loro interazione o chimica, la presenza e il tipo di tensioattivo, la temperatura di esercizio, la sensibilit\u00e0 al taglio, ecc. Per questo motivo, la distribuzione granulometrica pu\u00f2 essere determinata con precisione solo attraverso prove di miscelazione in cui vengono utilizzate le materie prime reali e vengono simulate il pi\u00f9 possibile le condizioni reali della linea di processo. In alcuni casi, anche la stessa materia prima proveniente da un fornitore diverso pu\u00f2 dare risultati significativamente diversi.\n\n\t\t\t\t\t\t\t\t<\/div>\n\t\t\t\t<\/div>\n\t\t\t\t\t<\/div>\n\t\t<\/div>\n\t\t\t\t\t<\/div>\n\t\t<\/section>\n\t\t\t\t<section class=\"elementor-section elementor-inner-section elementor-element elementor-element-e7127fb elementor-section-boxed elementor-section-height-default elementor-section-height-default\" data-id=\"e7127fb\" data-element_type=\"section\" data-e-type=\"section\" data-settings=\"{&quot;background_background&quot;:&quot;classic&quot;}\">\n\t\t\t\t\t\t<div class=\"elementor-container elementor-column-gap-default\">\n\t\t\t\t\t<div class=\"elementor-column elementor-col-100 elementor-inner-column elementor-element elementor-element-8dbbb21\" data-id=\"8dbbb21\" data-element_type=\"column\" data-e-type=\"column\">\n\t\t\t<div class=\"elementor-widget-wrap elementor-element-populated\">\n\t\t\t\t\t\t<div class=\"elementor-element elementor-element-bc696da elementor-widget elementor-widget-heading\" data-id=\"bc696da\" data-element_type=\"widget\" data-e-type=\"widget\" data-widget_type=\"heading.default\">\n\t\t\t\t<div class=\"elementor-widget-container\">\n\t\t\t\t\t<h3 class=\"elementor-heading-title elementor-size-default\">I miscelatori a rotore\/statore a singolo stadio possono produrre dispersioni fini ed emulsioni con particelle o goccioline submicroniche?\n<\/h3>\t\t\t\t<\/div>\n\t\t\t\t<\/div>\n\t\t\t\t<div class=\"elementor-element elementor-element-8c4fd17 elementor-widget elementor-widget-text-editor\" data-id=\"8c4fd17\" data-element_type=\"widget\" data-e-type=\"widget\" data-widget_type=\"text-editor.default\">\n\t\t\t\t<div class=\"elementor-widget-container\">\n\t\t\t\t\t\t\t\t\tS\u00ec, i miscelatori standard ad alto taglio sono in grado di produrre gocce o particelle submicroniche. Ma in gran parte ci\u00f2 dipende anche dalla formulazione stessa. Oltre all'intensit\u00e0 di miscelazione, molti altri fattori influiscono sulla riduzione delle dimensioni delle particelle o delle gocce, tra cui le propriet\u00e0 intrinseche delle materie prime, la loro interazione o chimica, la presenza e il tipo di tensioattivo, la temperatura di esercizio, la sensibilit\u00e0 al taglio, ecc. Per questo motivo, la distribuzione granulometrica pu\u00f2 essere determinata con precisione solo attraverso prove di miscelazione in cui vengono utilizzate le materie prime reali e vengono simulate il pi\u00f9 possibile le condizioni reali della linea di processo. In alcuni casi, anche la stessa materia prima proveniente da un fornitore diverso pu\u00f2 dare risultati significativamente diversi.\n\n\t\t\t\t\t\t\t\t<\/div>\n\t\t\t\t<\/div>\n\t\t\t\t\t<\/div>\n\t\t<\/div>\n\t\t\t\t\t<\/div>\n\t\t<\/section>\n\t\t\t\t<section class=\"elementor-section elementor-inner-section elementor-element elementor-element-5ea46dc elementor-section-boxed elementor-section-height-default elementor-section-height-default\" data-id=\"5ea46dc\" data-element_type=\"section\" data-e-type=\"section\" data-settings=\"{&quot;background_background&quot;:&quot;classic&quot;}\">\n\t\t\t\t\t\t<div class=\"elementor-container elementor-column-gap-default\">\n\t\t\t\t\t<div class=\"elementor-column elementor-col-100 elementor-inner-column elementor-element elementor-element-82a045d\" data-id=\"82a045d\" data-element_type=\"column\" data-e-type=\"column\">\n\t\t\t<div class=\"elementor-widget-wrap elementor-element-populated\">\n\t\t\t\t\t\t<div class=\"elementor-element elementor-element-968c7c9 elementor-widget elementor-widget-heading\" data-id=\"968c7c9\" data-element_type=\"widget\" data-e-type=\"widget\" data-widget_type=\"heading.default\">\n\t\t\t\t<div class=\"elementor-widget-container\">\n\t\t\t\t\t<h3 class=\"elementor-heading-title elementor-size-default\">I miscelatori a rotore\/statore a singolo stadio possono produrre dispersioni fini ed emulsioni con particelle o goccioline submicroniche?\n<\/h3>\t\t\t\t<\/div>\n\t\t\t\t<\/div>\n\t\t\t\t<div class=\"elementor-element elementor-element-4f58a2b elementor-widget elementor-widget-text-editor\" data-id=\"4f58a2b\" data-element_type=\"widget\" data-e-type=\"widget\" data-widget_type=\"text-editor.default\">\n\t\t\t\t<div class=\"elementor-widget-container\">\n\t\t\t\t\t\t\t\t\tS\u00ec, i miscelatori standard ad alto taglio sono in grado di produrre gocce o particelle submicroniche. Ma in gran parte ci\u00f2 dipende anche dalla formulazione stessa. Oltre all'intensit\u00e0 di miscelazione, molti altri fattori influiscono sulla riduzione delle dimensioni delle particelle o delle gocce, tra cui le propriet\u00e0 intrinseche delle materie prime, la loro interazione o chimica, la presenza e il tipo di tensioattivo, la temperatura di esercizio, la sensibilit\u00e0 al taglio, ecc. Per questo motivo, la distribuzione granulometrica pu\u00f2 essere determinata con precisione solo attraverso prove di miscelazione in cui vengono utilizzate le materie prime reali e vengono simulate il pi\u00f9 possibile le condizioni reali della linea di processo. In alcuni casi, anche la stessa materia prima proveniente da un fornitore diverso pu\u00f2 dare risultati significativamente diversi.\n\n\t\t\t\t\t\t\t\t<\/div>\n\t\t\t\t<\/div>\n\t\t\t\t\t<\/div>\n\t\t<\/div>\n\t\t\t\t\t<\/div>\n\t\t<\/section>\n\t\t\t\t\t<\/div>\n\t\t<\/div>\n\t\t\t\t\t<\/div>\n\t\t<\/section>\n\t\t\t\t<\/div>","protected":false},"excerpt":{"rendered":"<p>Ask an Expert At MechMill, we offer unmatched machinery expertise, spanning a wide range from compounding and extrusion to calendaring, molding, and more. Our seasoned engineers are ready to assist, addressing your inquiries about processes and equipment. Utilize our &#8220;Ask an Expert&#8221; feature for direct insights from our specialists. Explore our FAQs for comprehensive answers. [&hellip;]<\/p>","protected":false},"author":1,"featured_media":0,"parent":0,"menu_order":0,"comment_status":"closed","ping_status":"closed","template":"","meta":{"_acf_changed":false,"_seopress_robots_primary_cat":"","_seopress_titles_title":"Ask an Expert | Mechmill Industrial Solutions Guidance","_seopress_titles_desc":"Get expert guidance for your industrial solutions with Mechmill&#039;s &#039;Ask an Expert&#039; service. Our team is ready to assist you in optimizing your processes.","_seopress_robots_index":"","_seopress_analysis_target_kw":"","site-sidebar-layout":"no-sidebar","site-content-layout":"page-builder","ast-site-content-layout":"default","site-content-style":"default","site-sidebar-style":"default","ast-global-header-display":"","ast-banner-title-visibility":"","ast-main-header-display":"","ast-hfb-above-header-display":"","ast-hfb-below-header-display":"","ast-hfb-mobile-header-display":"","site-post-title":"disabled","ast-breadcrumbs-content":"","ast-featured-img":"disabled","footer-sml-layout":"","theme-transparent-header-meta":"","adv-header-id-meta":"","stick-header-meta":"","header-above-stick-meta":"","header-main-stick-meta":"","header-below-stick-meta":"","astra-migrate-meta-layouts":"default","ast-page-background-enabled":"default","ast-page-background-meta":{"desktop":{"background-color":"var(--ast-global-color-4)","background-image":"","background-repeat":"repeat","background-position":"center center","background-size":"auto","background-attachment":"scroll","background-type":"","background-media":"","overlay-type":"","overlay-color":"","overlay-opacity":"","overlay-gradient":""},"tablet":{"background-color":"","background-image":"","background-repeat":"repeat","background-position":"center center","background-size":"auto","background-attachment":"scroll","background-type":"","background-media":"","overlay-type":"","overlay-color":"","overlay-opacity":"","overlay-gradient":""},"mobile":{"background-color":"","background-image":"","background-repeat":"repeat","background-position":"center center","background-size":"auto","background-attachment":"scroll","background-type":"","background-media":"","overlay-type":"","overlay-color":"","overlay-opacity":"","overlay-gradient":""}},"ast-content-background-meta":{"desktop":{"background-color":"var(--ast-global-color-5)","background-image":"","background-repeat":"repeat","background-position":"center center","background-size":"auto","background-attachment":"scroll","background-type":"","background-media":"","overlay-type":"","overlay-color":"","overlay-opacity":"","overlay-gradient":""},"tablet":{"background-color":"var(--ast-global-color-5)","background-image":"","background-repeat":"repeat","background-position":"center center","background-size":"auto","background-attachment":"scroll","background-type":"","background-media":"","overlay-type":"","overlay-color":"","overlay-opacity":"","overlay-gradient":""},"mobile":{"background-color":"var(--ast-global-color-5)","background-image":"","background-repeat":"repeat","background-position":"center center","background-size":"auto","background-attachment":"scroll","background-type":"","background-media":"","overlay-type":"","overlay-color":"","overlay-opacity":"","overlay-gradient":""}},"footnotes":""},"class_list":["post-284","page","type-page","status-publish","hentry"],"acf":[],"_links":{"self":[{"href":"https:\/\/mechmill.com\/it\/wp-json\/wp\/v2\/pages\/284","targetHints":{"allow":["GET"]}}],"collection":[{"href":"https:\/\/mechmill.com\/it\/wp-json\/wp\/v2\/pages"}],"about":[{"href":"https:\/\/mechmill.com\/it\/wp-json\/wp\/v2\/types\/page"}],"author":[{"embeddable":true,"href":"https:\/\/mechmill.com\/it\/wp-json\/wp\/v2\/users\/1"}],"replies":[{"embeddable":true,"href":"https:\/\/mechmill.com\/it\/wp-json\/wp\/v2\/comments?post=284"}],"version-history":[{"count":76,"href":"https:\/\/mechmill.com\/it\/wp-json\/wp\/v2\/pages\/284\/revisions"}],"predecessor-version":[{"id":2434,"href":"https:\/\/mechmill.com\/it\/wp-json\/wp\/v2\/pages\/284\/revisions\/2434"}],"wp:attachment":[{"href":"https:\/\/mechmill.com\/it\/wp-json\/wp\/v2\/media?parent=284"}],"curies":[{"name":"wp","href":"https:\/\/api.w.org\/{rel}","templated":true}]}}