{"id":2900,"date":"2023-08-28T08:22:47","date_gmt":"2023-08-28T08:22:47","guid":{"rendered":"https:\/\/mechmill.com\/?post_type=product&#038;p=2900"},"modified":"2023-12-26T01:54:27","modified_gmt":"2023-12-26T01:54:27","slug":"five-roll-silicone-rolling-machine-horizontal-type","status":"publish","type":"product","link":"https:\/\/mechmill.com\/hu\/products\/five-roll-silicone-rolling-machine-horizontal-type\/","title":{"rendered":"\u00d6thengeres szilikon hengerl\u0151g\u00e9p (v\u00edzszintes t\u00edpus) MM-550"},"content":{"rendered":"<div data-elementor-type=\"wp-post\" data-elementor-id=\"2900\" class=\"elementor elementor-2900\" data-elementor-post-type=\"product\">\n\t\t\t\t\t\t<section class=\"elementor-section elementor-top-section elementor-element elementor-element-4deec3a elementor-section-boxed elementor-section-height-default elementor-section-height-default\" data-id=\"4deec3a\" data-element_type=\"section\" data-e-type=\"section\">\n\t\t\t\t\t\t<div class=\"elementor-container elementor-column-gap-default\">\n\t\t\t\t\t<div class=\"elementor-column elementor-col-100 elementor-top-column elementor-element elementor-element-1b8edb6\" data-id=\"1b8edb6\" data-element_type=\"column\" data-e-type=\"column\">\n\t\t\t<div class=\"elementor-widget-wrap elementor-element-populated\">\n\t\t\t\t\t\t<div class=\"elementor-element elementor-element-8d0031b elementor-widget elementor-widget-wp-widget-bcn_widget\" data-id=\"8d0031b\" data-element_type=\"widget\" data-e-type=\"widget\" data-widget_type=\"wp-widget-bcn_widget.default\">\n\t\t\t\t<div class=\"elementor-widget-container\">\n\t\t\t\t\t<div class=\"breadcrumbs\" vocab=\"https:\/\/schema.org\/\" typeof=\"BreadcrumbList\"><!-- Breadcrumb NavXT 7.4.1 -->\n<span property=\"itemListElement\" typeof=\"ListItem\"><a property=\"item\" typeof=\"WebPage\" title=\"L\u00e1togasson el a mechmill.com oldalra.\" href=\"https:\/\/mechmill.com\/hu\" class=\"home\" aria-current=\"page\"><span property=\"name\">Home<\/span><\/a><meta property=\"position\" content=\"1\"><\/span><\/div>\t\t\t\t<\/div>\n\t\t\t\t<\/div>\n\t\t\t\t<div class=\"elementor-element elementor-element-5037658 elementor-widget elementor-widget-heading\" data-id=\"5037658\" data-element_type=\"widget\" data-e-type=\"widget\" data-widget_type=\"heading.default\">\n\t\t\t\t<div class=\"elementor-widget-container\">\n\t\t\t\t\t<h1 class=\"elementor-heading-title elementor-size-default\">\u00d6thengeres szilikon hengerl\u0151g\u00e9p (v\u00edzszintes t\u00edpus) MM-550<\/h1>\t\t\t\t<\/div>\n\t\t\t\t<\/div>\n\t\t\t\t<div class=\"elementor-element elementor-element-67333d7 elementor-widget-divider--view-line_icon elementor-widget-divider--element-align-left elementor-view-default elementor-widget elementor-widget-divider\" data-id=\"67333d7\" data-element_type=\"widget\" data-e-type=\"widget\" data-widget_type=\"divider.default\">\n\t\t\t\t<div class=\"elementor-widget-container\">\n\t\t\t\t\t\t\t<div class=\"elementor-divider\">\n\t\t\t<span class=\"elementor-divider-separator\">\n\t\t\t\t\t\t\t<div class=\"elementor-icon elementor-divider__element\">\n\t\t\t\t\t<i aria-hidden=\"true\" class=\"fas fa-ellipsis-h\"><\/i><\/div>\n\t\t\t\t\t\t<\/span>\n\t\t<\/div>\n\t\t\t\t\t\t<\/div>\n\t\t\t\t<\/div>\n\t\t\t\t<section class=\"elementor-section elementor-inner-section elementor-element elementor-element-7e9048e elementor-section-boxed elementor-section-height-default elementor-section-height-default\" data-id=\"7e9048e\" data-element_type=\"section\" data-e-type=\"section\">\n\t\t\t\t\t\t<div class=\"elementor-container elementor-column-gap-default\">\n\t\t\t\t\t<div class=\"elementor-column elementor-col-50 elementor-inner-column elementor-element elementor-element-5b2efd3\" data-id=\"5b2efd3\" data-element_type=\"column\" data-e-type=\"column\">\n\t\t\t<div class=\"elementor-widget-wrap elementor-element-populated\">\n\t\t\t\t\t\t<div class=\"elementor-element elementor-element-8b03a2b elementor-skin-slideshow elementor-arrows-yes elementor-widget elementor-widget-media-carousel\" data-id=\"8b03a2b\" data-element_type=\"widget\" data-e-type=\"widget\" data-settings=\"{&quot;skin&quot;:&quot;slideshow&quot;,&quot;effect&quot;:&quot;slide&quot;,&quot;show_arrows&quot;:&quot;yes&quot;,&quot;speed&quot;:500,&quot;autoplay&quot;:&quot;yes&quot;,&quot;autoplay_speed&quot;:5000,&quot;loop&quot;:&quot;yes&quot;,&quot;pause_on_hover&quot;:&quot;yes&quot;,&quot;pause_on_interaction&quot;:&quot;yes&quot;,&quot;space_between&quot;:{&quot;unit&quot;:&quot;px&quot;,&quot;size&quot;:10,&quot;sizes&quot;:[]},&quot;space_between_tablet&quot;:{&quot;unit&quot;:&quot;px&quot;,&quot;size&quot;:10,&quot;sizes&quot;:[]},&quot;space_between_mobile&quot;:{&quot;unit&quot;:&quot;px&quot;,&quot;size&quot;:10,&quot;sizes&quot;:[]}}\" data-widget_type=\"media-carousel.default\">\n\t\t\t\t<div class=\"elementor-widget-container\">\n\t\t\t\t\t\t\t\t\t<div class=\"elementor-swiper\">\n\t\t\t\t\t<div class=\"elementor-main-swiper swiper\" role=\"region\" aria-roledescription=\"carousel\" aria-label=\"Slides\">\n\t\t\t\t<div class=\"swiper-wrapper\">\n\t\t\t\t\t\t\t\t\t\t\t<div class=\"swiper-slide\" role=\"group\" aria-roledescription=\"slide\">\n\t\t\t\t\t\t\t\t\t<div class=\"elementor-carousel-image\" role=\"img\" aria-label=\"\u00d6t hengeres szilikon hengerl\u0151g\u00e9p\" style=\"background-image: url(&#039;https:\/\/mechmill.com\/wp-content\/uploads\/2023\/08\/Five-Roll-Silicone-Rolling-Machine.jpg&#039;)\">\n\n\t\t\t\n\t\t\t\t\t<\/div>\n\t\t\t\t\t\t\t\t<\/div>\n\t\t\t\t\t\t\t\t\t<\/div>\n\t\t\t\t\t\t\t<\/div>\n\t\t\t\t<\/div>\n\t\t\t\t\t\t\t\t<\/div>\n\t\t\t\t<\/div>\n\t\t\t\t\t<\/div>\n\t\t<\/div>\n\t\t\t\t<div class=\"elementor-column elementor-col-50 elementor-inner-column elementor-element elementor-element-cc8ab6c\" data-id=\"cc8ab6c\" data-element_type=\"column\" data-e-type=\"column\">\n\t\t\t<div class=\"elementor-widget-wrap elementor-element-populated\">\n\t\t\t\t\t\t<div class=\"elementor-element elementor-element-fedc3bd elementor-widget elementor-widget-button\" data-id=\"fedc3bd\" data-element_type=\"widget\" data-e-type=\"widget\" data-widget_type=\"button.default\">\n\t\t\t\t<div class=\"elementor-widget-container\">\n\t\t\t\t\t\t\t\t\t<div class=\"elementor-button-wrapper\">\n\t\t\t\t\t<a class=\"elementor-button elementor-button-link elementor-size-sm\" href=\"#enquiry-form\">\n\t\t\t\t\t\t<span class=\"elementor-button-content-wrapper\">\n\t\t\t\t\t\t<span class=\"elementor-button-icon\">\n\t\t\t\t<i aria-hidden=\"true\" class=\"far fa-envelope\"><\/i>\t\t\t<\/span>\n\t\t\t\t\t\t\t\t\t<span class=\"elementor-button-text\">\u00c9rdekl\u0151d\u00e9s<\/span>\n\t\t\t\t\t<\/span>\n\t\t\t\t\t<\/a>\n\t\t\t\t<\/div>\n\t\t\t\t\t\t\t\t<\/div>\n\t\t\t\t<\/div>\n\t\t\t\t\t<\/div>\n\t\t<\/div>\n\t\t\t\t\t<\/div>\n\t\t<\/section>\n\t\t\t\t\t<\/div>\n\t\t<\/div>\n\t\t\t\t\t<\/div>\n\t\t<\/section>\n\t\t\t\t<section class=\"elementor-section elementor-top-section elementor-element elementor-element-c3fff17 elementor-section-content-middle elementor-section-boxed elementor-section-height-default elementor-section-height-default\" data-id=\"c3fff17\" data-element_type=\"section\" data-e-type=\"section\" data-settings=\"{&quot;background_background&quot;:&quot;classic&quot;}\">\n\t\t\t\t\t\t<div class=\"elementor-container elementor-column-gap-default\">\n\t\t\t\t\t<div class=\"elementor-column elementor-col-50 elementor-top-column elementor-element elementor-element-973dfe1\" data-id=\"973dfe1\" data-element_type=\"column\" data-e-type=\"column\">\n\t\t\t<div class=\"elementor-widget-wrap elementor-element-populated\">\n\t\t\t\t\t\t<div class=\"elementor-element elementor-element-b1ef4fc elementor-widget elementor-widget-heading\" data-id=\"b1ef4fc\" data-element_type=\"widget\" data-e-type=\"widget\" data-widget_type=\"heading.default\">\n\t\t\t\t<div class=\"elementor-widget-container\">\n\t\t\t\t\t<span class=\"elementor-heading-title elementor-size-default\">Fedezze fel a folyamat- \u00e9s berendez\u00e9smegold\u00e1sokat most<\/span>\t\t\t\t<\/div>\n\t\t\t\t<\/div>\n\t\t\t\t\t<\/div>\n\t\t<\/div>\n\t\t\t\t<div class=\"elementor-column elementor-col-50 elementor-top-column elementor-element elementor-element-c287812\" data-id=\"c287812\" data-element_type=\"column\" data-e-type=\"column\">\n\t\t\t<div class=\"elementor-widget-wrap elementor-element-populated\">\n\t\t\t\t\t\t<div class=\"elementor-element elementor-element-4bb9933 elementor-align-left elementor-widget elementor-widget-button\" data-id=\"4bb9933\" data-element_type=\"widget\" data-e-type=\"widget\" data-widget_type=\"button.default\">\n\t\t\t\t<div class=\"elementor-widget-container\">\n\t\t\t\t\t\t\t\t\t<div class=\"elementor-button-wrapper\">\n\t\t\t\t\t<a class=\"elementor-button elementor-button-link elementor-size-md\" href=\"https:\/\/mechmill.com\/hu\/kerdezz-meg-egy-szakertot\/\">\n\t\t\t\t\t\t<span class=\"elementor-button-content-wrapper\">\n\t\t\t\t\t\t\t\t\t<span class=\"elementor-button-text\">Besz\u00e9ljen a szak\u00e9rt\u0151vel<\/span>\n\t\t\t\t\t<\/span>\n\t\t\t\t\t<\/a>\n\t\t\t\t<\/div>\n\t\t\t\t\t\t\t\t<\/div>\n\t\t\t\t<\/div>\n\t\t\t\t\t<\/div>\n\t\t<\/div>\n\t\t\t\t\t<\/div>\n\t\t<\/section>\n\t\t\t\t<section class=\"elementor-section elementor-top-section elementor-element elementor-element-2bc38df elementor-section-boxed elementor-section-height-default elementor-section-height-default\" data-id=\"2bc38df\" data-element_type=\"section\" data-e-type=\"section\">\n\t\t\t\t\t\t<div class=\"elementor-container elementor-column-gap-default\">\n\t\t\t\t\t<div class=\"elementor-column elementor-col-100 elementor-top-column elementor-element elementor-element-70c4247\" data-id=\"70c4247\" data-element_type=\"column\" data-e-type=\"column\">\n\t\t\t<div class=\"elementor-widget-wrap elementor-element-populated\">\n\t\t\t\t\t\t<div class=\"elementor-element elementor-element-1ff9e5f elementor-widget elementor-widget-heading\" data-id=\"1ff9e5f\" data-element_type=\"widget\" data-e-type=\"widget\" data-widget_type=\"heading.default\">\n\t\t\t\t<div class=\"elementor-widget-container\">\n\t\t\t\t\t<h3 class=\"elementor-heading-title elementor-size-default\">Jellemz\u0151<\/h3>\t\t\t\t<\/div>\n\t\t\t\t<\/div>\n\t\t\t\t<div class=\"elementor-element elementor-element-7bdb374 elementor-widget elementor-widget-text-editor\" data-id=\"7bdb374\" data-element_type=\"widget\" data-e-type=\"widget\" data-widget_type=\"text-editor.default\">\n\t\t\t\t<div class=\"elementor-widget-container\">\n\t\t\t\t\t\t\t\t\t<ul><li>Alapvet\u0151 etet\u00e9si m\u00f3d: Be\u00e9p\u00edtett adagol\u00f3alap, k\u00e9nyelmes m\u0171k\u00f6dtet\u00e9s, kis helyig\u00e9ny.<\/li><li>T\u00e1pl\u00e1l\u00e1st vez\u00e9rl\u0151 rendszer: M\u00e1gneses porf\u00e9keket haszn\u00e1l a fesz\u00fclts\u00e9gszab\u00e1lyoz\u00f3kkal kombin\u00e1lva az automatikus fesz\u00fclts\u00e9gszab\u00e1lyoz\u00e1s el\u00e9r\u00e9s\u00e9hez, ami munkaer\u0151-megtakar\u00edt\u00e1st eredm\u00e9nyez.<\/li><li>F\u0151 hajt\u00e1sr\u00e9sz: Inverterekkel ell\u00e1tott v\u00e1ltakoz\u00f3 \u00e1ram\u00fa frekvenci\u00e1j\u00fa v\u00e1ltakoz\u00f3\u00e1ram\u00fa motorokat haszn\u00e1l a g\u00f6rd\u00fcl\u00e9si teljes\u00edtm\u00e9ny \u00e1tvitel\u00e9re. Az egyes tekercsek f\u00fcggetlen sebess\u00e9gszab\u00e1lyoz\u00e1sa alkalmazkodik a k\u00fcl\u00f6nb\u00f6z\u0151 vastags\u00e1g\u00fa term\u00e9kek hat\u00e9kony el\u0151\u00e1ll\u00edt\u00e1s\u00e1hoz, mik\u00f6zben biztos\u00edtja a term\u00e9kmin\u0151s\u00e9get, 50%-90% energi\u00e1t takar\u00edt meg.<\/li><li>A\/B\/C tengelybe\u00e1ll\u00edt\u00e1s: prec\u00edzi\u00f3s reduktorokat + prec\u00edzi\u00f3s csavarokat haszn\u00e1l a tekercsr\u00e9s k\u00f6nny\u0171 be\u00e1ll\u00edt\u00e1s\u00e1hoz.<\/li><li>D\/E tengelybe\u00e1ll\u00edt\u00e1s: Digit\u00e1lis kijelz\u0151k\u00e9sz\u00fcl\u00e9keket, prec\u00edzi\u00f3s elmozdul\u00e1s\u00e9rz\u00e9kel\u0151ket + prec\u00edzi\u00f3s digit\u00e1lis kijelz\u0151ket haszn\u00e1l, amelyek a g\u00f6rd\u00fcl\u00e9si vastags\u00e1g egy\u00e9rtelm\u0171 megjelen\u00edt\u00e9s\u00e9t biztos\u00edtj\u00e1k.<\/li><\/ul>\t\t\t\t\t\t\t\t<\/div>\n\t\t\t\t<\/div>\n\t\t\t\t<div class=\"elementor-element elementor-element-d1f723f elementor-widget elementor-widget-heading\" data-id=\"d1f723f\" data-element_type=\"widget\" data-e-type=\"widget\" data-widget_type=\"heading.default\">\n\t\t\t\t<div class=\"elementor-widget-container\">\n\t\t\t\t\t<h3 class=\"elementor-heading-title elementor-size-default\">Specifik\u00e1ci\u00f3<\/h3>\t\t\t\t<\/div>\n\t\t\t\t<\/div>\n\t\t\t\t<div class=\"elementor-element elementor-element-2eb90da elementor-widget elementor-widget-shortcode\" data-id=\"2eb90da\" data-element_type=\"widget\" data-e-type=\"widget\" data-widget_type=\"shortcode.default\">\n\t\t\t\t<div class=\"elementor-widget-container\">\n\t\t\t\t\t\t\t<div class=\"elementor-shortcode\">\n<table id=\"tablepress-32\" class=\"tablepress tablepress-id-32\">\n<thead>\n<tr class=\"row-1\">\n\t<th class=\"column-1\">Modell<\/th><th class=\"column-2\">MM-550<\/th><th class=\"column-3\">MM-750<\/th>\n<\/tr>\n<\/thead>\n<tbody class=\"row-striping row-hover\">\n<tr class=\"row-2\">\n\t<td class=\"column-1\">G\u00f6rg\u0151 \u00e1tm\u00e9r\u0151je<\/td><td class=\"column-2\">\u03a6240 mm<\/td><td class=\"column-3\">\u03a6240 mm<\/td>\n<\/tr>\n<tr class=\"row-3\">\n\t<td class=\"column-1\">Hat\u00e9kony sz\u00e9less\u00e9g<\/td><td class=\"column-2\">420 mm<\/td><td class=\"column-3\">620 mm<\/td>\n<\/tr>\n<tr class=\"row-4\">\n\t<td class=\"column-1\">Vastags\u00e1g tartom\u00e1ny<\/td><td class=\"column-2\">0,1-5 mm<\/td><td class=\"column-3\">0,1-5 mm<\/td>\n<\/tr>\n<tr class=\"row-5\">\n\t<td class=\"column-1\">Kil\u00f6v\u00e9si pontoss\u00e1g<\/td><td class=\"column-2\">0,1\u00b10,015 mm<\/td><td class=\"column-3\">0,1\u00b10,015 mm<\/td>\n<\/tr>\n<tr class=\"row-6\">\n\t<td class=\"column-1\">Maxim\u00e1lis film\u00e1tm\u00e9r\u0151<\/td><td class=\"column-2\">\u03a6400 mm<\/td><td class=\"column-3\">\u03a6400 mm<\/td>\n<\/tr>\n<tr class=\"row-7\">\n\t<td class=\"column-1\">Teljes teljes\u00edtm\u00e9ny<\/td><td class=\"column-2\">8 KW<\/td><td class=\"column-3\">10,5 KW<\/td>\n<\/tr>\n<tr class=\"row-8\">\n\t<td class=\"column-1\">Teljes s\u00faly<\/td><td class=\"column-2\">1550 KG<\/td><td class=\"column-3\">2050 KG<\/td>\n<\/tr>\n<tr class=\"row-9\">\n\t<td class=\"column-1\">T\u00e1pegys\u00e9g<\/td><td class=\"column-2\">AC380V<\/td><td class=\"column-3\">AC380V<\/td>\n<\/tr>\n<tr class=\"row-10\">\n\t<td class=\"column-1\">M\u00e9retek<\/td><td class=\"column-2\">2050X1300X2000<\/td><td class=\"column-3\">2050X1500X2000<\/td>\n<\/tr>\n<\/tbody>\n<\/table>\n<!-- #tablepress-32 from cache --><\/div>\n\t\t\t\t\t\t<\/div>\n\t\t\t\t<\/div>\n\t\t\t\t<div class=\"elementor-element elementor-element-9bb8e05 elementor-widget elementor-widget-heading\" data-id=\"9bb8e05\" data-element_type=\"widget\" data-e-type=\"widget\" data-widget_type=\"heading.default\">\n\t\t\t\t<div class=\"elementor-widget-container\">\n\t\t\t\t\t<h3 class=\"elementor-heading-title elementor-size-default\">Ipari alkalmaz\u00e1s<\/h3>\t\t\t\t<\/div>\n\t\t\t\t<\/div>\n\t\t\t\t<div class=\"elementor-element elementor-element-2e7e46a elementor-widget elementor-widget-text-editor\" data-id=\"2e7e46a\" data-element_type=\"widget\" data-e-type=\"widget\" data-widget_type=\"text-editor.default\">\n\t\t\t\t<div class=\"elementor-widget-container\">\n\t\t\t\t\t\t\t\t\t<p>Alkalmas szil\u00e1rd h\u0151vezet\u0151 szilikonlapokhoz, szilikon p\u00e1rn\u00e1khoz, KE951 \u00e9s vezet\u0151 szilikonlapokhoz.<\/p>\t\t\t\t\t\t\t\t<\/div>\n\t\t\t\t<\/div>\n\t\t\t\t<div class=\"elementor-element elementor-element-eee6f81 elementor-widget elementor-widget-heading\" data-id=\"eee6f81\" data-element_type=\"widget\" data-e-type=\"widget\" id=\"enquiry-form\" data-widget_type=\"heading.default\">\n\t\t\t\t<div class=\"elementor-widget-container\">\n\t\t\t\t\t<h3 class=\"elementor-heading-title elementor-size-default\">\u00c9rdekl\u0151d\u00e9s<\/h3>\t\t\t\t<\/div>\n\t\t\t\t<\/div>\n\t\t\t\t<div class=\"elementor-element elementor-element-a72ff16 elementor-widget elementor-widget-shortcode\" data-id=\"a72ff16\" data-element_type=\"widget\" data-e-type=\"widget\" data-widget_type=\"shortcode.default\">\n\t\t\t\t<div class=\"elementor-widget-container\">\n\t\t\t\t\t\t\t<div class=\"elementor-shortcode\">\n<div class=\"wpcf7 no-js\" id=\"wpcf7-f483-o1\" lang=\"en-US\" dir=\"ltr\" data-wpcf7-id=\"483\">\n<div class=\"screen-reader-response\"><p role=\"status\" aria-live=\"polite\" aria-atomic=\"true\"><\/p> <ul><\/ul><\/div>\n<form action=\"\/hu\/wp-json\/wp\/v2\/product\/2900#wpcf7-f483-o1\" method=\"post\" class=\"wpcf7-form init\" aria-label=\"Contact form\" novalidate=\"novalidate\" data-status=\"init\" data-trp-original-action=\"\/hu\/wp-json\/wp\/v2\/product\/2900#wpcf7-f483-o1\">\n<fieldset class=\"hidden-fields-container\"><input type=\"hidden\" name=\"_wpcf7\" value=\"483\" \/><input type=\"hidden\" name=\"_wpcf7_version\" value=\"6.1.5\" \/><input type=\"hidden\" name=\"_wpcf7_locale\" value=\"en_US\" \/><input type=\"hidden\" name=\"_wpcf7_unit_tag\" value=\"wpcf7-f483-o1\" \/><input type=\"hidden\" name=\"_wpcf7_container_post\" value=\"0\" \/><input type=\"hidden\" name=\"_wpcf7_posted_data_hash\" value=\"\" \/>\n<\/fieldset>\n<div class=\"one-half form-content\">\n\t<p><label><span class=\"wpcf7-form-control-wrap\" data-name=\"your-name\"><input size=\"40\" maxlength=\"400\" class=\"wpcf7-form-control wpcf7-text\" autocomplete=\"name\" aria-invalid=\"false\" placeholder=\"Az \u00d6n neve\" value=\"\" type=\"text\" name=\"your-name\" \/><\/span><\/label>\n\t<\/p>\n<\/div>\n<div class=\"one-half form-content\">\n\t<p><label><span class=\"wpcf7-form-control-wrap\" data-name=\"your-email\"><input size=\"40\" maxlength=\"400\" class=\"wpcf7-form-control wpcf7-email wpcf7-validates-as-required wpcf7-text wpcf7-validates-as-email\" autocomplete=\"email\" aria-required=\"true\" aria-invalid=\"false\" placeholder=\"Az \u00d6n e-mail c\u00edme*\" value=\"\" type=\"email\" name=\"your-email\" \/><\/span><\/label>\n\t<\/p>\n<\/div>\n<div class=\"one form-content\">\n\t<p><label><span class=\"wpcf7-form-control-wrap\" data-name=\"your-subject\"><input size=\"40\" maxlength=\"400\" class=\"wpcf7-form-control wpcf7-text\" aria-invalid=\"false\" placeholder=\"T\u00e1rgy:\" value=\"\" type=\"text\" name=\"your-subject\" \/><\/span><\/label>\n\t<\/p>\n<\/div>\n<div class=\"one form-content\">\n\t<p><label><span class=\"wpcf7-form-control-wrap\" data-name=\"your-message\"><textarea cols=\"40\" rows=\"2\" maxlength=\"2000\" class=\"wpcf7-form-control wpcf7-textarea wpcf7-validates-as-required\" aria-required=\"true\" aria-invalid=\"false\" placeholder=\"\u00dczenet*\" name=\"your-message\"><\/textarea><\/span><\/label>\n\t<\/p>\n<\/div>\n<p><input class=\"wpcf7-form-control wpcf7-submit has-spinner\" type=\"submit\" value=\"K\u00fcldje be a\" \/><br \/>\n<script>\ndocument.addEventListener( 'wpcf7mailsent', function( event ) {\n location = 'https:\/\/mechmill.com\/thank-you\/';\n}, false );\n<\/script>\n<\/p><div class=\"wpcf7-response-output\" aria-hidden=\"true\"><\/div>\n<input type=\"hidden\" name=\"trp-form-language\" value=\"hu\"\/><\/form>\n<\/div>\n<\/div>\n\t\t\t\t\t\t<\/div>\n\t\t\t\t<\/div>\n\t\t\t\t\t<\/div>\n\t\t<\/div>\n\t\t\t\t\t<\/div>\n\t\t<\/section>\n\t\t\t\t<section class=\"elementor-section elementor-top-section elementor-element elementor-element-1df9cf4 elementor-section-boxed elementor-section-height-default elementor-section-height-default\" data-id=\"1df9cf4\" data-element_type=\"section\" data-e-type=\"section\">\n\t\t\t\t\t\t<div class=\"elementor-container elementor-column-gap-default\">\n\t\t\t\t\t<div class=\"elementor-column elementor-col-100 elementor-top-column elementor-element elementor-element-8b91868\" data-id=\"8b91868\" data-element_type=\"column\" data-e-type=\"column\">\n\t\t\t<div class=\"elementor-widget-wrap elementor-element-populated\">\n\t\t\t\t\t\t<section class=\"elementor-section elementor-inner-section elementor-element elementor-element-69843cf elementor-section-boxed elementor-section-height-default elementor-section-height-default\" data-id=\"69843cf\" data-element_type=\"section\" data-e-type=\"section\">\n\t\t\t\t\t\t<div class=\"elementor-container elementor-column-gap-default\">\n\t\t\t\t\t<div class=\"elementor-column elementor-col-50 elementor-inner-column elementor-element elementor-element-054145e\" data-id=\"054145e\" data-element_type=\"column\" data-e-type=\"column\">\n\t\t\t<div class=\"elementor-widget-wrap\">\n\t\t\t\t\t\t\t<\/div>\n\t\t<\/div>\n\t\t\t\t<div class=\"elementor-column elementor-col-50 elementor-inner-column elementor-element elementor-element-3f41aaa\" data-id=\"3f41aaa\" data-element_type=\"column\" data-e-type=\"column\">\n\t\t\t<div class=\"elementor-widget-wrap\">\n\t\t\t\t\t\t\t<\/div>\n\t\t<\/div>\n\t\t\t\t\t<\/div>\n\t\t<\/section>\n\t\t\t\t\t<\/div>\n\t\t<\/div>\n\t\t\t\t\t<\/div>\n\t\t<\/section>\n\t\t\t\t<\/div>","protected":false},"excerpt":{"rendered":"<p>Enquiry Discover Process and Equipment Solutions Now Talk to Expert Feature Basic feeding mode: Integral feeding base, convenient operation, small footprint. Feeding control system: Uses magnetic powder brakes in combination with tension controllers to achieve automatic tension control, saving labor. Main drive section: Utilizes AC variable frequency motors with inverters for rolling power transmission. Independent [&hellip;]<\/p>","protected":false},"author":1,"featured_media":2935,"menu_order":0,"comment_status":"closed","ping_status":"closed","template":"","meta":{"_acf_changed":false,"_seopress_robots_primary_cat":"","_seopress_titles_title":"Five-Roll Silicone Rolling Machine\u00a0- Horizontal Type | Mechmill","_seopress_titles_desc":"Discover precision, efficiency, and adaptability in Five-Roll Silicone Rolling Machine. Ideal for thermal conductive silicone sheets. Explore superior technology now!","_seopress_robots_index":"","site-sidebar-layout":"no-sidebar","site-content-layout":"page-builder","ast-site-content-layout":"default","site-content-style":"default","site-sidebar-style":"default","ast-global-header-display":"","ast-banner-title-visibility":"","ast-main-header-display":"","ast-hfb-above-header-display":"","ast-hfb-below-header-display":"","ast-hfb-mobile-header-display":"","site-post-title":"disabled","ast-breadcrumbs-content":"","ast-featured-img":"disabled","footer-sml-layout":"","theme-transparent-header-meta":"","adv-header-id-meta":"","stick-header-meta":"","header-above-stick-meta":"","header-main-stick-meta":"","header-below-stick-meta":"","astra-migrate-meta-layouts":"default","ast-page-background-enabled":"default","ast-page-background-meta":{"desktop":{"background-color":"var(--ast-global-color-4)","background-image":"","background-repeat":"repeat","background-position":"center center","background-size":"auto","background-attachment":"scroll","background-type":"","background-media":"","overlay-type":"","overlay-color":"","overlay-opacity":"","overlay-gradient":""},"tablet":{"background-color":"","background-image":"","background-repeat":"repeat","background-position":"center center","background-size":"auto","background-attachment":"scroll","background-type":"","background-media":"","overlay-type":"","overlay-color":"","overlay-opacity":"","overlay-gradient":""},"mobile":{"background-color":"","background-image":"","background-repeat":"repeat","background-position":"center center","background-size":"auto","background-attachment":"scroll","background-type":"","background-media":"","overlay-type":"","overlay-color":"","overlay-opacity":"","overlay-gradient":""}},"ast-content-background-meta":{"desktop":{"background-color":"var(--ast-global-color-5)","background-image":"","background-repeat":"repeat","background-position":"center center","background-size":"auto","background-attachment":"scroll","background-type":"","background-media":"","overlay-type":"","overlay-color":"","overlay-opacity":"","overlay-gradient":""},"tablet":{"background-color":"var(--ast-global-color-5)","background-image":"","background-repeat":"repeat","background-position":"center center","background-size":"auto","background-attachment":"scroll","background-type":"","background-media":"","overlay-type":"","overlay-color":"","overlay-opacity":"","overlay-gradient":""},"mobile":{"background-color":"var(--ast-global-color-5)","background-image":"","background-repeat":"repeat","background-position":"center center","background-size":"auto","background-attachment":"scroll","background-type":"","background-media":"","overlay-type":"","overlay-color":"","overlay-opacity":"","overlay-gradient":""}}},"product_category":[22],"product_tag":[69,71],"class_list":["post-2900","product","type-product","status-publish","has-post-thumbnail","hentry","product_category-two-roll-mill","product_tag-plastic-raw-materials","product_tag-rubber"],"acf":[],"_links":{"self":[{"href":"https:\/\/mechmill.com\/hu\/wp-json\/wp\/v2\/product\/2900","targetHints":{"allow":["GET"]}}],"collection":[{"href":"https:\/\/mechmill.com\/hu\/wp-json\/wp\/v2\/product"}],"about":[{"href":"https:\/\/mechmill.com\/hu\/wp-json\/wp\/v2\/types\/product"}],"author":[{"embeddable":true,"href":"https:\/\/mechmill.com\/hu\/wp-json\/wp\/v2\/users\/1"}],"replies":[{"embeddable":true,"href":"https:\/\/mechmill.com\/hu\/wp-json\/wp\/v2\/comments?post=2900"}],"version-history":[{"count":21,"href":"https:\/\/mechmill.com\/hu\/wp-json\/wp\/v2\/product\/2900\/revisions"}],"predecessor-version":[{"id":3617,"href":"https:\/\/mechmill.com\/hu\/wp-json\/wp\/v2\/product\/2900\/revisions\/3617"}],"wp:featuredmedia":[{"embeddable":true,"href":"https:\/\/mechmill.com\/hu\/wp-json\/wp\/v2\/media\/2935"}],"wp:attachment":[{"href":"https:\/\/mechmill.com\/hu\/wp-json\/wp\/v2\/media?parent=2900"}],"wp:term":[{"taxonomy":"product_category","embeddable":true,"href":"https:\/\/mechmill.com\/hu\/wp-json\/wp\/v2\/product_category?post=2900"},{"taxonomy":"product_tag","embeddable":true,"href":"https:\/\/mechmill.com\/hu\/wp-json\/wp\/v2\/product_tag?post=2900"}],"curies":[{"name":"wp","href":"https:\/\/api.w.org\/{rel}","templated":true}]}}