{"id":2,"date":"2023-06-25T01:29:45","date_gmt":"2023-06-25T01:29:45","guid":{"rendered":"https:\/\/mechmill.com\/?page_id=2"},"modified":"2023-11-23T08:33:49","modified_gmt":"2023-11-23T08:33:49","slug":"about-us","status":"publish","type":"page","link":"https:\/\/mechmill.com\/hu\/rolunk\/","title":{"rendered":"R\u00f3lunk"},"content":{"rendered":"<div data-elementor-type=\"wp-page\" data-elementor-id=\"2\" class=\"elementor elementor-2\" data-elementor-post-type=\"page\">\n\t\t\t\t\t\t<section class=\"elementor-section elementor-top-section elementor-element elementor-element-29d5d45 elementor-section-boxed elementor-section-height-default elementor-section-height-default\" data-id=\"29d5d45\" data-element_type=\"section\" data-e-type=\"section\">\n\t\t\t\t\t\t<div class=\"elementor-container elementor-column-gap-default\">\n\t\t\t\t\t<div class=\"elementor-column elementor-col-100 elementor-top-column elementor-element elementor-element-8ae9006\" data-id=\"8ae9006\" data-element_type=\"column\" data-e-type=\"column\">\n\t\t\t<div class=\"elementor-widget-wrap elementor-element-populated\">\n\t\t\t\t\t\t<div class=\"elementor-element elementor-element-403541c elementor-widget elementor-widget-wp-widget-bcn_widget\" data-id=\"403541c\" data-element_type=\"widget\" data-e-type=\"widget\" data-widget_type=\"wp-widget-bcn_widget.default\">\n\t\t\t\t<div class=\"elementor-widget-container\">\n\t\t\t\t\t<div class=\"breadcrumbs\" vocab=\"https:\/\/schema.org\/\" typeof=\"BreadcrumbList\"><!-- Breadcrumb NavXT 7.4.1 -->\n<span property=\"itemListElement\" typeof=\"ListItem\"><a property=\"item\" typeof=\"WebPage\" title=\"L\u00e1togasson el a mechmill.com oldalra.\" href=\"https:\/\/mechmill.com\/hu\" class=\"home\" aria-current=\"page\"><span property=\"name\">Home<\/span><\/a><meta property=\"position\" content=\"1\"><\/span><\/div>\t\t\t\t<\/div>\n\t\t\t\t<\/div>\n\t\t\t\t<div class=\"elementor-element elementor-element-3c8ab3e elementor-widget elementor-widget-heading\" data-id=\"3c8ab3e\" data-element_type=\"widget\" data-e-type=\"widget\" data-widget_type=\"heading.default\">\n\t\t\t\t<div class=\"elementor-widget-container\">\n\t\t\t\t\t<h1 class=\"elementor-heading-title elementor-size-default\">R\u00f3lunk<\/h1>\t\t\t\t<\/div>\n\t\t\t\t<\/div>\n\t\t\t\t<div class=\"elementor-element elementor-element-8cb197e elementor-widget-divider--view-line_icon elementor-widget-divider--element-align-left elementor-view-default elementor-widget elementor-widget-divider\" data-id=\"8cb197e\" data-element_type=\"widget\" data-e-type=\"widget\" data-widget_type=\"divider.default\">\n\t\t\t\t<div class=\"elementor-widget-container\">\n\t\t\t\t\t\t\t<div class=\"elementor-divider\">\n\t\t\t<span class=\"elementor-divider-separator\">\n\t\t\t\t\t\t\t<div class=\"elementor-icon elementor-divider__element\">\n\t\t\t\t\t<i aria-hidden=\"true\" class=\"fas fa-ellipsis-h\"><\/i><\/div>\n\t\t\t\t\t\t<\/span>\n\t\t<\/div>\n\t\t\t\t\t\t<\/div>\n\t\t\t\t<\/div>\n\t\t\t\t<div class=\"elementor-element elementor-element-b9649f8 elementor-widget elementor-widget-image\" data-id=\"b9649f8\" data-element_type=\"widget\" data-e-type=\"widget\" data-widget_type=\"image.default\">\n\t\t\t\t<div class=\"elementor-widget-container\">\n\t\t\t\t\t\t\t\t\t\t\t\t\t\t\t<img fetchpriority=\"high\" decoding=\"async\" width=\"1000\" height=\"413\" src=\"https:\/\/mechmill.com\/wp-content\/uploads\/2023\/08\/Factory.jpg\" class=\"attachment-large size-large wp-image-2532\" alt=\"Gy\u00e1ri\" srcset=\"https:\/\/mechmill.com\/wp-content\/uploads\/2023\/08\/Factory.jpg 1000w, https:\/\/mechmill.com\/wp-content\/uploads\/2023\/08\/Factory-300x124.jpg 300w, https:\/\/mechmill.com\/wp-content\/uploads\/2023\/08\/Factory-768x317.jpg 768w\" sizes=\"(max-width: 1000px) 100vw, 1000px\" \/>\t\t\t\t\t\t\t\t\t\t\t\t\t\t\t<\/div>\n\t\t\t\t<\/div>\n\t\t\t\t<div class=\"elementor-element elementor-element-c2e78ee elementor-widget elementor-widget-text-editor\" data-id=\"c2e78ee\" data-element_type=\"widget\" data-e-type=\"widget\" data-widget_type=\"text-editor.default\">\n\t\t\t\t<div class=\"elementor-widget-container\">\n\t\t\t\t\t\t\t\t\t<h2>Hadd mutatkozzunk be...<\/h2><p>Megalapozott kiv\u00e1l\u00f3s\u00e1g 2010 \u00f3ta:<\/p><p>\u00dcdv\u00f6z\u00f6lj\u00fck a MechMill-n\u00e9l, a prec\u00edzi\u00f3s ipari g\u00e9pek vezet\u0151 gy\u00e1rt\u00f3j\u00e1n\u00e1l, amelynek sz\u00e9khelye a k\u00ednai Dongguanban tal\u00e1lhat\u00f3. T\u00f6bb mint egy \u00e9vtizedes m\u00falttal rendelkez\u00fcnk, \u00e9s innovat\u00edv berendez\u00e9sek, k\u00f6zt\u00fck vulkaniz\u00e1l\u00f3g\u00e9pek, extruderek \u00e9s egy\u00e9b berendez\u00e9sek gy\u00e1rt\u00e1s\u00e1ra szakosodtunk. A precizit\u00e1s \u00e9s a m\u00e9rn\u00f6ki mesteri tud\u00e1s ir\u00e1nti elk\u00f6telezetts\u00e9g\u00fcnk megingathatatlan. Fedezze fel a gy\u00e1rt\u00e1s j\u00f6v\u0151j\u00e9t a MechMill-lel.<\/p><h3>Mi k\u00fcl\u00f6nb\u00f6ztet meg minket?<\/h3><p>A MechMilln\u00e9l a k\u00fcl\u00f6nb\u00f6z\u0151 ipar\u00e1gak ig\u00e9nyeihez igazod\u00f3, kiv\u00e9teles g\u00e9pek gy\u00e1rt\u00e1s\u00e1ra szakosodtunk. Vezet\u0151 gy\u00e1rt\u00f3k\u00e9nt elk\u00f6telezettek vagyunk amellett, hogy cs\u00facsmin\u0151s\u00e9g\u0171 megold\u00e1sokat ny\u00fajtsunk a kiv\u00e1l\u00f3 min\u0151s\u00e9g\u0171 g\u00e9peket keres\u0151 \u00fcgyfelek sz\u00e1m\u00e1ra. Term\u00e9kk\u00edn\u00e1latunk prec\u00edzi\u00f3s g\u00e9pek soksz\u00edn\u0171 v\u00e1laszt\u00e9k\u00e1t foglalja mag\u00e1ban, bele\u00e9rtve a vulkaniz\u00e1l\u00f3 berendez\u00e9seket, kalandereket, laborat\u00f3riumi f\u00fav\u00f3f\u00f3li\u00e1z\u00f3g\u00e9peket, laborat\u00f3riumi extrudereket, laborat\u00f3riumi kever\u0151g\u00e9peket, kisipari hengerm\u0171veket \u00e9s kisipari fr\u00f6ccs\u00f6nt\u0151g\u00e9peket. B\u00fcszk\u00e9n tervezz\u00fck \u00e9s gy\u00e1rtjuk minden g\u00e9p\u00fcnket h\u00e1zon bel\u00fcl, biztos\u00edtva, hogy minden egyes darabon rajta legyen a kiv\u00e1l\u00f3s\u00e1g ir\u00e1nti elk\u00f6telezetts\u00e9g\u00fcnk jele.<\/p><h3>Mit tudunk aj\u00e1nlani \u00d6nnek?<\/h3><p>Az ipar\u00e1gban elt\u00f6lt\u00f6tt t\u00f6bb mint 25 \u00e9v tapasztalat\u00e1val minden egyes projekt\u00fcnkh\u00f6z rengeteg tud\u00e1ssal \u00e9s tapasztalattal rendelkez\u00fcnk. C\u00e9lunk, hogy a legmagasabb min\u0151s\u00e9g\u0171 g\u00e9peket sz\u00e1ll\u00edtsuk, m\u0171szaki szak\u00e9rtelemmel \u00e9s p\u00e1ratlan \u00fcgyf\u00e9lszolg\u00e1lattal t\u00e1mogatva. A MechMilln\u00e9l versenyk\u00e9pes \u00e1rakat tartunk fenn, mik\u00f6zben soha nem k\u00f6t\u00fcnk kompromisszumot az aj\u00e1nlataink min\u0151s\u00e9g\u00e9ben \u00e9s pontoss\u00e1g\u00e1ban. G\u00e9peinkkel egy olyan partnert nyer, aki elk\u00f6telezett az ipari k\u00e9pess\u00e9geinek emel\u00e9se ir\u00e1nt.<\/p><h3>K\u00fcldet\u00e9s\u00fcnk:<\/h3><p>A MechMill k\u00fcldet\u00e9se, hogy olyan ipari berendez\u00e9seket tervezzen, amelyek nem csak megfelelnek, hanem meg is haladj\u00e1k az \u00d6n elv\u00e1r\u00e1sait. Elk\u00f6telezettek vagyunk amellett, hogy az \u00d6n el\u00e9gedetts\u00e9g\u00e9nek m\u00e9rc\u00e9j\u00e9v\u00e9 v\u00e1ljunk a pontosan az \u00d6n ig\u00e9nyeihez szabott g\u00e9pek tervez\u00e9s\u00e9vel \u00e9s l\u00e9trehoz\u00e1s\u00e1val.<\/p><p>Szenved\u00e9lyes csapatunk a MechMilln\u00e9l teljes sz\u00edvvel v\u00e1llalja \u00e9s megtestes\u00edti ezt a k\u00fcldet\u00e9st, \u00e9s biztos\u00edtja, hogy ez vez\u00e9relje mindennapi m\u0171k\u00f6d\u00e9s\u00fcnk minden aspektus\u00e1t.<\/p><p>Csatlakozzon hozz\u00e1nk az innov\u00e1ci\u00f3 \u00e9s a kiv\u00e1l\u00f3s\u00e1g fel\u00e9 vezet\u0151 utunkon. Tapasztalja meg a MechMill k\u00fcl\u00f6nbs\u00e9g\u00e9t - ahol a prec\u00edzi\u00f3s m\u00e9rn\u00f6ki munka tal\u00e1lkozik az \u00fcgyfelek ir\u00e1nti elk\u00f6telezetts\u00e9ggel.<\/p>\t\t\t\t\t\t\t\t<\/div>\n\t\t\t\t<\/div>\n\t\t\t\t\t<\/div>\n\t\t<\/div>\n\t\t\t\t\t<\/div>\n\t\t<\/section>\n\t\t\t\t<\/div>","protected":false},"excerpt":{"rendered":"<p>About Us Let Us Introduce Ourselves&#8230; Established Excellence Since 2010: Welcome to MechMill, a leading manufacturer of precision industrial machinery based in Dongguan, China. With over a decade of legacy, we specialize in crafting innovative equipment, including vulcanization machines, extruders, and more. Our commitment to precision and engineering mastery is unwavering. Explore the future of [&hellip;]<\/p>","protected":false},"author":1,"featured_media":0,"parent":0,"menu_order":0,"comment_status":"closed","ping_status":"open","template":"","meta":{"_acf_changed":false,"_seopress_robots_primary_cat":"","_seopress_titles_title":"About Mechmill - Your Reliable Two Roll Mill Supplier","_seopress_titles_desc":"Learn about Mechmill, a factory specializing in two roll mills. We offer technical expertise, quality, and competitive pricing. Discover our story.","_seopress_robots_index":"","site-sidebar-layout":"no-sidebar","site-content-layout":"page-builder","ast-site-content-layout":"default","site-content-style":"default","site-sidebar-style":"default","ast-global-header-display":"","ast-banner-title-visibility":"","ast-main-header-display":"","ast-hfb-above-header-display":"","ast-hfb-below-header-display":"","ast-hfb-mobile-header-display":"","site-post-title":"disabled","ast-breadcrumbs-content":"","ast-featured-img":"disabled","footer-sml-layout":"","theme-transparent-header-meta":"","adv-header-id-meta":"","stick-header-meta":"","header-above-stick-meta":"","header-main-stick-meta":"","header-below-stick-meta":"","astra-migrate-meta-layouts":"default","ast-page-background-enabled":"default","ast-page-background-meta":{"desktop":{"background-color":"var(--ast-global-color-4)","background-image":"","background-repeat":"repeat","background-position":"center center","background-size":"auto","background-attachment":"scroll","background-type":"","background-media":"","overlay-type":"","overlay-color":"","overlay-opacity":"","overlay-gradient":""},"tablet":{"background-color":"","background-image":"","background-repeat":"repeat","background-position":"center center","background-size":"auto","background-attachment":"scroll","background-type":"","background-media":"","overlay-type":"","overlay-color":"","overlay-opacity":"","overlay-gradient":""},"mobile":{"background-color":"","background-image":"","background-repeat":"repeat","background-position":"center center","background-size":"auto","background-attachment":"scroll","background-type":"","background-media":"","overlay-type":"","overlay-color":"","overlay-opacity":"","overlay-gradient":""}},"ast-content-background-meta":{"desktop":{"background-color":"var(--ast-global-color-5)","background-image":"","background-repeat":"repeat","background-position":"center center","background-size":"auto","background-attachment":"scroll","background-type":"","background-media":"","overlay-type":"","overlay-color":"","overlay-opacity":"","overlay-gradient":""},"tablet":{"background-color":"var(--ast-global-color-5)","background-image":"","background-repeat":"repeat","background-position":"center center","background-size":"auto","background-attachment":"scroll","background-type":"","background-media":"","overlay-type":"","overlay-color":"","overlay-opacity":"","overlay-gradient":""},"mobile":{"background-color":"var(--ast-global-color-5)","background-image":"","background-repeat":"repeat","background-position":"center center","background-size":"auto","background-attachment":"scroll","background-type":"","background-media":"","overlay-type":"","overlay-color":"","overlay-opacity":"","overlay-gradient":""}},"footnotes":""},"class_list":["post-2","page","type-page","status-publish","hentry"],"acf":[],"_links":{"self":[{"href":"https:\/\/mechmill.com\/hu\/wp-json\/wp\/v2\/pages\/2","targetHints":{"allow":["GET"]}}],"collection":[{"href":"https:\/\/mechmill.com\/hu\/wp-json\/wp\/v2\/pages"}],"about":[{"href":"https:\/\/mechmill.com\/hu\/wp-json\/wp\/v2\/types\/page"}],"author":[{"embeddable":true,"href":"https:\/\/mechmill.com\/hu\/wp-json\/wp\/v2\/users\/1"}],"replies":[{"embeddable":true,"href":"https:\/\/mechmill.com\/hu\/wp-json\/wp\/v2\/comments?post=2"}],"version-history":[{"count":94,"href":"https:\/\/mechmill.com\/hu\/wp-json\/wp\/v2\/pages\/2\/revisions"}],"predecessor-version":[{"id":2549,"href":"https:\/\/mechmill.com\/hu\/wp-json\/wp\/v2\/pages\/2\/revisions\/2549"}],"wp:attachment":[{"href":"https:\/\/mechmill.com\/hu\/wp-json\/wp\/v2\/media?parent=2"}],"curies":[{"name":"wp","href":"https:\/\/api.w.org\/{rel}","templated":true}]}}