{"id":216,"date":"2023-06-25T13:38:51","date_gmt":"2023-06-25T13:38:51","guid":{"rendered":"https:\/\/mechmill.com\/?page_id=216"},"modified":"2023-11-23T08:49:22","modified_gmt":"2023-11-23T08:49:22","slug":"engineering-support","status":"publish","type":"page","link":"https:\/\/mechmill.com\/fr\/soutien-a-lingenierie\/","title":{"rendered":"Soutien \u00e0 l'ing\u00e9nierie"},"content":{"rendered":"<div data-elementor-type=\"wp-page\" data-elementor-id=\"216\" class=\"elementor elementor-216\" data-elementor-post-type=\"page\">\n\t\t\t\t\t\t<section class=\"elementor-section elementor-top-section elementor-element elementor-element-45565c5 elementor-section-boxed elementor-section-height-default elementor-section-height-default\" data-id=\"45565c5\" data-element_type=\"section\" data-e-type=\"section\">\n\t\t\t\t\t\t<div class=\"elementor-container elementor-column-gap-default\">\n\t\t\t\t\t<div class=\"elementor-column elementor-col-100 elementor-top-column elementor-element elementor-element-8de9306\" data-id=\"8de9306\" data-element_type=\"column\" data-e-type=\"column\">\n\t\t\t<div class=\"elementor-widget-wrap elementor-element-populated\">\n\t\t\t\t\t\t<div class=\"elementor-element elementor-element-0257999 elementor-widget elementor-widget-wp-widget-bcn_widget\" data-id=\"0257999\" data-element_type=\"widget\" data-e-type=\"widget\" data-widget_type=\"wp-widget-bcn_widget.default\">\n\t\t\t\t<div class=\"elementor-widget-container\">\n\t\t\t\t\t<div class=\"breadcrumbs\" vocab=\"https:\/\/schema.org\/\" typeof=\"BreadcrumbList\"><!-- Breadcrumb NavXT 7.4.1 -->\n<span property=\"itemListElement\" typeof=\"ListItem\"><a property=\"item\" typeof=\"WebPage\" title=\"Consultez le site mechmill.com.\" href=\"https:\/\/mechmill.com\/fr\" class=\"home\" aria-current=\"page\"><span property=\"name\">Accueil<\/span><\/a><meta property=\"position\" content=\"1\"><\/span><\/div>\t\t\t\t<\/div>\n\t\t\t\t<\/div>\n\t\t\t\t<div class=\"elementor-element elementor-element-f5af3af elementor-widget elementor-widget-heading\" data-id=\"f5af3af\" data-element_type=\"widget\" data-e-type=\"widget\" data-widget_type=\"heading.default\">\n\t\t\t\t<div class=\"elementor-widget-container\">\n\t\t\t\t\t<h1 class=\"elementor-heading-title elementor-size-default\">Soutien \u00e0 l'ing\u00e9nierie<\/h1>\t\t\t\t<\/div>\n\t\t\t\t<\/div>\n\t\t\t\t<div class=\"elementor-element elementor-element-90f892c elementor-widget-divider--view-line_icon elementor-widget-divider--element-align-left elementor-view-default elementor-widget elementor-widget-divider\" data-id=\"90f892c\" data-element_type=\"widget\" data-e-type=\"widget\" data-widget_type=\"divider.default\">\n\t\t\t\t<div class=\"elementor-widget-container\">\n\t\t\t\t\t\t\t<div class=\"elementor-divider\">\n\t\t\t<span class=\"elementor-divider-separator\">\n\t\t\t\t\t\t\t<div class=\"elementor-icon elementor-divider__element\">\n\t\t\t\t\t<i aria-hidden=\"true\" class=\"fas fa-ellipsis-h\"><\/i><\/div>\n\t\t\t\t\t\t<\/span>\n\t\t<\/div>\n\t\t\t\t\t\t<\/div>\n\t\t\t\t<\/div>\n\t\t\t\t<section class=\"elementor-section elementor-inner-section elementor-element elementor-element-f10bbb2 elementor-section-boxed elementor-section-height-default elementor-section-height-default\" data-id=\"f10bbb2\" data-element_type=\"section\" data-e-type=\"section\">\n\t\t\t\t\t\t<div class=\"elementor-container elementor-column-gap-wide\">\n\t\t\t\t\t<div class=\"elementor-column elementor-col-100 elementor-inner-column elementor-element elementor-element-d5d80d6\" data-id=\"d5d80d6\" data-element_type=\"column\" data-e-type=\"column\">\n\t\t\t<div class=\"elementor-widget-wrap elementor-element-populated\">\n\t\t\t\t\t\t<div class=\"elementor-element elementor-element-9e1b577 elementor-grid-3 elementor-grid-tablet-2 elementor-grid-mobile-1 elementor-posts--thumbnail-top elementor-widget elementor-widget-posts\" data-id=\"9e1b577\" data-element_type=\"widget\" data-e-type=\"widget\" data-settings=\"{&quot;pagination_type&quot;:&quot;numbers&quot;,&quot;classic_columns&quot;:&quot;3&quot;,&quot;classic_columns_tablet&quot;:&quot;2&quot;,&quot;classic_columns_mobile&quot;:&quot;1&quot;,&quot;classic_row_gap&quot;:{&quot;unit&quot;:&quot;px&quot;,&quot;size&quot;:35,&quot;sizes&quot;:[]},&quot;classic_row_gap_tablet&quot;:{&quot;unit&quot;:&quot;px&quot;,&quot;size&quot;:&quot;&quot;,&quot;sizes&quot;:[]},&quot;classic_row_gap_mobile&quot;:{&quot;unit&quot;:&quot;px&quot;,&quot;size&quot;:&quot;&quot;,&quot;sizes&quot;:[]}}\" data-widget_type=\"posts.classic\">\n\t\t\t\t<div class=\"elementor-widget-container\">\n\t\t\t\t\t\t\t<div class=\"elementor-posts-container elementor-posts elementor-posts--skin-classic elementor-grid\" role=\"list\">\n\t\t\t\t<article class=\"elementor-post elementor-grid-item post-3809 post type-post status-publish format-standard has-post-thumbnail hentry category-blog category-engineering-support\" role=\"listitem\">\n\t\t\t\t<a class=\"elementor-post__thumbnail__link\" href=\"https:\/\/mechmill.com\/fr\/devoiler-la-polyvalence-de-deux-laminoirs-a-grande-vitesse-dans-les-operations-industrielles-2\/\" tabindex=\"-1\" >\n\t\t\t<div class=\"elementor-post__thumbnail\"><img fetchpriority=\"high\" decoding=\"async\" width=\"300\" height=\"300\" src=\"https:\/\/mechmill.com\/wp-content\/uploads\/2023\/06\/Unveiling-the-Versatility-of-Two-High-Rolling-Mills-in-Industrial-Operations-300x300.jpg\" class=\"attachment-medium size-medium wp-image-2962\" alt=\"D\u00e9couvrir la polyvalence des laminoirs \u00e0 deux hauteurs dans les op\u00e9rations industrielles\" srcset=\"https:\/\/mechmill.com\/wp-content\/uploads\/2023\/06\/Unveiling-the-Versatility-of-Two-High-Rolling-Mills-in-Industrial-Operations-300x300.jpg 300w, https:\/\/mechmill.com\/wp-content\/uploads\/2023\/06\/Unveiling-the-Versatility-of-Two-High-Rolling-Mills-in-Industrial-Operations-150x150.jpg 150w, https:\/\/mechmill.com\/wp-content\/uploads\/2023\/06\/Unveiling-the-Versatility-of-Two-High-Rolling-Mills-in-Industrial-Operations-768x768.jpg 768w, https:\/\/mechmill.com\/wp-content\/uploads\/2023\/06\/Unveiling-the-Versatility-of-Two-High-Rolling-Mills-in-Industrial-Operations.jpg 1000w\" sizes=\"(max-width: 300px) 100vw, 300px\" \/><\/div>\n\t\t<\/a>\n\t\t\t\t<div class=\"elementor-post__text\">\n\t\t\t\t<h3 class=\"elementor-post__title\">\n\t\t\t<a href=\"https:\/\/mechmill.com\/fr\/devoiler-la-polyvalence-de-deux-laminoirs-a-grande-vitesse-dans-les-operations-industrielles-2\/\" >\n\t\t\t\tD\u00e9couvrir la polyvalence des laminoirs \u00e0 deux hauteurs dans les op\u00e9rations industrielles\t\t\t<\/a>\n\t\t<\/h3>\n\t\t\t\t<div class=\"elementor-post__excerpt\">\n\t\t\t<p>Le paysage industriel trouve son compagnon fid\u00e8le sous la forme de laminoirs \u00e0 deux hauteurs, un couple dynamique qui combine de mani\u00e8re transparente la rentabilit\u00e9 et une polyvalence in\u00e9gal\u00e9e. Ce discours se penche sur les subtilit\u00e9s des laminoirs \u00e0 deux hauteurs, en \u00e9clairant les points suivants<\/p>\n\t\t<\/div>\n\t\t\n\t\t<a class=\"elementor-post__read-more\" href=\"https:\/\/mechmill.com\/fr\/devoiler-la-polyvalence-de-deux-laminoirs-a-grande-vitesse-dans-les-operations-industrielles-2\/\" aria-label=\"Read more about Unveiling the Versatility of Two-High Rolling Mills in Industrial Operations\" tabindex=\"-1\" >\n\t\t\tLire la suite \"\t\t<\/a>\n\n\t\t\t\t<\/div>\n\t\t\t\t<\/article>\n\t\t\t\t<article class=\"elementor-post elementor-grid-item post-3785 post type-post status-publish format-standard has-post-thumbnail hentry category-blog category-engineering-support\" role=\"listitem\">\n\t\t\t\t<a class=\"elementor-post__thumbnail__link\" href=\"https:\/\/mechmill.com\/fr\/perspectives-du-marche-des-silicones-multidimensionnels-et-orientation-de-levolution-des-calandres-en-silicone\/\" tabindex=\"-1\" >\n\t\t\t<div class=\"elementor-post__thumbnail\"><img decoding=\"async\" width=\"300\" height=\"271\" src=\"https:\/\/mechmill.com\/wp-content\/uploads\/2024\/01\/Multi-dimensional-Silicone-Market-Outlook-and-Silicone-Calender-Upgrade-Direction-300x271.jpg\" class=\"attachment-medium size-medium wp-image-3820\" alt=\"Perspectives du march\u00e9 multidimensionnel des silicones et orientation de la mise \u00e0 niveau des calandres en silicone\" srcset=\"https:\/\/mechmill.com\/wp-content\/uploads\/2024\/01\/Multi-dimensional-Silicone-Market-Outlook-and-Silicone-Calender-Upgrade-Direction-300x271.jpg 300w, https:\/\/mechmill.com\/wp-content\/uploads\/2024\/01\/Multi-dimensional-Silicone-Market-Outlook-and-Silicone-Calender-Upgrade-Direction-1024x927.jpg 1024w, https:\/\/mechmill.com\/wp-content\/uploads\/2024\/01\/Multi-dimensional-Silicone-Market-Outlook-and-Silicone-Calender-Upgrade-Direction-768x695.jpg 768w, https:\/\/mechmill.com\/wp-content\/uploads\/2024\/01\/Multi-dimensional-Silicone-Market-Outlook-and-Silicone-Calender-Upgrade-Direction-1536x1390.jpg 1536w, https:\/\/mechmill.com\/wp-content\/uploads\/2024\/01\/Multi-dimensional-Silicone-Market-Outlook-and-Silicone-Calender-Upgrade-Direction-2048x1853.jpg 2048w\" sizes=\"(max-width: 300px) 100vw, 300px\" \/><\/div>\n\t\t<\/a>\n\t\t\t\t<div class=\"elementor-post__text\">\n\t\t\t\t<h3 class=\"elementor-post__title\">\n\t\t\t<a href=\"https:\/\/mechmill.com\/fr\/perspectives-du-marche-des-silicones-multidimensionnels-et-orientation-de-levolution-des-calandres-en-silicone\/\" >\n\t\t\t\tPerspectives du march\u00e9 multidimensionnel des silicones et orientation de la mise \u00e0 niveau des calandres en silicone\t\t\t<\/a>\n\t\t<\/h3>\n\t\t\t\t<div class=\"elementor-post__excerpt\">\n\t\t\t<p>Introduction Le silicone, un mat\u00e9riau polyvalent et tr\u00e8s performant, gagne progressivement en importance dans diverses industries. Au fur et \u00e0 mesure que la technologie progresse et que les applications se d\u00e9veloppent, les perspectives du march\u00e9 du silicone restent prometteuses. La calandre en silicone, qui est un \u00e9quipement cl\u00e9 de ce march\u00e9, est un \u00e9l\u00e9ment essentiel de la strat\u00e9gie de d\u00e9veloppement de l'entreprise.<\/p>\n\t\t<\/div>\n\t\t\n\t\t<a class=\"elementor-post__read-more\" href=\"https:\/\/mechmill.com\/fr\/perspectives-du-marche-des-silicones-multidimensionnels-et-orientation-de-levolution-des-calandres-en-silicone\/\" aria-label=\"Read more about Multi-dimensional Silicone Market Outlook and Silicone Calender Upgrade Direction\" tabindex=\"-1\" >\n\t\t\tLire la suite \"\t\t<\/a>\n\n\t\t\t\t<\/div>\n\t\t\t\t<\/article>\n\t\t\t\t<article class=\"elementor-post elementor-grid-item post-3660 post type-post status-publish format-standard has-post-thumbnail hentry category-blog category-engineering-support\" role=\"listitem\">\n\t\t\t\t<a class=\"elementor-post__thumbnail__link\" href=\"https:\/\/mechmill.com\/fr\/explorer-le-fonctionnement-interne-des-machines-a-films-coules\/\" tabindex=\"-1\" >\n\t\t\t<div class=\"elementor-post__thumbnail\"><img decoding=\"async\" width=\"300\" height=\"300\" src=\"https:\/\/mechmill.com\/wp-content\/uploads\/2023\/12\/casting-film-machine-detail-300x300.jpg\" class=\"attachment-medium size-medium wp-image-3818\" alt=\"Explorer les rouages des machines \u00e0 films coul\u00e9s\" srcset=\"https:\/\/mechmill.com\/wp-content\/uploads\/2023\/12\/casting-film-machine-detail-300x300.jpg 300w, https:\/\/mechmill.com\/wp-content\/uploads\/2023\/12\/casting-film-machine-detail-150x150.jpg 150w, https:\/\/mechmill.com\/wp-content\/uploads\/2023\/12\/casting-film-machine-detail-768x768.jpg 768w, https:\/\/mechmill.com\/wp-content\/uploads\/2023\/12\/casting-film-machine-detail.jpg 1000w\" sizes=\"(max-width: 300px) 100vw, 300px\" \/><\/div>\n\t\t<\/a>\n\t\t\t\t<div class=\"elementor-post__text\">\n\t\t\t\t<h3 class=\"elementor-post__title\">\n\t\t\t<a href=\"https:\/\/mechmill.com\/fr\/explorer-le-fonctionnement-interne-des-machines-a-films-coules\/\" >\n\t\t\t\tExplorer les rouages des machines \u00e0 films coul\u00e9s\t\t\t<\/a>\n\t\t<\/h3>\n\t\t\t\t<div class=\"elementor-post__excerpt\">\n\t\t\t<p>1. Etapes de fonctionnement de base Chargement du mat\u00e9riau Processus d'extrusion Laminage et formage 2. Composants d'une petite machine \u00e0 film coul\u00e9 de pr\u00e9cision 2.1 Module d'extrusion \u00e0 une vis 2.2 Module de machine auxiliaire d'extrusion Rouleau de laminage Traction Rouleau de traction<\/p>\n\t\t<\/div>\n\t\t\n\t\t<a class=\"elementor-post__read-more\" href=\"https:\/\/mechmill.com\/fr\/explorer-le-fonctionnement-interne-des-machines-a-films-coules\/\" aria-label=\"Read more about Exploring the Inner Workings of Cast Film Machines\" tabindex=\"-1\" >\n\t\t\tLire la suite \"\t\t<\/a>\n\n\t\t\t\t<\/div>\n\t\t\t\t<\/article>\n\t\t\t\t<article class=\"elementor-post elementor-grid-item post-428 post type-post status-publish format-standard has-post-thumbnail hentry category-blog category-engineering-support\" role=\"listitem\">\n\t\t\t\t<a class=\"elementor-post__thumbnail__link\" href=\"https:\/\/mechmill.com\/fr\/devoiler-levolution-et-les-avantages-des-broyeurs-a-deux-cylindres-dans-la-fabrication-industrielle\/\" tabindex=\"-1\" >\n\t\t\t<div class=\"elementor-post__thumbnail\"><img loading=\"lazy\" decoding=\"async\" width=\"300\" height=\"300\" src=\"https:\/\/mechmill.com\/wp-content\/uploads\/2023\/06\/Unveiling-the-Evolution-and-Advantages-of-Two-Roll-Mills-in-Industrial-Manufacturing-300x300.jpg\" class=\"attachment-medium size-medium wp-image-2959\" alt=\"L&#039;\u00e9volution et les avantages des laminoirs \u00e0 deux cylindres dans la fabrication industrielle\" srcset=\"https:\/\/mechmill.com\/wp-content\/uploads\/2023\/06\/Unveiling-the-Evolution-and-Advantages-of-Two-Roll-Mills-in-Industrial-Manufacturing-300x300.jpg 300w, https:\/\/mechmill.com\/wp-content\/uploads\/2023\/06\/Unveiling-the-Evolution-and-Advantages-of-Two-Roll-Mills-in-Industrial-Manufacturing-150x150.jpg 150w, https:\/\/mechmill.com\/wp-content\/uploads\/2023\/06\/Unveiling-the-Evolution-and-Advantages-of-Two-Roll-Mills-in-Industrial-Manufacturing-768x768.jpg 768w, https:\/\/mechmill.com\/wp-content\/uploads\/2023\/06\/Unveiling-the-Evolution-and-Advantages-of-Two-Roll-Mills-in-Industrial-Manufacturing.jpg 1000w\" sizes=\"(max-width: 300px) 100vw, 300px\" \/><\/div>\n\t\t<\/a>\n\t\t\t\t<div class=\"elementor-post__text\">\n\t\t\t\t<h3 class=\"elementor-post__title\">\n\t\t\t<a href=\"https:\/\/mechmill.com\/fr\/devoiler-levolution-et-les-avantages-des-broyeurs-a-deux-cylindres-dans-la-fabrication-industrielle\/\" >\n\t\t\t\tL'\u00e9volution et les avantages des laminoirs \u00e0 deux cylindres dans la fabrication industrielle\t\t\t<\/a>\n\t\t<\/h3>\n\t\t\t\t<div class=\"elementor-post__excerpt\">\n\t\t\t<p>Dans le domaine de la fabrication industrielle, les laminoirs \u00e0 deux cylindres se sont impos\u00e9s comme des outils indispensables pour traiter et fa\u00e7onner une gamme vari\u00e9e de mat\u00e9riaux. Cet article se penche sur le contexte historique, la classification, les caract\u00e9ristiques et les avantages des laminoirs \u00e0 deux cylindres, et met en lumi\u00e8re leur r\u00f4le essentiel dans les processus industriels contemporains.<\/p>\n\t\t<\/div>\n\t\t\n\t\t<a class=\"elementor-post__read-more\" href=\"https:\/\/mechmill.com\/fr\/devoiler-levolution-et-les-avantages-des-broyeurs-a-deux-cylindres-dans-la-fabrication-industrielle\/\" aria-label=\"Read more about Unveiling the Evolution and Advantages of Two Roll Mills in Industrial Manufacturing\" tabindex=\"-1\" >\n\t\t\tLire la suite \"\t\t<\/a>\n\n\t\t\t\t<\/div>\n\t\t\t\t<\/article>\n\t\t\t\t<\/div>\n\t\t\n\t\t\t\t\t\t<\/div>\n\t\t\t\t<\/div>\n\t\t\t\t\t<\/div>\n\t\t<\/div>\n\t\t\t\t\t<\/div>\n\t\t<\/section>\n\t\t\t\t\t<\/div>\n\t\t<\/div>\n\t\t\t\t\t<\/div>\n\t\t<\/section>\n\t\t\t\t<\/div>","protected":false},"excerpt":{"rendered":"<p>Soutien \u00e0 l'ing\u00e9nierie<\/p>","protected":false},"author":1,"featured_media":0,"parent":0,"menu_order":0,"comment_status":"closed","ping_status":"closed","template":"","meta":{"_acf_changed":false,"_seopress_robots_primary_cat":"","_seopress_titles_title":"Mechmill Engineering Support | Precision Solutions for Your Projects","_seopress_titles_desc":"Explore Mechmill&#039;s engineering support services for precision solutions in industrial processes. Our experts are dedicated to enhancing your project&#039;s success.","_seopress_robots_index":"","site-sidebar-layout":"no-sidebar","site-content-layout":"page-builder","ast-site-content-layout":"default","site-content-style":"default","site-sidebar-style":"default","ast-global-header-display":"","ast-banner-title-visibility":"","ast-main-header-display":"","ast-hfb-above-header-display":"","ast-hfb-below-header-display":"","ast-hfb-mobile-header-display":"","site-post-title":"disabled","ast-breadcrumbs-content":"","ast-featured-img":"disabled","footer-sml-layout":"","theme-transparent-header-meta":"","adv-header-id-meta":"","stick-header-meta":"","header-above-stick-meta":"","header-main-stick-meta":"","header-below-stick-meta":"","astra-migrate-meta-layouts":"default","ast-page-background-enabled":"default","ast-page-background-meta":{"desktop":{"background-color":"var(--ast-global-color-4)","background-image":"","background-repeat":"repeat","background-position":"center center","background-size":"auto","background-attachment":"scroll","background-type":"","background-media":"","overlay-type":"","overlay-color":"","overlay-opacity":"","overlay-gradient":""},"tablet":{"background-color":"","background-image":"","background-repeat":"repeat","background-position":"center center","background-size":"auto","background-attachment":"scroll","background-type":"","background-media":"","overlay-type":"","overlay-color":"","overlay-opacity":"","overlay-gradient":""},"mobile":{"background-color":"","background-image":"","background-repeat":"repeat","background-position":"center center","background-size":"auto","background-attachment":"scroll","background-type":"","background-media":"","overlay-type":"","overlay-color":"","overlay-opacity":"","overlay-gradient":""}},"ast-content-background-meta":{"desktop":{"background-color":"var(--ast-global-color-5)","background-image":"","background-repeat":"repeat","background-position":"center center","background-size":"auto","background-attachment":"scroll","background-type":"","background-media":"","overlay-type":"","overlay-color":"","overlay-opacity":"","overlay-gradient":""},"tablet":{"background-color":"var(--ast-global-color-5)","background-image":"","background-repeat":"repeat","background-position":"center center","background-size":"auto","background-attachment":"scroll","background-type":"","background-media":"","overlay-type":"","overlay-color":"","overlay-opacity":"","overlay-gradient":""},"mobile":{"background-color":"var(--ast-global-color-5)","background-image":"","background-repeat":"repeat","background-position":"center center","background-size":"auto","background-attachment":"scroll","background-type":"","background-media":"","overlay-type":"","overlay-color":"","overlay-opacity":"","overlay-gradient":""}},"footnotes":""},"class_list":["post-216","page","type-page","status-publish","hentry"],"acf":[],"_links":{"self":[{"href":"https:\/\/mechmill.com\/fr\/wp-json\/wp\/v2\/pages\/216","targetHints":{"allow":["GET"]}}],"collection":[{"href":"https:\/\/mechmill.com\/fr\/wp-json\/wp\/v2\/pages"}],"about":[{"href":"https:\/\/mechmill.com\/fr\/wp-json\/wp\/v2\/types\/page"}],"author":[{"embeddable":true,"href":"https:\/\/mechmill.com\/fr\/wp-json\/wp\/v2\/users\/1"}],"replies":[{"embeddable":true,"href":"https:\/\/mechmill.com\/fr\/wp-json\/wp\/v2\/comments?post=216"}],"version-history":[{"count":25,"href":"https:\/\/mechmill.com\/fr\/wp-json\/wp\/v2\/pages\/216\/revisions"}],"predecessor-version":[{"id":1385,"href":"https:\/\/mechmill.com\/fr\/wp-json\/wp\/v2\/pages\/216\/revisions\/1385"}],"wp:attachment":[{"href":"https:\/\/mechmill.com\/fr\/wp-json\/wp\/v2\/media?parent=216"}],"curies":[{"name":"wp","href":"https:\/\/api.w.org\/{rel}","templated":true}]}}