{"id":2,"date":"2023-06-25T01:29:45","date_gmt":"2023-06-25T01:29:45","guid":{"rendered":"https:\/\/mechmill.com\/?page_id=2"},"modified":"2023-11-23T08:33:49","modified_gmt":"2023-11-23T08:33:49","slug":"about-us","status":"publish","type":"page","link":"https:\/\/mechmill.com\/fr\/a-propos-de-nous\/","title":{"rendered":"\u00c0 propos de nous"},"content":{"rendered":"<div data-elementor-type=\"wp-page\" data-elementor-id=\"2\" class=\"elementor elementor-2\" data-elementor-post-type=\"page\">\n\t\t\t\t\t\t<section class=\"elementor-section elementor-top-section elementor-element elementor-element-29d5d45 elementor-section-boxed elementor-section-height-default elementor-section-height-default\" data-id=\"29d5d45\" data-element_type=\"section\" data-e-type=\"section\">\n\t\t\t\t\t\t<div class=\"elementor-container elementor-column-gap-default\">\n\t\t\t\t\t<div class=\"elementor-column elementor-col-100 elementor-top-column elementor-element elementor-element-8ae9006\" data-id=\"8ae9006\" data-element_type=\"column\" data-e-type=\"column\">\n\t\t\t<div class=\"elementor-widget-wrap elementor-element-populated\">\n\t\t\t\t\t\t<div class=\"elementor-element elementor-element-403541c elementor-widget elementor-widget-wp-widget-bcn_widget\" data-id=\"403541c\" data-element_type=\"widget\" data-e-type=\"widget\" data-widget_type=\"wp-widget-bcn_widget.default\">\n\t\t\t\t<div class=\"elementor-widget-container\">\n\t\t\t\t\t<div class=\"breadcrumbs\" vocab=\"https:\/\/schema.org\/\" typeof=\"BreadcrumbList\"><!-- Breadcrumb NavXT 7.4.1 -->\n<span property=\"itemListElement\" typeof=\"ListItem\"><a property=\"item\" typeof=\"WebPage\" title=\"Consultez le site mechmill.com.\" href=\"https:\/\/mechmill.com\/fr\" class=\"home\" aria-current=\"page\"><span property=\"name\">Accueil<\/span><\/a><meta property=\"position\" content=\"1\"><\/span><\/div>\t\t\t\t<\/div>\n\t\t\t\t<\/div>\n\t\t\t\t<div class=\"elementor-element elementor-element-3c8ab3e elementor-widget elementor-widget-heading\" data-id=\"3c8ab3e\" data-element_type=\"widget\" data-e-type=\"widget\" data-widget_type=\"heading.default\">\n\t\t\t\t<div class=\"elementor-widget-container\">\n\t\t\t\t\t<h1 class=\"elementor-heading-title elementor-size-default\">\u00c0 propos de nous<\/h1>\t\t\t\t<\/div>\n\t\t\t\t<\/div>\n\t\t\t\t<div class=\"elementor-element elementor-element-8cb197e elementor-widget-divider--view-line_icon elementor-widget-divider--element-align-left elementor-view-default elementor-widget elementor-widget-divider\" data-id=\"8cb197e\" data-element_type=\"widget\" data-e-type=\"widget\" data-widget_type=\"divider.default\">\n\t\t\t\t<div class=\"elementor-widget-container\">\n\t\t\t\t\t\t\t<div class=\"elementor-divider\">\n\t\t\t<span class=\"elementor-divider-separator\">\n\t\t\t\t\t\t\t<div class=\"elementor-icon elementor-divider__element\">\n\t\t\t\t\t<i aria-hidden=\"true\" class=\"fas fa-ellipsis-h\"><\/i><\/div>\n\t\t\t\t\t\t<\/span>\n\t\t<\/div>\n\t\t\t\t\t\t<\/div>\n\t\t\t\t<\/div>\n\t\t\t\t<div class=\"elementor-element elementor-element-b9649f8 elementor-widget elementor-widget-image\" data-id=\"b9649f8\" data-element_type=\"widget\" data-e-type=\"widget\" data-widget_type=\"image.default\">\n\t\t\t\t<div class=\"elementor-widget-container\">\n\t\t\t\t\t\t\t\t\t\t\t\t\t\t\t<img fetchpriority=\"high\" decoding=\"async\" width=\"1000\" height=\"413\" src=\"https:\/\/mechmill.com\/wp-content\/uploads\/2023\/08\/Factory.jpg\" class=\"attachment-large size-large wp-image-2532\" alt=\"Usine\" srcset=\"https:\/\/mechmill.com\/wp-content\/uploads\/2023\/08\/Factory.jpg 1000w, https:\/\/mechmill.com\/wp-content\/uploads\/2023\/08\/Factory-300x124.jpg 300w, https:\/\/mechmill.com\/wp-content\/uploads\/2023\/08\/Factory-768x317.jpg 768w\" sizes=\"(max-width: 1000px) 100vw, 1000px\" \/>\t\t\t\t\t\t\t\t\t\t\t\t\t\t\t<\/div>\n\t\t\t\t<\/div>\n\t\t\t\t<div class=\"elementor-element elementor-element-c2e78ee elementor-widget elementor-widget-text-editor\" data-id=\"c2e78ee\" data-element_type=\"widget\" data-e-type=\"widget\" data-widget_type=\"text-editor.default\">\n\t\t\t\t<div class=\"elementor-widget-container\">\n\t\t\t\t\t\t\t\t\t<h2>Pr\u00e9sentons-nous...<\/h2><p>L'excellence \u00e9tablie depuis 2010 :<\/p><p>Bienvenue chez MechMill, l'un des principaux fabricants de machines industrielles de pr\u00e9cision bas\u00e9 \u00e0 Dongguan, en Chine. Avec plus d'une d\u00e9cennie d'exp\u00e9rience, nous sommes sp\u00e9cialis\u00e9s dans la fabrication d'\u00e9quipements innovants, notamment des machines de vulcanisation, des extrudeuses et bien plus encore. Notre engagement envers la pr\u00e9cision et la ma\u00eetrise de l'ing\u00e9nierie est in\u00e9branlable. Explorez l'avenir de la fabrication avec MechMill.<\/p><h3>Qu'est-ce qui nous distingue ?<\/h3><p>Chez MechMill, nous sommes sp\u00e9cialis\u00e9s dans la fabrication de machines exceptionnelles adapt\u00e9es aux besoins de diverses industries. En tant que fabricant de premier plan, nous nous attachons \u00e0 fournir des solutions de premier ordre aux clients \u00e0 la recherche de machines de haute qualit\u00e9. Notre gamme de produits comprend un large \u00e9ventail de machines de pr\u00e9cision, notamment des \u00e9quipements de vulcanisation, des calandres, des machines de production de films souffl\u00e9s en laboratoire, des extrudeuses de laboratoire, des m\u00e9langeuses de laboratoire, des laminoirs \u00e0 petite \u00e9chelle et des machines de moulage par injection \u00e0 petite \u00e9chelle. Nous sommes fiers de concevoir et de fabriquer toutes nos machines en interne, afin que chaque pi\u00e8ce porte la marque de notre engagement en faveur de l'excellence.<\/p><h3>Que pouvons-nous vous offrir ?<\/h3><p>Avec un h\u00e9ritage de plus de 25 ans dans l'industrie, nous apportons une richesse de connaissances et d'exp\u00e9rience \u00e0 chaque projet que nous entreprenons. Notre objectif est de fournir des machines de la plus haute qualit\u00e9, soutenues par une expertise technique et un service \u00e0 la client\u00e8le in\u00e9gal\u00e9. Chez MechMill, nous maintenons des prix comp\u00e9titifs sans jamais faire de compromis sur la qualit\u00e9 et la pr\u00e9cision de nos produits. Avec nos machines, vous b\u00e9n\u00e9ficiez d'un partenaire qui se consacre \u00e0 l'am\u00e9lioration de vos capacit\u00e9s industrielles.<\/p><h3>Notre mission :<\/h3><p>La mission de MechMill est de concevoir des \u00e9quipements industriels qui non seulement r\u00e9pondent \u00e0 vos attentes, mais les d\u00e9passent. Nous nous engageons \u00e0 devenir votre r\u00e9f\u00e9rence en mati\u00e8re de satisfaction par la conception et la cr\u00e9ation de machines adapt\u00e9es pr\u00e9cis\u00e9ment \u00e0 vos besoins.<\/p><p>L'\u00e9quipe passionn\u00e9e de MechMill adh\u00e8re de tout c\u0153ur \u00e0 cette mission et l'incarne, en veillant \u00e0 ce qu'elle guide tous les aspects de nos activit\u00e9s quotidiennes.<\/p><p>Rejoignez-nous dans notre voyage vers l'innovation et l'excellence. D\u00e9couvrez la diff\u00e9rence MechMill - o\u00f9 l'ing\u00e9nierie de pr\u00e9cision rencontre l'engagement du client.<\/p>\t\t\t\t\t\t\t\t<\/div>\n\t\t\t\t<\/div>\n\t\t\t\t\t<\/div>\n\t\t<\/div>\n\t\t\t\t\t<\/div>\n\t\t<\/section>\n\t\t\t\t<\/div>","protected":false},"excerpt":{"rendered":"<p>About Us Let Us Introduce Ourselves&#8230; Established Excellence Since 2010: Welcome to MechMill, a leading manufacturer of precision industrial machinery based in Dongguan, China. With over a decade of legacy, we specialize in crafting innovative equipment, including vulcanization machines, extruders, and more. Our commitment to precision and engineering mastery is unwavering. Explore the future of [&hellip;]<\/p>","protected":false},"author":1,"featured_media":0,"parent":0,"menu_order":0,"comment_status":"closed","ping_status":"open","template":"","meta":{"_acf_changed":false,"_seopress_robots_primary_cat":"","_seopress_titles_title":"About Mechmill - Your Reliable Two Roll Mill Supplier","_seopress_titles_desc":"Learn about Mechmill, a factory specializing in two roll mills. We offer technical expertise, quality, and competitive pricing. Discover our story.","_seopress_robots_index":"","site-sidebar-layout":"no-sidebar","site-content-layout":"page-builder","ast-site-content-layout":"default","site-content-style":"default","site-sidebar-style":"default","ast-global-header-display":"","ast-banner-title-visibility":"","ast-main-header-display":"","ast-hfb-above-header-display":"","ast-hfb-below-header-display":"","ast-hfb-mobile-header-display":"","site-post-title":"disabled","ast-breadcrumbs-content":"","ast-featured-img":"disabled","footer-sml-layout":"","theme-transparent-header-meta":"","adv-header-id-meta":"","stick-header-meta":"","header-above-stick-meta":"","header-main-stick-meta":"","header-below-stick-meta":"","astra-migrate-meta-layouts":"default","ast-page-background-enabled":"default","ast-page-background-meta":{"desktop":{"background-color":"var(--ast-global-color-4)","background-image":"","background-repeat":"repeat","background-position":"center center","background-size":"auto","background-attachment":"scroll","background-type":"","background-media":"","overlay-type":"","overlay-color":"","overlay-opacity":"","overlay-gradient":""},"tablet":{"background-color":"","background-image":"","background-repeat":"repeat","background-position":"center center","background-size":"auto","background-attachment":"scroll","background-type":"","background-media":"","overlay-type":"","overlay-color":"","overlay-opacity":"","overlay-gradient":""},"mobile":{"background-color":"","background-image":"","background-repeat":"repeat","background-position":"center center","background-size":"auto","background-attachment":"scroll","background-type":"","background-media":"","overlay-type":"","overlay-color":"","overlay-opacity":"","overlay-gradient":""}},"ast-content-background-meta":{"desktop":{"background-color":"var(--ast-global-color-5)","background-image":"","background-repeat":"repeat","background-position":"center center","background-size":"auto","background-attachment":"scroll","background-type":"","background-media":"","overlay-type":"","overlay-color":"","overlay-opacity":"","overlay-gradient":""},"tablet":{"background-color":"var(--ast-global-color-5)","background-image":"","background-repeat":"repeat","background-position":"center center","background-size":"auto","background-attachment":"scroll","background-type":"","background-media":"","overlay-type":"","overlay-color":"","overlay-opacity":"","overlay-gradient":""},"mobile":{"background-color":"var(--ast-global-color-5)","background-image":"","background-repeat":"repeat","background-position":"center center","background-size":"auto","background-attachment":"scroll","background-type":"","background-media":"","overlay-type":"","overlay-color":"","overlay-opacity":"","overlay-gradient":""}},"footnotes":""},"class_list":["post-2","page","type-page","status-publish","hentry"],"acf":[],"_links":{"self":[{"href":"https:\/\/mechmill.com\/fr\/wp-json\/wp\/v2\/pages\/2","targetHints":{"allow":["GET"]}}],"collection":[{"href":"https:\/\/mechmill.com\/fr\/wp-json\/wp\/v2\/pages"}],"about":[{"href":"https:\/\/mechmill.com\/fr\/wp-json\/wp\/v2\/types\/page"}],"author":[{"embeddable":true,"href":"https:\/\/mechmill.com\/fr\/wp-json\/wp\/v2\/users\/1"}],"replies":[{"embeddable":true,"href":"https:\/\/mechmill.com\/fr\/wp-json\/wp\/v2\/comments?post=2"}],"version-history":[{"count":94,"href":"https:\/\/mechmill.com\/fr\/wp-json\/wp\/v2\/pages\/2\/revisions"}],"predecessor-version":[{"id":2549,"href":"https:\/\/mechmill.com\/fr\/wp-json\/wp\/v2\/pages\/2\/revisions\/2549"}],"wp:attachment":[{"href":"https:\/\/mechmill.com\/fr\/wp-json\/wp\/v2\/media?parent=2"}],"curies":[{"name":"wp","href":"https:\/\/api.w.org\/{rel}","templated":true}]}}