{"id":284,"date":"2023-06-25T14:51:21","date_gmt":"2023-06-25T14:51:21","guid":{"rendered":"https:\/\/mechmill.com\/?page_id=284"},"modified":"2023-11-23T08:50:19","modified_gmt":"2023-11-23T08:50:19","slug":"ask-an-expert","status":"publish","type":"page","link":"https:\/\/mechmill.com\/et\/kusi-eksperdilt\/","title":{"rendered":"K\u00fcsige eksperdilt"},"content":{"rendered":"<div data-elementor-type=\"wp-page\" data-elementor-id=\"284\" class=\"elementor elementor-284\" data-elementor-post-type=\"page\">\n\t\t\t\t\t\t<section class=\"elementor-section elementor-top-section elementor-element elementor-element-73e9095 elementor-section-boxed elementor-section-height-default elementor-section-height-default\" data-id=\"73e9095\" data-element_type=\"section\" data-e-type=\"section\">\n\t\t\t\t\t\t<div class=\"elementor-container elementor-column-gap-default\">\n\t\t\t\t\t<div class=\"elementor-column elementor-col-100 elementor-top-column elementor-element elementor-element-6f023ae\" data-id=\"6f023ae\" data-element_type=\"column\" data-e-type=\"column\">\n\t\t\t<div class=\"elementor-widget-wrap elementor-element-populated\">\n\t\t\t\t\t\t<div class=\"elementor-element elementor-element-b013eb5 elementor-widget elementor-widget-wp-widget-bcn_widget\" data-id=\"b013eb5\" data-element_type=\"widget\" data-e-type=\"widget\" data-widget_type=\"wp-widget-bcn_widget.default\">\n\t\t\t\t<div class=\"elementor-widget-container\">\n\t\t\t\t\t<div class=\"breadcrumbs\" vocab=\"https:\/\/schema.org\/\" typeof=\"BreadcrumbList\"><!-- Breadcrumb NavXT 7.4.1 -->\n<span property=\"itemListElement\" typeof=\"ListItem\"><a property=\"item\" typeof=\"WebPage\" title=\"Mine veebilehele mechmill.com.\" href=\"https:\/\/mechmill.com\/et\" class=\"home\" aria-current=\"page\"><span property=\"name\">Kodu<\/span><\/a><meta property=\"position\" content=\"1\"><\/span><\/div>\t\t\t\t<\/div>\n\t\t\t\t<\/div>\n\t\t\t\t<div class=\"elementor-element elementor-element-14964f9 elementor-widget elementor-widget-heading\" data-id=\"14964f9\" data-element_type=\"widget\" data-e-type=\"widget\" data-widget_type=\"heading.default\">\n\t\t\t\t<div class=\"elementor-widget-container\">\n\t\t\t\t\t<h1 class=\"elementor-heading-title elementor-size-default\">K\u00fcsige eksperdilt<\/h1>\t\t\t\t<\/div>\n\t\t\t\t<\/div>\n\t\t\t\t<div class=\"elementor-element elementor-element-bc02fa3 elementor-widget-divider--view-line_icon elementor-widget-divider--element-align-left elementor-view-default elementor-widget elementor-widget-divider\" data-id=\"bc02fa3\" data-element_type=\"widget\" data-e-type=\"widget\" data-widget_type=\"divider.default\">\n\t\t\t\t<div class=\"elementor-widget-container\">\n\t\t\t\t\t\t\t<div class=\"elementor-divider\">\n\t\t\t<span class=\"elementor-divider-separator\">\n\t\t\t\t\t\t\t<div class=\"elementor-icon elementor-divider__element\">\n\t\t\t\t\t<i aria-hidden=\"true\" class=\"fas fa-ellipsis-h\"><\/i><\/div>\n\t\t\t\t\t\t<\/span>\n\t\t<\/div>\n\t\t\t\t\t\t<\/div>\n\t\t\t\t<\/div>\n\t\t\t\t<div class=\"elementor-element elementor-element-18e1736 elementor-widget elementor-widget-text-editor\" data-id=\"18e1736\" data-element_type=\"widget\" data-e-type=\"widget\" data-widget_type=\"text-editor.default\">\n\t\t\t\t<div class=\"elementor-widget-container\">\n\t\t\t\t\t\t\t\t\t<p>MechMill pakub v\u00f5rratuid masinaekspertiise, mis h\u00f5lmavad laia valikut, alates kompaundimisest ja ekstrusioonist kuni kalandreerimise, vormimise ja muuni. Meie kogenud insenerid on valmis abistama, vastates teie p\u00e4ringutele protsesside ja seadmete kohta. Kasutage meie funktsiooni \"K\u00fcsi eksperdilt\", et saada otseseid teadmisi meie spetsialistidelt. Tutvuge meie KKK-dega, et saada p\u00f5hjalikke vastuseid.<\/p><p>MechMill ei paku mitte ainult tipptasemel seadmeid, vaid annab teile ka teadmised teadlike otsuste tegemiseks. Sukelduge meie ressurssidesse, et saavutada optimaalne t\u00e4psus ja suurep\u00e4rane j\u00f5udlus teie tootmisvajaduste puhul.<\/p>\t\t\t\t\t\t\t\t<\/div>\n\t\t\t\t<\/div>\n\t\t\t\t<div class=\"elementor-element elementor-element-4768a2a elementor-widget elementor-widget-shortcode\" data-id=\"4768a2a\" data-element_type=\"widget\" data-e-type=\"widget\" data-widget_type=\"shortcode.default\">\n\t\t\t\t<div class=\"elementor-widget-container\">\n\t\t\t\t\t\t\t<div class=\"elementor-shortcode\">\n<div class=\"wpcf7 no-js\" id=\"wpcf7-f300-o1\" lang=\"en-US\" dir=\"ltr\" data-wpcf7-id=\"300\">\n<div class=\"screen-reader-response\"><p role=\"status\" aria-live=\"polite\" aria-atomic=\"true\"><\/p> <ul><\/ul><\/div>\n<form action=\"\/et\/wp-json\/wp\/v2\/pages\/284#wpcf7-f300-o1\" method=\"post\" class=\"wpcf7-form init\" aria-label=\"Contact form\" novalidate=\"novalidate\" data-status=\"init\" data-trp-original-action=\"\/et\/wp-json\/wp\/v2\/pages\/284#wpcf7-f300-o1\">\n<fieldset class=\"hidden-fields-container\"><input type=\"hidden\" name=\"_wpcf7\" value=\"300\" \/><input type=\"hidden\" name=\"_wpcf7_version\" value=\"6.1.5\" \/><input type=\"hidden\" name=\"_wpcf7_locale\" value=\"en_US\" \/><input type=\"hidden\" name=\"_wpcf7_unit_tag\" value=\"wpcf7-f300-o1\" \/><input type=\"hidden\" name=\"_wpcf7_container_post\" value=\"0\" \/><input type=\"hidden\" name=\"_wpcf7_posted_data_hash\" value=\"\" \/>\n<\/fieldset>\n<div class=\"one-half form-content\">\n\t<lable>\n\t\t<p><span class=\"wpcf7-form-control-wrap\" data-name=\"your-company\"><input size=\"40\" maxlength=\"400\" class=\"wpcf7-form-control wpcf7-text\" autocomplete=\"name\" aria-invalid=\"false\" placeholder=\"Teie ettev\u00f5te\" value=\"\" type=\"text\" name=\"your-company\" \/><\/span>\n\t\t<\/p>\n\t<\/lable>\n<\/div>\n<div class=\"one-half form-content\">\n\t<lable>\n\t\t<p><span class=\"wpcf7-form-control-wrap\" data-name=\"your-name\"><input size=\"40\" maxlength=\"400\" class=\"wpcf7-form-control wpcf7-text\" autocomplete=\"contact\" aria-invalid=\"false\" placeholder=\"Teie nimi\" value=\"\" type=\"text\" name=\"your-name\" \/><\/span>\n\t\t<\/p>\n\t<\/lable>\n<\/div>\n<div class=\"one-half form-content\">\n\t<lable>\n\t\t<p><span class=\"wpcf7-form-control-wrap\" data-name=\"your-email\"><input size=\"40\" maxlength=\"400\" class=\"wpcf7-form-control wpcf7-email wpcf7-validates-as-required wpcf7-text wpcf7-validates-as-email\" autocomplete=\"email\" aria-required=\"true\" aria-invalid=\"false\" placeholder=\"Teie e-post*\" value=\"\" type=\"email\" name=\"your-email\" \/><\/span>\n\t\t<\/p>\n\t<\/lable>\n<\/div>\n<div class=\"one-half form-content\">\n\t<lable>\n\t\t<p><span class=\"wpcf7-form-control-wrap\" data-name=\"your-tel\"><input size=\"40\" maxlength=\"400\" class=\"wpcf7-form-control wpcf7-tel wpcf7-text wpcf7-validates-as-tel\" autocomplete=\"tel\" aria-invalid=\"false\" placeholder=\"Telefoninumber\" value=\"\" type=\"tel\" name=\"your-tel\" \/><\/span>\n\t\t<\/p>\n\t<\/lable>\n<\/div>\n<div class=\"one form-content\">\n\t<lable>\n\t\t<p><span class=\"wpcf7-form-control-wrap\" data-name=\"your-message\"><textarea cols=\"40\" rows=\"4\" maxlength=\"2000\" class=\"wpcf7-form-control wpcf7-textarea wpcf7-validates-as-required\" aria-required=\"true\" aria-invalid=\"false\" placeholder=\"Sisestage oma k\u00fcsimus allpool*\" name=\"your-message\"><\/textarea><\/span>\n\t\t<\/p>\n\t<\/lable>\n<\/div>\n<p><input class=\"wpcf7-form-control wpcf7-submit has-spinner\" type=\"submit\" value=\"Esita\" \/><br \/>\n<script>\ndocument.addEventListener( 'wpcf7mailsent', function( event ) {\n location = 'https:\/\/mechmill.com\/thank-you\/';\n}, false );\n<\/script>\n<\/p><div class=\"wpcf7-response-output\" aria-hidden=\"true\"><\/div>\n<input type=\"hidden\" name=\"trp-form-language\" value=\"et\"\/><\/form>\n<\/div>\n<\/div>\n\t\t\t\t\t\t<\/div>\n\t\t\t\t<\/div>\n\t\t\t\t<div class=\"elementor-element elementor-element-8921a2a elementor-widget elementor-widget-text-editor\" data-id=\"8921a2a\" data-element_type=\"widget\" data-e-type=\"widget\" data-widget_type=\"text-editor.default\">\n\t\t\t\t<div class=\"elementor-widget-container\">\n\t\t\t\t\t\t\t\t\t<p>See sait on kaitstud reCAPTCHA ja Google'i poolt. <a href=\"https:\/\/policies.google.com\/privacy\">Privaatsuspoliitika<\/a> ja <a href=\"https:\/\/policies.google.com\/terms\">Teenuse tingimused<\/a> kohaldatakse.<\/p>\t\t\t\t\t\t\t\t<\/div>\n\t\t\t\t<\/div>\n\t\t\t\t\t<\/div>\n\t\t<\/div>\n\t\t\t\t\t<\/div>\n\t\t<\/section>\n\t\t\t\t<section class=\"elementor-section elementor-top-section elementor-element elementor-element-b4c916f elementor-section-boxed elementor-section-height-default elementor-section-height-default\" data-id=\"b4c916f\" data-element_type=\"section\" data-e-type=\"section\" data-settings=\"{&quot;background_background&quot;:&quot;classic&quot;}\">\n\t\t\t\t\t\t<div class=\"elementor-container elementor-column-gap-default\">\n\t\t\t\t\t<div class=\"elementor-column elementor-col-100 elementor-top-column elementor-element elementor-element-2e68ed1\" data-id=\"2e68ed1\" data-element_type=\"column\" data-e-type=\"column\">\n\t\t\t<div class=\"elementor-widget-wrap elementor-element-populated\">\n\t\t\t\t\t\t<div class=\"elementor-element elementor-element-376758d elementor-widget elementor-widget-heading\" data-id=\"376758d\" data-element_type=\"widget\" data-e-type=\"widget\" data-widget_type=\"heading.default\">\n\t\t\t\t<div class=\"elementor-widget-container\">\n\t\t\t\t\t<h2 class=\"elementor-heading-title elementor-size-default\">Vaata populaarseid k\u00fcsimusi ja vastuseid<\/h2>\t\t\t\t<\/div>\n\t\t\t\t<\/div>\n\t\t\t\t<div class=\"elementor-element elementor-element-ca97951 elementor-widget-divider--view-line_icon elementor-widget-divider--element-align-left elementor-view-default elementor-widget elementor-widget-divider\" data-id=\"ca97951\" data-element_type=\"widget\" data-e-type=\"widget\" data-widget_type=\"divider.default\">\n\t\t\t\t<div class=\"elementor-widget-container\">\n\t\t\t\t\t\t\t<div class=\"elementor-divider\">\n\t\t\t<span class=\"elementor-divider-separator\">\n\t\t\t\t\t\t\t<div class=\"elementor-icon elementor-divider__element\">\n\t\t\t\t\t<i aria-hidden=\"true\" class=\"fas fa-ellipsis-h\"><\/i><\/div>\n\t\t\t\t\t\t<\/span>\n\t\t<\/div>\n\t\t\t\t\t\t<\/div>\n\t\t\t\t<\/div>\n\t\t\t\t<section class=\"elementor-section elementor-inner-section elementor-element elementor-element-e6c8594 elementor-section-boxed elementor-section-height-default elementor-section-height-default\" data-id=\"e6c8594\" data-element_type=\"section\" data-e-type=\"section\" data-settings=\"{&quot;background_background&quot;:&quot;classic&quot;}\">\n\t\t\t\t\t\t<div class=\"elementor-container elementor-column-gap-default\">\n\t\t\t\t\t<div class=\"elementor-column elementor-col-100 elementor-inner-column elementor-element elementor-element-2aae03a\" data-id=\"2aae03a\" data-element_type=\"column\" data-e-type=\"column\">\n\t\t\t<div class=\"elementor-widget-wrap elementor-element-populated\">\n\t\t\t\t\t\t<div class=\"elementor-element elementor-element-f61d70a elementor-widget elementor-widget-heading\" data-id=\"f61d70a\" data-element_type=\"widget\" data-e-type=\"widget\" data-widget_type=\"heading.default\">\n\t\t\t\t<div class=\"elementor-widget-container\">\n\t\t\t\t\t<h3 class=\"elementor-heading-title elementor-size-default\">Kas \u00fcheastmelised rootor\/staator-segistid suudavad toota peeneid dispersioone ja emulsioone, mille osakeste v\u00f5i tilkade suurus on v\u00e4iksemate mikronite juures?\n<\/h3>\t\t\t\t<\/div>\n\t\t\t\t<\/div>\n\t\t\t\t<div class=\"elementor-element elementor-element-003775f elementor-widget elementor-widget-text-editor\" data-id=\"003775f\" data-element_type=\"widget\" data-e-type=\"widget\" data-widget_type=\"text-editor.default\">\n\t\t\t\t<div class=\"elementor-widget-container\">\n\t\t\t\t\t\t\t\t\tJah, tavalised suure nihkega segistid on v\u00f5imelised tootma submikronseid tilkasid v\u00f5i osakesi. Kuid suures osas s\u00f5ltub see ka suuresti koostisest endast. Lisaks segamise intensiivsusele m\u00f5jutavad osakeste v\u00f5i tilkade suuruse v\u00e4hendamist mitmed muud tegurid, sealhulgas toorainete olemuslikud omadused, nende koostoime v\u00f5i keemia, pindaktiivse aine olemasolu ja t\u00fc\u00fcp, t\u00f6\u00f6temperatuur, nihketundlikkus jne. Seet\u00f5ttu saab osakeste suuruse jaotust t\u00e4pselt m\u00e4\u00e4rata ainult segurikatsete abil, mille puhul kasutatakse tegelikke tooraineid ja simuleeritakse v\u00f5imalikult t\u00e4pselt tegelikke protsessiliini tingimusi. Teatud juhtudel v\u00f5ib isegi sama tooraine, mis p\u00e4rineb eri tarnijalt, anda oluliselt erinevaid tulemusi.\n\n\t\t\t\t\t\t\t\t<\/div>\n\t\t\t\t<\/div>\n\t\t\t\t\t<\/div>\n\t\t<\/div>\n\t\t\t\t\t<\/div>\n\t\t<\/section>\n\t\t\t\t<section class=\"elementor-section elementor-inner-section elementor-element elementor-element-4a5b659 elementor-section-boxed elementor-section-height-default elementor-section-height-default\" data-id=\"4a5b659\" data-element_type=\"section\" data-e-type=\"section\" data-settings=\"{&quot;background_background&quot;:&quot;classic&quot;}\">\n\t\t\t\t\t\t<div class=\"elementor-container elementor-column-gap-default\">\n\t\t\t\t\t<div class=\"elementor-column elementor-col-100 elementor-inner-column elementor-element elementor-element-06c7677\" data-id=\"06c7677\" data-element_type=\"column\" data-e-type=\"column\">\n\t\t\t<div class=\"elementor-widget-wrap elementor-element-populated\">\n\t\t\t\t\t\t<div class=\"elementor-element elementor-element-82b0d19 elementor-widget elementor-widget-heading\" data-id=\"82b0d19\" data-element_type=\"widget\" data-e-type=\"widget\" data-widget_type=\"heading.default\">\n\t\t\t\t<div class=\"elementor-widget-container\">\n\t\t\t\t\t<h3 class=\"elementor-heading-title elementor-size-default\">Kas \u00fcheastmelised rootor\/staator-segistid suudavad toota peeneid dispersioone ja emulsioone, mille osakeste v\u00f5i tilkade suurus on v\u00e4iksemate mikronite juures?\n<\/h3>\t\t\t\t<\/div>\n\t\t\t\t<\/div>\n\t\t\t\t<div class=\"elementor-element elementor-element-5abe79b elementor-widget elementor-widget-text-editor\" data-id=\"5abe79b\" data-element_type=\"widget\" data-e-type=\"widget\" data-widget_type=\"text-editor.default\">\n\t\t\t\t<div class=\"elementor-widget-container\">\n\t\t\t\t\t\t\t\t\tJah, tavalised suure nihkega segistid on v\u00f5imelised tootma submikronseid tilkasid v\u00f5i osakesi. Kuid suures osas s\u00f5ltub see ka suuresti koostisest endast. Lisaks segamise intensiivsusele m\u00f5jutavad osakeste v\u00f5i tilkade suuruse v\u00e4hendamist mitmed muud tegurid, sealhulgas toorainete olemuslikud omadused, nende koostoime v\u00f5i keemia, pindaktiivse aine olemasolu ja t\u00fc\u00fcp, t\u00f6\u00f6temperatuur, nihketundlikkus jne. Seet\u00f5ttu saab osakeste suuruse jaotust t\u00e4pselt m\u00e4\u00e4rata ainult segurikatsete abil, mille puhul kasutatakse tegelikke tooraineid ja simuleeritakse v\u00f5imalikult t\u00e4pselt tegelikke protsessiliini tingimusi. Teatud juhtudel v\u00f5ib isegi sama tooraine, mis p\u00e4rineb eri tarnijalt, anda oluliselt erinevaid tulemusi.\n\n\t\t\t\t\t\t\t\t<\/div>\n\t\t\t\t<\/div>\n\t\t\t\t\t<\/div>\n\t\t<\/div>\n\t\t\t\t\t<\/div>\n\t\t<\/section>\n\t\t\t\t<section class=\"elementor-section elementor-inner-section elementor-element elementor-element-e7127fb elementor-section-boxed elementor-section-height-default elementor-section-height-default\" data-id=\"e7127fb\" data-element_type=\"section\" data-e-type=\"section\" data-settings=\"{&quot;background_background&quot;:&quot;classic&quot;}\">\n\t\t\t\t\t\t<div class=\"elementor-container elementor-column-gap-default\">\n\t\t\t\t\t<div class=\"elementor-column elementor-col-100 elementor-inner-column elementor-element elementor-element-8dbbb21\" data-id=\"8dbbb21\" data-element_type=\"column\" data-e-type=\"column\">\n\t\t\t<div class=\"elementor-widget-wrap elementor-element-populated\">\n\t\t\t\t\t\t<div class=\"elementor-element elementor-element-bc696da elementor-widget elementor-widget-heading\" data-id=\"bc696da\" data-element_type=\"widget\" data-e-type=\"widget\" data-widget_type=\"heading.default\">\n\t\t\t\t<div class=\"elementor-widget-container\">\n\t\t\t\t\t<h3 class=\"elementor-heading-title elementor-size-default\">Kas \u00fcheastmelised rootor\/staator-segistid suudavad toota peeneid dispersioone ja emulsioone, mille osakeste v\u00f5i tilkade suurus on v\u00e4iksemate mikronite juures?\n<\/h3>\t\t\t\t<\/div>\n\t\t\t\t<\/div>\n\t\t\t\t<div class=\"elementor-element elementor-element-8c4fd17 elementor-widget elementor-widget-text-editor\" data-id=\"8c4fd17\" data-element_type=\"widget\" data-e-type=\"widget\" data-widget_type=\"text-editor.default\">\n\t\t\t\t<div class=\"elementor-widget-container\">\n\t\t\t\t\t\t\t\t\tJah, tavalised suure nihkega segistid on v\u00f5imelised tootma submikronseid tilkasid v\u00f5i osakesi. Kuid suures osas s\u00f5ltub see ka suuresti koostisest endast. Lisaks segamise intensiivsusele m\u00f5jutavad osakeste v\u00f5i tilkade suuruse v\u00e4hendamist mitmed muud tegurid, sealhulgas toorainete olemuslikud omadused, nende koostoime v\u00f5i keemia, pindaktiivse aine olemasolu ja t\u00fc\u00fcp, t\u00f6\u00f6temperatuur, nihketundlikkus jne. Seet\u00f5ttu saab osakeste suuruse jaotust t\u00e4pselt m\u00e4\u00e4rata ainult segurikatsete abil, mille puhul kasutatakse tegelikke tooraineid ja simuleeritakse v\u00f5imalikult t\u00e4pselt tegelikke protsessiliini tingimusi. Teatud juhtudel v\u00f5ib isegi sama tooraine, mis p\u00e4rineb eri tarnijalt, anda oluliselt erinevaid tulemusi.\n\n\t\t\t\t\t\t\t\t<\/div>\n\t\t\t\t<\/div>\n\t\t\t\t\t<\/div>\n\t\t<\/div>\n\t\t\t\t\t<\/div>\n\t\t<\/section>\n\t\t\t\t<section class=\"elementor-section elementor-inner-section elementor-element elementor-element-5ea46dc elementor-section-boxed elementor-section-height-default elementor-section-height-default\" data-id=\"5ea46dc\" data-element_type=\"section\" data-e-type=\"section\" data-settings=\"{&quot;background_background&quot;:&quot;classic&quot;}\">\n\t\t\t\t\t\t<div class=\"elementor-container elementor-column-gap-default\">\n\t\t\t\t\t<div class=\"elementor-column elementor-col-100 elementor-inner-column elementor-element elementor-element-82a045d\" data-id=\"82a045d\" data-element_type=\"column\" data-e-type=\"column\">\n\t\t\t<div class=\"elementor-widget-wrap elementor-element-populated\">\n\t\t\t\t\t\t<div class=\"elementor-element elementor-element-968c7c9 elementor-widget elementor-widget-heading\" data-id=\"968c7c9\" data-element_type=\"widget\" data-e-type=\"widget\" data-widget_type=\"heading.default\">\n\t\t\t\t<div class=\"elementor-widget-container\">\n\t\t\t\t\t<h3 class=\"elementor-heading-title elementor-size-default\">Kas \u00fcheastmelised rootor\/staator-segistid suudavad toota peeneid dispersioone ja emulsioone, mille osakeste v\u00f5i tilkade suurus on v\u00e4iksemate mikronite juures?\n<\/h3>\t\t\t\t<\/div>\n\t\t\t\t<\/div>\n\t\t\t\t<div class=\"elementor-element elementor-element-4f58a2b elementor-widget elementor-widget-text-editor\" data-id=\"4f58a2b\" data-element_type=\"widget\" data-e-type=\"widget\" data-widget_type=\"text-editor.default\">\n\t\t\t\t<div class=\"elementor-widget-container\">\n\t\t\t\t\t\t\t\t\tJah, tavalised suure nihkega segistid on v\u00f5imelised tootma submikronseid tilkasid v\u00f5i osakesi. Kuid suures osas s\u00f5ltub see ka suuresti koostisest endast. Lisaks segamise intensiivsusele m\u00f5jutavad osakeste v\u00f5i tilkade suuruse v\u00e4hendamist mitmed muud tegurid, sealhulgas toorainete olemuslikud omadused, nende koostoime v\u00f5i keemia, pindaktiivse aine olemasolu ja t\u00fc\u00fcp, t\u00f6\u00f6temperatuur, nihketundlikkus jne. Seet\u00f5ttu saab osakeste suuruse jaotust t\u00e4pselt m\u00e4\u00e4rata ainult segurikatsete abil, mille puhul kasutatakse tegelikke tooraineid ja simuleeritakse v\u00f5imalikult t\u00e4pselt tegelikke protsessiliini tingimusi. Teatud juhtudel v\u00f5ib isegi sama tooraine, mis p\u00e4rineb eri tarnijalt, anda oluliselt erinevaid tulemusi.\n\n\t\t\t\t\t\t\t\t<\/div>\n\t\t\t\t<\/div>\n\t\t\t\t\t<\/div>\n\t\t<\/div>\n\t\t\t\t\t<\/div>\n\t\t<\/section>\n\t\t\t\t\t<\/div>\n\t\t<\/div>\n\t\t\t\t\t<\/div>\n\t\t<\/section>\n\t\t\t\t<\/div>","protected":false},"excerpt":{"rendered":"<p>Ask an Expert At MechMill, we offer unmatched machinery expertise, spanning a wide range from compounding and extrusion to calendaring, molding, and more. Our seasoned engineers are ready to assist, addressing your inquiries about processes and equipment. Utilize our &#8220;Ask an Expert&#8221; feature for direct insights from our specialists. Explore our FAQs for comprehensive answers. [&hellip;]<\/p>","protected":false},"author":1,"featured_media":0,"parent":0,"menu_order":0,"comment_status":"closed","ping_status":"closed","template":"","meta":{"_acf_changed":false,"_seopress_robots_primary_cat":"","_seopress_titles_title":"Ask an Expert | Mechmill Industrial Solutions Guidance","_seopress_titles_desc":"Get expert guidance for your industrial solutions with Mechmill&#039;s &#039;Ask an Expert&#039; service. Our team is ready to assist you in optimizing your processes.","_seopress_robots_index":"","_seopress_analysis_target_kw":"","site-sidebar-layout":"no-sidebar","site-content-layout":"page-builder","ast-site-content-layout":"default","site-content-style":"default","site-sidebar-style":"default","ast-global-header-display":"","ast-banner-title-visibility":"","ast-main-header-display":"","ast-hfb-above-header-display":"","ast-hfb-below-header-display":"","ast-hfb-mobile-header-display":"","site-post-title":"disabled","ast-breadcrumbs-content":"","ast-featured-img":"disabled","footer-sml-layout":"","theme-transparent-header-meta":"","adv-header-id-meta":"","stick-header-meta":"","header-above-stick-meta":"","header-main-stick-meta":"","header-below-stick-meta":"","astra-migrate-meta-layouts":"default","ast-page-background-enabled":"default","ast-page-background-meta":{"desktop":{"background-color":"var(--ast-global-color-4)","background-image":"","background-repeat":"repeat","background-position":"center center","background-size":"auto","background-attachment":"scroll","background-type":"","background-media":"","overlay-type":"","overlay-color":"","overlay-opacity":"","overlay-gradient":""},"tablet":{"background-color":"","background-image":"","background-repeat":"repeat","background-position":"center center","background-size":"auto","background-attachment":"scroll","background-type":"","background-media":"","overlay-type":"","overlay-color":"","overlay-opacity":"","overlay-gradient":""},"mobile":{"background-color":"","background-image":"","background-repeat":"repeat","background-position":"center center","background-size":"auto","background-attachment":"scroll","background-type":"","background-media":"","overlay-type":"","overlay-color":"","overlay-opacity":"","overlay-gradient":""}},"ast-content-background-meta":{"desktop":{"background-color":"var(--ast-global-color-5)","background-image":"","background-repeat":"repeat","background-position":"center center","background-size":"auto","background-attachment":"scroll","background-type":"","background-media":"","overlay-type":"","overlay-color":"","overlay-opacity":"","overlay-gradient":""},"tablet":{"background-color":"var(--ast-global-color-5)","background-image":"","background-repeat":"repeat","background-position":"center center","background-size":"auto","background-attachment":"scroll","background-type":"","background-media":"","overlay-type":"","overlay-color":"","overlay-opacity":"","overlay-gradient":""},"mobile":{"background-color":"var(--ast-global-color-5)","background-image":"","background-repeat":"repeat","background-position":"center center","background-size":"auto","background-attachment":"scroll","background-type":"","background-media":"","overlay-type":"","overlay-color":"","overlay-opacity":"","overlay-gradient":""}},"footnotes":""},"class_list":["post-284","page","type-page","status-publish","hentry"],"acf":[],"_links":{"self":[{"href":"https:\/\/mechmill.com\/et\/wp-json\/wp\/v2\/pages\/284","targetHints":{"allow":["GET"]}}],"collection":[{"href":"https:\/\/mechmill.com\/et\/wp-json\/wp\/v2\/pages"}],"about":[{"href":"https:\/\/mechmill.com\/et\/wp-json\/wp\/v2\/types\/page"}],"author":[{"embeddable":true,"href":"https:\/\/mechmill.com\/et\/wp-json\/wp\/v2\/users\/1"}],"replies":[{"embeddable":true,"href":"https:\/\/mechmill.com\/et\/wp-json\/wp\/v2\/comments?post=284"}],"version-history":[{"count":76,"href":"https:\/\/mechmill.com\/et\/wp-json\/wp\/v2\/pages\/284\/revisions"}],"predecessor-version":[{"id":2434,"href":"https:\/\/mechmill.com\/et\/wp-json\/wp\/v2\/pages\/284\/revisions\/2434"}],"wp:attachment":[{"href":"https:\/\/mechmill.com\/et\/wp-json\/wp\/v2\/media?parent=284"}],"curies":[{"name":"wp","href":"https:\/\/api.w.org\/{rel}","templated":true}]}}