{"id":2,"date":"2023-06-25T01:29:45","date_gmt":"2023-06-25T01:29:45","guid":{"rendered":"https:\/\/mechmill.com\/?page_id=2"},"modified":"2023-11-23T08:33:49","modified_gmt":"2023-11-23T08:33:49","slug":"about-us","status":"publish","type":"page","link":"https:\/\/mechmill.com\/es\/acerca-de-nosotros\/","title":{"rendered":"Qui\u00e9nes somos"},"content":{"rendered":"<div data-elementor-type=\"wp-page\" data-elementor-id=\"2\" class=\"elementor elementor-2\" data-elementor-post-type=\"page\">\n\t\t\t\t\t\t<section class=\"elementor-section elementor-top-section elementor-element elementor-element-29d5d45 elementor-section-boxed elementor-section-height-default elementor-section-height-default\" data-id=\"29d5d45\" data-element_type=\"section\" data-e-type=\"section\">\n\t\t\t\t\t\t<div class=\"elementor-container elementor-column-gap-default\">\n\t\t\t\t\t<div class=\"elementor-column elementor-col-100 elementor-top-column elementor-element elementor-element-8ae9006\" data-id=\"8ae9006\" data-element_type=\"column\" data-e-type=\"column\">\n\t\t\t<div class=\"elementor-widget-wrap elementor-element-populated\">\n\t\t\t\t\t\t<div class=\"elementor-element elementor-element-403541c elementor-widget elementor-widget-wp-widget-bcn_widget\" data-id=\"403541c\" data-element_type=\"widget\" data-e-type=\"widget\" data-widget_type=\"wp-widget-bcn_widget.default\">\n\t\t\t\t<div class=\"elementor-widget-container\">\n\t\t\t\t\t<div class=\"breadcrumbs\" vocab=\"https:\/\/schema.org\/\" typeof=\"BreadcrumbList\"><!-- Breadcrumb NavXT 7.4.1 -->\n<span property=\"itemListElement\" typeof=\"ListItem\"><a property=\"item\" typeof=\"WebPage\" title=\"Visita mechmill.com.\" href=\"https:\/\/mechmill.com\/es\" class=\"home\" aria-current=\"page\"><span property=\"name\">Inicio<\/span><\/a><meta property=\"position\" content=\"1\"><\/span><\/div>\t\t\t\t<\/div>\n\t\t\t\t<\/div>\n\t\t\t\t<div class=\"elementor-element elementor-element-3c8ab3e elementor-widget elementor-widget-heading\" data-id=\"3c8ab3e\" data-element_type=\"widget\" data-e-type=\"widget\" data-widget_type=\"heading.default\">\n\t\t\t\t<div class=\"elementor-widget-container\">\n\t\t\t\t\t<h1 class=\"elementor-heading-title elementor-size-default\">Qui\u00e9nes somos<\/h1>\t\t\t\t<\/div>\n\t\t\t\t<\/div>\n\t\t\t\t<div class=\"elementor-element elementor-element-8cb197e elementor-widget-divider--view-line_icon elementor-widget-divider--element-align-left elementor-view-default elementor-widget elementor-widget-divider\" data-id=\"8cb197e\" data-element_type=\"widget\" data-e-type=\"widget\" data-widget_type=\"divider.default\">\n\t\t\t\t<div class=\"elementor-widget-container\">\n\t\t\t\t\t\t\t<div class=\"elementor-divider\">\n\t\t\t<span class=\"elementor-divider-separator\">\n\t\t\t\t\t\t\t<div class=\"elementor-icon elementor-divider__element\">\n\t\t\t\t\t<i aria-hidden=\"true\" class=\"fas fa-ellipsis-h\"><\/i><\/div>\n\t\t\t\t\t\t<\/span>\n\t\t<\/div>\n\t\t\t\t\t\t<\/div>\n\t\t\t\t<\/div>\n\t\t\t\t<div class=\"elementor-element elementor-element-b9649f8 elementor-widget elementor-widget-image\" data-id=\"b9649f8\" data-element_type=\"widget\" data-e-type=\"widget\" data-widget_type=\"image.default\">\n\t\t\t\t<div class=\"elementor-widget-container\">\n\t\t\t\t\t\t\t\t\t\t\t\t\t\t\t<img fetchpriority=\"high\" decoding=\"async\" width=\"1000\" height=\"413\" src=\"https:\/\/mechmill.com\/wp-content\/uploads\/2023\/08\/Factory.jpg\" class=\"attachment-large size-large wp-image-2532\" alt=\"F\u00e1brica\" srcset=\"https:\/\/mechmill.com\/wp-content\/uploads\/2023\/08\/Factory.jpg 1000w, https:\/\/mechmill.com\/wp-content\/uploads\/2023\/08\/Factory-300x124.jpg 300w, https:\/\/mechmill.com\/wp-content\/uploads\/2023\/08\/Factory-768x317.jpg 768w\" sizes=\"(max-width: 1000px) 100vw, 1000px\" \/>\t\t\t\t\t\t\t\t\t\t\t\t\t\t\t<\/div>\n\t\t\t\t<\/div>\n\t\t\t\t<div class=\"elementor-element elementor-element-c2e78ee elementor-widget elementor-widget-text-editor\" data-id=\"c2e78ee\" data-element_type=\"widget\" data-e-type=\"widget\" data-widget_type=\"text-editor.default\">\n\t\t\t\t<div class=\"elementor-widget-container\">\n\t\t\t\t\t\t\t\t\t<h2>Present\u00e9monos...<\/h2><p>Excelencia consolidada desde 2010:<\/p><p>Bienvenido a MechMill, fabricante l\u00edder de maquinaria industrial de precisi\u00f3n con sede en Dongguan, China. Con m\u00e1s de una d\u00e9cada de legado, nos especializamos en la elaboraci\u00f3n de equipos innovadores, incluyendo m\u00e1quinas de vulcanizaci\u00f3n, extrusoras y m\u00e1s. Nuestro compromiso con la precisi\u00f3n y el dominio de la ingenier\u00eda es inquebrantable. Explore el futuro de la fabricaci\u00f3n con MechMill.<\/p><h3>\u00bfQu\u00e9 nos diferencia?<\/h3><p>En MechMill, nos especializamos en la fabricaci\u00f3n de maquinaria excepcional adaptada a las necesidades de diversas industrias. Como fabricante l\u00edder, nos dedicamos a proporcionar soluciones de primer nivel a los clientes que buscan maquinaria de alta calidad. Nuestra gama de productos abarca una amplia gama de m\u00e1quinas de precisi\u00f3n, incluyendo equipos de vulcanizaci\u00f3n, calandras, m\u00e1quinas de laboratorio de pel\u00edcula soplada, extrusoras de laboratorio, m\u00e1quinas de laboratorio de mezcla, laminadores a peque\u00f1a escala, y m\u00e1quinas de moldeo por inyecci\u00f3n a peque\u00f1a escala. Con orgullo, dise\u00f1amos y fabricamos todas nuestras m\u00e1quinas internamente, garantizando que cada pieza lleve la marca de nuestro compromiso con la excelencia.<\/p><h3>\u00bfQu\u00e9 podemos ofrecerle?<\/h3><p>Con un legado de m\u00e1s de 25 a\u00f1os en el sector, aportamos una gran riqueza de conocimientos y experiencia a cada proyecto que emprendemos. Nuestro objetivo es suministrar m\u00e1quinas de la m\u00e1xima calidad, respaldadas por nuestra experiencia t\u00e9cnica y un servicio de atenci\u00f3n al cliente inigualable. En MechMill, mantenemos precios competitivos sin comprometer nunca la calidad y precisi\u00f3n de nuestra oferta. Con nuestra maquinaria, usted gana un socio dedicado a elevar sus capacidades industriales.<\/p><h3>Nuestra misi\u00f3n:<\/h3><p>La misi\u00f3n de MechMill es dise\u00f1ar equipos industriales que no s\u00f3lo cumplan sus expectativas, sino que las superen. Nos comprometemos a convertirnos en su referente de satisfacci\u00f3n mediante el dise\u00f1o y la creaci\u00f3n de maquinaria adaptada con precisi\u00f3n a sus necesidades.<\/p><p>Nuestro apasionado equipo de MechMill abraza y encarna de todo coraz\u00f3n esta misi\u00f3n, asegur\u00e1ndose de que gu\u00eda todos los aspectos de nuestras operaciones diarias.<\/p><p>\u00danase a nosotros en nuestro viaje hacia la innovaci\u00f3n y la excelencia. Experimente la diferencia de MechMill, donde la ingenier\u00eda de precisi\u00f3n se une al compromiso con el cliente.<\/p>\t\t\t\t\t\t\t\t<\/div>\n\t\t\t\t<\/div>\n\t\t\t\t\t<\/div>\n\t\t<\/div>\n\t\t\t\t\t<\/div>\n\t\t<\/section>\n\t\t\t\t<\/div>","protected":false},"excerpt":{"rendered":"<p>About Us Let Us Introduce Ourselves&#8230; Established Excellence Since 2010: Welcome to MechMill, a leading manufacturer of precision industrial machinery based in Dongguan, China. With over a decade of legacy, we specialize in crafting innovative equipment, including vulcanization machines, extruders, and more. Our commitment to precision and engineering mastery is unwavering. Explore the future of [&hellip;]<\/p>","protected":false},"author":1,"featured_media":0,"parent":0,"menu_order":0,"comment_status":"closed","ping_status":"open","template":"","meta":{"_acf_changed":false,"_seopress_robots_primary_cat":"","_seopress_titles_title":"About Mechmill - Your Reliable Two Roll Mill Supplier","_seopress_titles_desc":"Learn about Mechmill, a factory specializing in two roll mills. We offer technical expertise, quality, and competitive pricing. Discover our story.","_seopress_robots_index":"","_seopress_analysis_target_kw":"","site-sidebar-layout":"no-sidebar","site-content-layout":"page-builder","ast-site-content-layout":"default","site-content-style":"default","site-sidebar-style":"default","ast-global-header-display":"","ast-banner-title-visibility":"","ast-main-header-display":"","ast-hfb-above-header-display":"","ast-hfb-below-header-display":"","ast-hfb-mobile-header-display":"","site-post-title":"disabled","ast-breadcrumbs-content":"","ast-featured-img":"disabled","footer-sml-layout":"","theme-transparent-header-meta":"","adv-header-id-meta":"","stick-header-meta":"","header-above-stick-meta":"","header-main-stick-meta":"","header-below-stick-meta":"","astra-migrate-meta-layouts":"default","ast-page-background-enabled":"default","ast-page-background-meta":{"desktop":{"background-color":"var(--ast-global-color-4)","background-image":"","background-repeat":"repeat","background-position":"center center","background-size":"auto","background-attachment":"scroll","background-type":"","background-media":"","overlay-type":"","overlay-color":"","overlay-opacity":"","overlay-gradient":""},"tablet":{"background-color":"","background-image":"","background-repeat":"repeat","background-position":"center center","background-size":"auto","background-attachment":"scroll","background-type":"","background-media":"","overlay-type":"","overlay-color":"","overlay-opacity":"","overlay-gradient":""},"mobile":{"background-color":"","background-image":"","background-repeat":"repeat","background-position":"center center","background-size":"auto","background-attachment":"scroll","background-type":"","background-media":"","overlay-type":"","overlay-color":"","overlay-opacity":"","overlay-gradient":""}},"ast-content-background-meta":{"desktop":{"background-color":"var(--ast-global-color-5)","background-image":"","background-repeat":"repeat","background-position":"center center","background-size":"auto","background-attachment":"scroll","background-type":"","background-media":"","overlay-type":"","overlay-color":"","overlay-opacity":"","overlay-gradient":""},"tablet":{"background-color":"var(--ast-global-color-5)","background-image":"","background-repeat":"repeat","background-position":"center center","background-size":"auto","background-attachment":"scroll","background-type":"","background-media":"","overlay-type":"","overlay-color":"","overlay-opacity":"","overlay-gradient":""},"mobile":{"background-color":"var(--ast-global-color-5)","background-image":"","background-repeat":"repeat","background-position":"center center","background-size":"auto","background-attachment":"scroll","background-type":"","background-media":"","overlay-type":"","overlay-color":"","overlay-opacity":"","overlay-gradient":""}},"footnotes":""},"class_list":["post-2","page","type-page","status-publish","hentry"],"acf":[],"_links":{"self":[{"href":"https:\/\/mechmill.com\/es\/wp-json\/wp\/v2\/pages\/2","targetHints":{"allow":["GET"]}}],"collection":[{"href":"https:\/\/mechmill.com\/es\/wp-json\/wp\/v2\/pages"}],"about":[{"href":"https:\/\/mechmill.com\/es\/wp-json\/wp\/v2\/types\/page"}],"author":[{"embeddable":true,"href":"https:\/\/mechmill.com\/es\/wp-json\/wp\/v2\/users\/1"}],"replies":[{"embeddable":true,"href":"https:\/\/mechmill.com\/es\/wp-json\/wp\/v2\/comments?post=2"}],"version-history":[{"count":94,"href":"https:\/\/mechmill.com\/es\/wp-json\/wp\/v2\/pages\/2\/revisions"}],"predecessor-version":[{"id":2549,"href":"https:\/\/mechmill.com\/es\/wp-json\/wp\/v2\/pages\/2\/revisions\/2549"}],"wp:attachment":[{"href":"https:\/\/mechmill.com\/es\/wp-json\/wp\/v2\/media?parent=2"}],"curies":[{"name":"wp","href":"https:\/\/api.w.org\/{rel}","templated":true}]}}